{"id":1749,"date":"2026-01-15T09:54:35","date_gmt":"2026-01-15T09:54:35","guid":{"rendered":"https:\/\/vigo-rio.com\/?post_type=product&#038;p=1749"},"modified":"2026-04-01T16:21:52","modified_gmt":"2026-04-01T16:21:52","slug":"fc-korbu-waterfall","status":"publish","type":"product","link":"https:\/\/vigo-rio.com\/en\/product\/fc-korbu-waterfall\/","title":{"rendered":"FC Korbu Wasserfall \/ Korbu Waterfall"},"content":{"rendered":"<p><strong>Kolzov-Platte: &#8222;Wasserfall Korbu&#8220;\u00a0&#8211; (f\u00fcr innere Freiheit und Selbstvertrauen und gezielte Energiearbeit, kl\u00e4rt das Unterbewusstseins und baut Abh\u00e4ngigkeiten aller Art ab)<br \/>\n<\/strong><\/p>\n<p><strong><em>(bei paarweiser Anwendung am besten mit den Platten &#8222;Erwachen der Seele&#8220;, &#8222;Umwandlung&#8220; u.a.)<\/em><br \/>\n<\/strong><\/p>\n<p><strong>&#8211; neueste Version mit 8-Elementen (8 enthaltenen Energiespeicher-Chips)<\/strong><\/p>\n<p><em>Die Platte tr\u00e4gt die russische Aufschrift: \u0412\u041e\u0414\u041e\u041f\u0410\u0414 \u041a\u041e\u0420\u0411\u0423 bzw. auf dem erg\u00e4nzenden Deckblatt: KORBU WATERFALL, CASCADE DE CORBU, KORBU-WASSERFALL<\/em><\/p>\n<p>Die Platte &#8222;Wasserfall Korbu&#8220; aktiviert die vitalen Energien der Organe, hilft sich aus Anbh\u00e4ngigkeiten und S\u00fcchten zu l\u00f6sen und kl\u00e4rt das Unterbewusstsein. Der Energiefluss der Platte kann gezielt auf eine K\u00f6rperstelle oder zu einem Thema gelenkt werden. Die Platte kann dem Anwender zudem wie ein Kompass zeigen, ob er den richtigen Weg im Leben eingeschlagen hat: in Tr\u00e4umen und anschauliche Lebenslektionen erh\u00e4lt man ein Feedback, wenn man gegen die Gesetze des Lebens und des Universums zu wider handelt. So f\u00fchrt die Platte nach und nach zu einem gl\u00fcckvollen Lebenswandel im Einklang mit der Sch\u00f6pfung.<\/p>\n<p><em>Die Aussagen beziehen sich auf alternative Testmethoden wie Meridianenergie-Messungen der Organfunktionskreisl\u00e4ufe nach TCM, Kirlian-Fotografie (EPG\/GDV-Kamera), Oberon, Amsat o.\u00e4. durch den Hersteller &#8222;Planet der Regionen&#8220; und stellen keine medizinische oder auf den physischen K\u00f6rper und dessen Organe bezogenen Aussage im Sinne der westlichen Schulmedizin dar.<\/em><\/p>\n<p><strong>Die Platte ist in diesem Sinne vor allem geeignet f\u00fcr:<\/strong><\/p>\n<ul>\n<li>Kl\u00e4rt das Unterbewusstsein und deckt die Ursachen von Problemen auf, \u00f6ffnet den Zugang zu den Geheimnissen der eigenen Seele, harmonisiert den inneren emotionalen Zustand und die sinnliche Erfahrungswelt des Anwenders, verschiebt und erweitert die Grenzen des Bewusstseins.<\/li>\n<li>Reinigt und heilt die Seele und verleiht ein Gef\u00fchl von Ausgeglichenheit und Best\u00e4ndigkeit; befreit den astralen und mentalen feinstofflichen K\u00f6rper des Anwenders von negativen energetischen Hemmnissen, einschlie\u00dflich solchen aus fr\u00fcheren Inkarnationen.<\/li>\n<li>Hilft dabei, das Karma des Anwenders von angesammelten negativen Energien zu reinigen und verhilft zu mehr Bewusstheit und zu einem besseren Verst\u00e4ndnis f\u00fcr die universellen Gesetze.<\/li>\n<li>Die Platte st\u00e4rkt so das Gef\u00fchl von innerer Freiheit und Selbstvertrauen, st\u00e4rkt Selbstwertgef\u00fchl und Willenskraft und erf\u00fcllt mit kreativer Energie, dynamischer Lebenskraft und Vitalit\u00e4t.<\/li>\n<li>Verleiht die Kraft, mit verschiedenen S\u00fcchten (Alkohol, \u00fcberm\u00e4\u00dfiges Essen, S\u00fc\u00dfigkeiten, Rauchen, Gl\u00fccksspiel, Internet usw.) umzugehen, sich ihrer bewusst zu werden und sie nach und nach aus dem Leben zu entfernen, so hilft sie dabei, allm\u00e4hlich in einen Zustand der Gleichg\u00fcltigkeit gegen\u00fcber der Sucht zu gelangen.<\/li>\n<li>Die Platte aktiviert insgesamt die vitalen Energien der Organe, indem die nat\u00fcrliche gesunde Polarit\u00e4t und die Membranpotentiale wiederhergestellt und die Reflexionspunkte der Organe (Meridian-, Trigger- und Schmerzpunkte) harmonisiert werden &#8211; dies f\u00fchrt zu einem sp\u00fcrbar verbessertem Wohlbefinden.<\/li>\n<li>Gleicht die mentalen und physischen Kr\u00e4fte des Anwenders aus, erweckt den Zugang zu h\u00f6herer Weisheit und h\u00f6herem Wissen.<\/li>\n<li>F\u00fchrt dem Anwender notwendige Energien zu, um das Schwingungsniveau zu erh\u00f6hen; er\u00f6ffnet die Vision neuer M\u00f6glichkeiten, um effektiv mit Lebenssituationen umgehen zu k\u00f6nnen.<\/li>\n<li>Vermittelt feinstoffliche, hohe, g\u00f6ttliche Schwingungen der Gnade, die sich in durchstr\u00f6mendes Gl\u00fcck verwandeln und Herz und Seele mit Freude und Liebe erf\u00fcllen.<\/li>\n<li>Die Platte hilft dabei, die Gesetze des Lebens und des Universums zu respektieren und zu verstehen, dass man sich und seinen Lebensraum (Gemeinschaften und R\u00e4ume) vor negativen Einfl\u00fcssen jedweder Art sch\u00fctzen muss.<\/li>\n<li>Aktiviert das Potenzial f\u00fcr Entwicklung und spirituelles Wachstum, stellt die energetische Anbindung des Anwenders mit der Energie der Erde wieder her und vereint sie mit der Energie des Universums.<\/li>\n<\/ul>\n<p>Auf der Kolzov-Platte &#8222;Wasserfall Korbu&#8220; sind die Informationen des Wasserfalls Korbu gespeichert, der sich Biosph\u00e4renreservat Altai in der N\u00e4he des Telezkoe Sees in der Republik Altai befindet.<\/p>\n<p>TIPP 1: Der Energiefluss der Platte kann auf eine K\u00f6rperstelle oder zu einem Thema gelenkt werden, an der gearbeitet werden soll: Dazu kann man sich den Fluss vorstellen und mental dorthin lenken, man kann aussprechen, woran gearbeitet werden soll (an der Gesundheit, Beziehungen, dem Erreichen bestimmter Leistungen usw.) oder man schreibt es auf und legt es auf die Platte &#8211; oftmals kann man dort, wo die Platte arbeitet, ein Pulsieren im K\u00f6rper versp\u00fcren.<\/p>\n<p>TIPP 2: Die Platte kann sehr gut zum Energetisieren des Wasser f\u00fcr Dusch- und Wannenb\u00e4der zur Reinigung des Organismus verwendet werden.<\/p>\n<p>TIPP 3: Die Platte kann in Kombination mit allen zuvor erschienenen Platten und Armb\u00e4ndern verwendet werden., inbesondere mit: der gesamten Serie GOLD, &#8222;Erwachen der Seele&#8220; (Serie Elite 8-Elemente), &#8222;Unfall-Schutz&#8220;, &#8222;Fortuna&#8220;, &#8222;Schwarzer Berg&#8220;, &#8222;Heilung 1&#8220; (Serie Effizient), &#8222;F\u00fclle und Erfolg&#8220;, &#8222;Wahrhaftige Liebe&#8220;, &#8222;Generationen&#8220; (Serie Gr\u00fcn), &#8222;Frieden&#8220;, Triumph des Seins&#8220;, &#8222;Kolzovs Lichtgeschenk&#8220;, &#8222;Gold der W\u00fcste Gobi&#8220;, Silberner Quell&#8220;, Energien des Gelingens&#8220;, &#8222;Indi&#8220;, &#8222;Wohlstand&#8220;, &#8222;Kraft des Geistes&#8220;, &#8222;Transformation&#8220;, &#8222;Fr\u00fchling des Lebens&#8220;, &#8222;Quelle vom erhabenen Berg&#8220;, &#8222;Himmlische F\u00fcrbitte&#8220; (Serie Elite), &#8222;Befreier&#8220; (Winterserie 2020) und den Armb\u00e4ndern &#8222;Gesundheits-Navigator&#8220;, &#8222;Amulett&#8220;, &#8222;\u00dcberwindung&#8220;, &#8222;Kraft des Lichts&#8220;.<\/p>\n<p>ZUR BEACHTUNG: Bei dieser Platte sollte das Wasser zum Energetisieren mindestens 12 Minuten lang darauf gestellt werden.<\/p>\n<p><em><u>Ergebnis im LIFE-TEST:\u00a0<\/u>Die Kolzov-Platte &#8222;Wasserfall Korbu&#8220; hat ein neutrales Energiefeld mit 40 000 Bovis. Damit aktiviert sie das Herz- und Solarplexus-Chakra auf 40 000 Bovis. Das Kronen-Chakra steigt auf ebenfalls hohe 35 000 Bovis. Das Stirn-Chakra steigt auf 28 000 Bovis, das Hals-Chakra auf 21 000 Bovis und die beiden unteren Chakras, Wurzel-Chakra und Blase-\/Sexual-Chakra, verdoppeln ihre Energie auf 14 000 Bovis. Durch die Aufladung der Chakras w\u00e4chst der bioenergetische Reaktionsabstand von zirka 75 Zentimetern um den K\u00f6rper auf 1,90 Meter.<\/em><\/p>\n<p><em><br \/>\n<strong>Wichtiger Hinweis:<br \/>\nWir weisen ausdr\u00fccklich darauf hin, dass die Kolzov-Platte (russische Bezeichnung: &#8222;Korrektoren des funktionalen Zustands&#8220;) ein alternatives Energie- und Informationsprodukt ist und kein Heilmittel im Sinne der westlichen Schulmedizin. Vielmehr ist es ein rein energetisches Hilfsmittel zur ganzheitlichen Balancierung von energetischen Disharmonien und Blockaden. Informationen \u00fcber Qualit\u00e4t und Eigenschaften des Energieobjekts beziehen sich auf Aussagen des russischen Herstellers und alternativen Theorien zu Mensch und Umwelt, auf alternative Anschauungen und esoterische \u00dcberlieferungen oder Aussagen. Sie gelten nur im Sinne der esoterischen Lebensphilosophie und daran angelehnte Alternativheilkunde. Wirkungen im Sinne westlicher Wissenschaft oder Medizin werden hier nicht behauptet.<\/strong><\/em><\/p>","protected":false},"excerpt":{"rendered":"<p>wirkt wie ein innerer Kompass. Sie hilft dir zu erkennen, ob du auf dem richtigen Lebensweg bist, und korrigiert Fehlentwicklungen durch \u201eLebenslektionen\u201c oder Tr\u00e4ume. Sie ist besonders stark darin, S\u00fcchte und Abh\u00e4ngigkeiten (Essen, Rauchen, Internet etc.) abzubauen, indem sie dich schrittweise in einen Zustand der Gleichg\u00fcltigkeit gegen\u00fcber der Sucht f\u00fchrt. Sie kl\u00e4rt das Unterbewusstsein und stellt die gesunde vitale Energie deiner Organe wieder her.<\/p>","protected":false},"featured_media":2361,"comment_status":"open","ping_status":"closed","template":"","meta":[],"product_brand":[],"product_cat":[33],"product_tag":[118],"class_list":{"0":"post-1749","1":"product","2":"type-product","3":"status-publish","4":"has-post-thumbnail","6":"product_cat-elite-series","7":"product_tag-118","9":"first","10":"instock","11":"taxable","12":"shipping-taxable","13":"purchasable","14":"product-type-simple"},"_links":{"self":[{"href":"https:\/\/vigo-rio.com\/en\/wp-json\/wp\/v2\/product\/1749","targetHints":{"allow":["GET"]}}],"collection":[{"href":"https:\/\/vigo-rio.com\/en\/wp-json\/wp\/v2\/product"}],"about":[{"href":"https:\/\/vigo-rio.com\/en\/wp-json\/wp\/v2\/types\/product"}],"replies":[{"embeddable":true,"href":"https:\/\/vigo-rio.com\/en\/wp-json\/wp\/v2\/comments?post=1749"}],"wp:featuredmedia":[{"embeddable":true,"href":"https:\/\/vigo-rio.com\/en\/wp-json\/wp\/v2\/media\/2361"}],"wp:attachment":[{"href":"https:\/\/vigo-rio.com\/en\/wp-json\/wp\/v2\/media?parent=1749"}],"wp:term":[{"taxonomy":"product_brand","embeddable":true,"href":"https:\/\/vigo-rio.com\/en\/wp-json\/wp\/v2\/product_brand?post=1749"},{"taxonomy":"product_cat","embeddable":true,"href":"https:\/\/vigo-rio.com\/en\/wp-json\/wp\/v2\/product_cat?post=1749"},{"taxonomy":"product_tag","embeddable":true,"href":"https:\/\/vigo-rio.com\/en\/wp-json\/wp\/v2\/product_tag?post=1749"}],"curies":[{"name":"wp","href":"https:\/\/api.w.org\/{rel}","templated":true}]}}