{"id":1748,"date":"2026-01-15T09:54:21","date_gmt":"2026-01-15T09:54:21","guid":{"rendered":"https:\/\/vigo-rio.com\/?post_type=product&#038;p=1748"},"modified":"2026-02-04T19:59:29","modified_gmt":"2026-02-04T19:59:29","slug":"fc-kolzovs-gift-of-life","status":"publish","type":"product","link":"https:\/\/vigo-rio.com\/en\/product\/fc-kolzovs-gift-of-life\/","title":{"rendered":"FC Kolzov Lichtgeschenk \/ Kolzov&#8217;s Gift of Life"},"content":{"rendered":"<p><strong>Kolzov-Platte: &#8222;Kolzovs Lichtgeschenk&#8220;\u00a0&#8211; (Aura-Schutz, St\u00e4rkung und Entwicklung der Pers\u00f6nlichkeit)<\/strong><\/p>\n<p><em>Die Platte tr\u00e4gt die russische Aufschrift &#8220; \u0421\u0412ET \u041a\u041e\u041b\u042c\u0426\u041e\u0412\u0430&#8220;<\/em><\/p>\n<p>Diese Platte ist nach Kolzovs Mitteilung die bisher st\u00e4rkste Schutzplatte f\u00fcr die unteren 3 Chakras. Sie wird im Januar 2019 erg\u00e4nzt durch die Platte &#8222;Das Gold der W\u00fcste Gobi&#8220;, welche die st\u00e4rkste Schutzplatte f\u00fcr die oberen Chakras bis zum 8.Chakra wird. Die Platte wurde zudem speziell angepasst auf die neuen Energien der Zeit.<\/p>\n<p>Die Platte &#8222;Kolzovs Lichtgeschenk&#8220; kann jeder anwenden, egal in welchem Alter, ob bei guter Gesundheit oder ob Erkrankungen unterschiedlichen Schweregrades vorliegen. Sie ist als Schutzplatte auch f\u00fcr Personen geeignet, die im Licht der \u00d6ffentlichkeit stehen oder oft vor Publikum auftreten, f\u00fcr Gesch\u00e4ftsleute bei Vertragsverhandlungen. Sie ist au\u00dferdem ideal f\u00fcr Kreative, Sch\u00fcler und Studenten, f\u00fcr Erwachsene und Jugendliche zur Pers\u00f6nlichkeitsentwicklung und f\u00fcr die Entwicklung von F\u00e4higkeiten in verschiedenen Bereichen des Lebens, f\u00fcr die Erhaltung der psychischen Gesundheit, f\u00fcr Spiritualit\u00e4t, Erhaltung und Verbesserung des Lebenspotenzials. Sie unterst\u00fctzt zudem das Ablegen schlechter Gewohnheiten.<br \/>\nDie Platte &#8222;Kolzovs Lichtgeschenk&#8220; vermittelt inneren Frieden, verst\u00e4rkt positive Absichten und Wunscherf\u00fcllung, sie \u00f6ffnet das Bewusstsein zum H\u00f6heren Selbst, f\u00f6rdert die Pers\u00f6nlichkeitsentwicklung und unterst\u00fctzt Transformationsarbeit in der spirituellen Entwicklung.<\/p>\n<p><em>Die Aussagen beziehen sich auf alternative Testmethoden wie Meridianenergie-Messungen der Organfunktionskreisl\u00e4ufe nach TCM, Kirlian-Fotografie (EPG\/GDV-Kamera), Oberon, Amsat o.\u00e4. durch den Hersteller &#8222;Planet der Regionen&#8220; und stellen keine medizinische oder auf den physischen K\u00f6rper und dessen Organe bezogenen Aussage im Sinne der westlichen Schulmedizin dar.<\/em><\/p>\n<p><strong>Die Platte ist in diesem Sinne vor allem geeignet f\u00fcr:<\/strong><\/p>\n<ul>\n<li>unterst\u00fctzt die physiologischen Funktionen der wichtigsten menschlichen Organsysteme, tr\u00e4gt zur allgemeinen Regeneration des funktionellen Zustands des gesamten Organismus bei, st\u00e4rkt die Abwehrkr\u00e4fte und erh\u00f6ht die Immunit\u00e4t,<\/li>\n<li>ist ein wirksames Mittel f\u00fcr die Korrektur und Vorbeugung unterschiedlichster Krankheiten, auch bereits im Stadium ihrer Entstehung und Entwicklung,<\/li>\n<li>f\u00f6rdert die Zusammenarbeit und das ordnungsgem\u00e4\u00dfe Funktionieren aller inneren Organe und Organsysteme,<\/li>\n<li>f\u00f6rdert die Bildung und Aufnahme von Vitaminen und Mineralstoffen, Mikro- und Makroelementen,<\/li>\n<li>\u00fcbt eine starke Wirkung auf die Harmonisierung und Reinigung des Bewusstseins aus, hilft, Ausgeglichenheit zu finden und zu bewahren, f\u00f6rdert Zuversicht, Stabilit\u00e4t, innere St\u00e4rke, Wohlwollen, Freundlichkeit, Ruhe, Sicherheit und Vertrauen in den Fluss den Lebens,<\/li>\n<li>f\u00f6rdert die psychische Flexibilit\u00e4t um schnell und angemessen auf Ver\u00e4nderungen der \u00e4u\u00dferen Bedingungen reagieren und im Hier und Jetzt leben zu k\u00f6nnen,<\/li>\n<li>unterst\u00fctzt die Pers\u00f6nlichkeitsentwicklung: die psychologische Geburt und Manifestation des &#8222;eigenen Ich&#8220;, die Formierung der Pers\u00f6nlichkeit eines Menschen in seiner Einzigartigkeit, Originalit\u00e4t und Individualit\u00e4t im eigenen Leben und der Gesellschaft<\/li>\n<li>regt die kreative Energie an, f\u00f6rdert Leichtigkeit, Freude, die F\u00e4higkeit, ein ausgewogenes sinnliches Vergn\u00fcgen vom Leben zu erhalten, tr\u00e4gt zur Entfaltung des kreativen Potenzials des Menschen und zur Erh\u00f6hung der wahrgenommenen Spiritualit\u00e4t bei,<\/li>\n<li>hilft dabei, schlechte Gewohnheiten (Alkoholsucht usw.) auf psychologischer Ebene abzulegen, unterst\u00fctzt die Reinigung des physischen K\u00f6rpers von deren Folgen,<\/li>\n<li>st\u00e4rkt und erh\u00f6ht des energetische Niveau des Menschen, f\u00f6rdert die Wahrung der energetischen Balance und die Stabilisierung des Astralk\u00f6rpers, der Intuition und der F\u00e4higkeit, auf &#8222;den eigenen K\u00f6rper&#8220; zu h\u00f6ren,<\/li>\n<li>als effektive Schutz-Platte bewahrt sie vor Einwirkungen energetischer und informationeller Art und hilft, in Konfliktsituationen, wie Streitgespr\u00e4chen, Auseinandersetzungen u.a. seinen Standpunkt zu behaupten, und ist ebenso unverzichtbar, um seine eigenen Ansichten und Positionen in konstruktiven Gespr\u00e4chen darzulegen,<\/li>\n<li>f\u00f6rdert die Verj\u00fcngung des K\u00f6rpers, die harmonische geistige und k\u00f6rperliche Entwicklung, Aufrechterhaltung des Gleichgewichts zwischen physischem und Astralk\u00f6rper.<\/li>\n<\/ul>\n<p>Auf der Platte &#8222;Kolzovs Lichtgeschenk&#8220; ist die Polarisation des Wassers aus einer nat\u00fcrlichen Quelle (Wasserkapsel) in 500 m Tiefe gespeichert, die in Simbuchowo im Kreis Mokschan (Pensa) entspringt.<\/p>\n<p>TIPP: Wasser, das mit der Platte &#8222;Kolzovs Lichtgeschenk&#8220; energetisiert wurde, erweist eine sanft reinigende Wirkung auf den K\u00f6rper (d. h. das Wasser reagiert als nat\u00fcrliches Sorbens). Um den Verj\u00fcngungseffekt noch zu intensivieren, empfiehlt sich neben dem Verzehr des energetisierten Wassers, auch Kosmetika, wie Cremes, Seren oder Tonics mit der Platte zu energetisieren.<\/p>\n<p>ZUR BEACHTUNG: Die Dauer f\u00fcr die Energetisierung von Wasser mit Hilfe der Platte &#8222;Kolzovs Lichtgeschenk&#8220; sollte 8 Stunden nicht unterschreiten.<\/p>\n<p><em><u>Ergebnis im LIFE-TEST:<\/u>\u00a0Die Platte Kolzov-Lichtgeschenk&#8220; ist mit weit mehr als 40 000 Bovis (die sichere Messgrenze nach der Biotensormessung Dr. Oberbach sind 40 000 Bovis\/Bioangstroem) eine der st\u00e4rksten Platten \u00fcberhaupt, aber ohne dass die extrem hohe Energie den K\u00f6rper \u00fcberl\u00e4dt.<br \/>\nSie aktiviert alle Chakras bis auf das Blasen-\/Sexual-Chakra auf \u00fcber 40 000 Bovis, das Herz-Chakra sogar sehr deutlich \u00fcber 40 000 Bovis.<br \/>\nIn der Meridianmessung der Organ-Energiewerte ist bei Anwendung der Platte eine starke energetische Verbesserung zum gesunden Normalwert von 7000 in der Skala erkennbar, wie sie in der Bandbreite bisher noch bei keiner Platte festgestellt werden konnte. Die Kurve gleicht sich schon deutlich einer durchg\u00e4ngigen Linie bei 7000 an &#8211; das ist au\u00dfergew\u00f6hnlich.<\/em><\/p>\n<p><strong><em>Wichtiger Hinweis:<br \/>\nWir weisen ausdr\u00fccklich darauf hin, dass die Kolzov-Platte (russische Bezeichnung: &#8222;Korrektoren des funktionalen Zustands&#8220;) ein alternatives Energie- und Informationsprodukt ist und kein Heilmittel im Sinne der westlichen Schulmedizin. Vielmehr ist es ein rein energetisches Hilfsmittel zur ganzheitlichen Balancierung von energetischen Disharmonien und Blockaden. Informationen \u00fcber Qualit\u00e4t und Eigenschaften des Energieobjekts beziehen sich auf Aussagen des russischen Herstellers und alternativen Theorien zu Mensch und Umwelt, auf alternative Anschauungen und esoterische \u00dcberlieferungen oder Aussagen. Sie gelten nur im Sinne der esoterischen Lebensphilosophie und daran angelehnte Alternativheilkunde. Wirkungen im Sinne westlicher Wissenschaft oder Medizin werden hier nicht behauptet.<\/em><\/strong><\/p>","protected":false},"excerpt":{"rendered":"<p>Die Kolzov-Platte \u201eKolzovs Lichtgeschenk\u201c (russisch: \u0421\u0412ET \u041a\u041e\u041b\u042c\u0426\u041e\u0412\u0430) gilt als der st\u00e4rkste energetische Schutz f\u00fcr die unteren drei Chakren und ist ein universelles Werkzeug zur Pers\u00f6nlichkeitsentfaltung. Sie harmonisiert das Bewusstsein, st\u00e4rkt die psychische Flexibilit\u00e4t in Ver\u00e4nderungsprozessen und unterst\u00fctzt effektiv das Ablegen schlechter Gewohnheiten, w\u00e4hrend sie gleichzeitig die Vitalit\u00e4t und die Regeneration des gesamten Organismus auf ein au\u00dfergew\u00f6hnliches Niveau hebt.<\/p>","protected":false},"featured_media":2176,"comment_status":"open","ping_status":"closed","template":"","meta":[],"product_brand":[],"product_cat":[33],"product_tag":[90],"class_list":{"0":"post-1748","1":"product","2":"type-product","3":"status-publish","4":"has-post-thumbnail","6":"product_cat-elite-series","7":"product_tag-90","9":"first","10":"instock","11":"taxable","12":"shipping-taxable","13":"purchasable","14":"product-type-simple"},"_links":{"self":[{"href":"https:\/\/vigo-rio.com\/en\/wp-json\/wp\/v2\/product\/1748","targetHints":{"allow":["GET"]}}],"collection":[{"href":"https:\/\/vigo-rio.com\/en\/wp-json\/wp\/v2\/product"}],"about":[{"href":"https:\/\/vigo-rio.com\/en\/wp-json\/wp\/v2\/types\/product"}],"replies":[{"embeddable":true,"href":"https:\/\/vigo-rio.com\/en\/wp-json\/wp\/v2\/comments?post=1748"}],"wp:featuredmedia":[{"embeddable":true,"href":"https:\/\/vigo-rio.com\/en\/wp-json\/wp\/v2\/media\/2176"}],"wp:attachment":[{"href":"https:\/\/vigo-rio.com\/en\/wp-json\/wp\/v2\/media?parent=1748"}],"wp:term":[{"taxonomy":"product_brand","embeddable":true,"href":"https:\/\/vigo-rio.com\/en\/wp-json\/wp\/v2\/product_brand?post=1748"},{"taxonomy":"product_cat","embeddable":true,"href":"https:\/\/vigo-rio.com\/en\/wp-json\/wp\/v2\/product_cat?post=1748"},{"taxonomy":"product_tag","embeddable":true,"href":"https:\/\/vigo-rio.com\/en\/wp-json\/wp\/v2\/product_tag?post=1748"}],"curies":[{"name":"wp","href":"https:\/\/api.w.org\/{rel}","templated":true}]}}