{"id":1741,"date":"2026-01-15T09:51:54","date_gmt":"2026-01-15T09:51:54","guid":{"rendered":"https:\/\/vigo-rio.com\/?post_type=product&#038;p=1741"},"modified":"2026-02-04T19:59:43","modified_gmt":"2026-02-04T19:59:43","slug":"fc-glory-of-khwarenah","status":"publish","type":"product","link":"https:\/\/vigo-rio.com\/en\/product\/fc-glory-of-khwarenah\/","title":{"rendered":"FC Glanz von Khwarenah \/ Glory of Khwarenah"},"content":{"rendered":"<p><strong>Kolzov-Platte: &#8222;Pracht von Khwarenah&#8220;\u00a0&#8211; (spendet g\u00f6ttlichen Segen, harmonisiert die Ahnenlinie und l\u00f6st karmische Konflikte, um sein Leben selbst positiv zu ver\u00e4ndern, Energieportal vom 7.10.2022)<br \/>\n<\/strong><\/p>\n<p><strong><em>(bei paarweiser Anwendung am besten mit der Platte &#8222;Neuer Stern&#8220;)<\/em><br \/>\n<\/strong><\/p>\n<p><strong>&#8211; neueste Version mit 8-Elementen (8 enthaltenen Energiespeicher-Chips)<\/strong><\/p>\n<p><em>Die Platte tr\u00e4gt die russische Aufschrift: \u00ab\u0421\u0418\u042f\u041d\u0418\u0415 \u0425\u0412\u0410\u0420\u041d\u042b\u00bb bzw. auf dem erg\u00e4nzenden Deckblatt: SPLENDOR OF KHVARENAH, SPLENDEUR DE KHVARENAH, GLANZ VON KHWARENAH<\/em><\/p>\n<p>Die Platte &#8222;Pracht von Khwarenah&#8220; ist f\u00fcr alle Menschen unverzichtbar, die eine harmonische Entwicklung der Gesellschaft im Kleinen wie im Gro\u00dfen anstreben. Menschen mit besonderen F\u00e4higkeiten und Ideen zur Verbesserung der Weltordnung werden darin unterst\u00fctzt, ihre Projekte umzusetzen. Wenn der Anwender die Platte &#8222;Pracht von Khwarenah&#8220; in bester Absicht anwendet, wird er von der g\u00f6ttlichen Gnade in Form von Lichtstrahlen aus der h\u00f6heren Welt gef\u00fchrt und unterst\u00fctzt &#8211; dieser &#8222;g\u00f6ttliche Segen&#8220; (genannt &#8222;Khwarenah&#8220;) wird als &#8222;Charisma&#8220;, &#8222;Auserw\u00e4hltsein&#8220; oder &#8222;h\u00f6here Erm\u00e4chtigung&#8220; sp\u00fcrbar.<br \/>\nWenn man die Platte anwendet, wird die Ahnenlinie harmonisiert und karmische Konflikte werden gel\u00f6st, damit jeder selbst sein Leben positiv ver\u00e4ndern kann und Gl\u00fcck und Wohlstand in sein Leben treten k\u00f6nnen.<\/p>\n<p>Das Wort &#8222;Khwarenah&#8220; bedeutet im Alt-Iranischen soviel wie Glanz, Reichtum, G\u00fcte, Gl\u00fcck, Wohlstand. Khwarenah steht aber auch f\u00fcr ein Schl\u00fcsselkonzept im Zoroastrismus: Es wird als mystische Kraft Gottes verstanden wird, die auf den Menschen projiziert wird und ihm hilft. Es stand so auch f\u00fcr die g\u00f6ttliche Erm\u00e4chtigung von K\u00f6nigen und weisen F\u00fchrern. Jene Menschen die es erhalten, sind in der Lage, Ihre Aufgabe, Mission oder Funktion im Leben zu erf\u00fcllen. Reinigt der Mensch seine von Gott eingehauchte Seele, beginnt sie wie ein Diamant zu leuchten und von dem Menschen geht ein &#8222;inneres Leuchten&#8220; aus &#8211; die g\u00f6ttliche Gnade &#8222;Kwarna&#8220;.<\/p>\n<p><em>Die Aussagen beziehen sich auf alternative Testmethoden wie Meridianenergie-Messungen der Organfunktionskreisl\u00e4ufe nach TCM, Kirlian-Fotografie (EPG\/GDV-Kamera), Oberon, Amsat o.\u00e4. durch den Hersteller &#8222;Planet der Regionen&#8220; und stellen keine medizinische oder auf den physischen K\u00f6rper und dessen Organe bezogenen Aussage im Sinne der westlichen Schulmedizin dar.<\/em><\/p>\n<p><strong>Die Platte ist in diesem Sinne vor allem geeignet f\u00fcr:<\/strong><\/p>\n<ul>\n<li>\u00d6ffnet das Herz f\u00fcr Liebe, Freude, Gl\u00fcck, Wohlstand und F\u00fclle und f\u00fcr die Segnungen der H\u00f6heren M\u00e4chte, bringt den Anwender in Einklang mit den Rhythmen von Erde und Sonne und st\u00e4rkt so die Harmonie in K\u00f6rper, Geist und Seele,<\/li>\n<li>die Platte hilft Ahnensysteme zu heilen, um Vergangenheit und Zukunft in Einklang zu bringen: eventuelle negative Botschaften, Taten und Worte &#8211; sowohl an Vorfahren als auch an Nachkommen gerichtet &#8211; werden gereinigt und die Ahnenlinie dadurch harmonisiert und karmische Konflikte gel\u00f6st, dazu wird auch der Prozess der Karma-Abarbeitung beschleunigt (auch im Schlaf durch &#8222;Traumarbeit&#8220;) und die Kraft der weilblichen Ahnenlinie gest\u00e4rkt, all das erm\u00f6glicht dem Anwender, eine neue Stufe seiner Entwicklung zu erreichen,<\/li>\n<li>gibt dem Benutzer die M\u00f6glichkeit, den scheinbar vorgegeben Verlauf der Ereignisse zu \u00e4ndern und aus dem Rad des Schicksals und dem &#8222;Hamsterrad&#8220; seines Alltags auszubrechen, so hilft die Platte dabei, eine \u00c4nderung des Schicksals zum Besseren einzuleiten, Hindernisse zu \u00fcberwinden und k\u00fcnftige Konfliktsituationen vorauszuahnen,<\/li>\n<li>st\u00e4rkt das Selbstvertrauen und befreit aus der Abh\u00e4ngigkeit von Meinungen anderer, aktiviert die inneren Talente und das Charisma, vermittelt Reichtum, Macht und St\u00e4rke, wenn sie f\u00fcr positive Ziele verwendet werden,<\/li>\n<li>aktiviert den inneren Zustand der Ehrlichkeit, des Anstands und des Gewissens, verhindert, dass man sich selbst bel\u00fcgt und hilft dabei die sachliche und die h\u00f6here Wahrheit zu enth\u00fcllen,<\/li>\n<li>die Platte hilft dabei, die energetische Wirkung von Sprache und Worten zu erkennen (von Nachrichten, Verleumdungen, Beleidigungen und Fl\u00fcchen) und die Verantwortung f\u00fcr die eigenen gesprochenen Worte und seine Taten zu \u00fcbernehmen, um negative Folgen in der Zukunft zu vermeiden,<\/li>\n<li>gibt den Ansto\u00df, die angefangenen, aber \u201eauf sp\u00e4ter\u201c verschobenen Dinge im Leben zu Ende zu f\u00fchren, um die Energie zur\u00fcckzugewinnen, die in den unvollendeten Prozessen der Vergangenheit verblieben ist,<\/li>\n<li>f\u00f6rdert das Verst\u00e4ndnis der m\u00e4nnlichen und weiblichen Natur auf der tieferen Ebene der Seele und des Herzens, wodurch auch das gegenseitige Verst\u00e4ndnis und der Respekt in Partnerschaft und Beziehungen gest\u00e4rkt werden, eine neue vertrauensvollere Ebene der Kommunikation ohne \u00c4ngste, Vorw\u00fcrfe, L\u00fcgen und Missverst\u00e4ndnisse auf der Basis von Wahrhaftigkeit und Akzeptanz entsteht,<\/li>\n<li>hilft dabei \u00c4ngste &#8211; auch die Angst vor Einsamkeit &#8211; und blockierte Emotionen loszulassen, heilt die Seele und aktiviert die Energien der h\u00f6heren, &#8222;zehnten Ebene&#8220; der Harmonie; l\u00f6st und heilt auch energetische Auswirkungen k\u00f6rperlicher Misshandlung,<\/li>\n<li>hilft energetisch unterst\u00fctzend bei R\u00fcckenproblemen vor allem im Bereich der Lendenwirbel, setzt Energiefl\u00fcsse frei und hilft Entz\u00fcndungen zu lindern,<\/li>\n<li>wirkt als Schutzplatte, indem sie den negativen Energiefluss an eine Person zur\u00fccksendet &#8211; etwa bei Verleumdungen, Fl\u00fcchen und Verw\u00fcnschungen, magischen Wirkungen, Ritualen, jede Art von Gewalt (physisch, emotional, intellektuell, finanziell).<\/li>\n<\/ul>\n<p>Auf der Platte sind die Energien des Energieportals vom 7. Oktober 2022 gespeichert, dem Tag des zoroastrischen Festes zu Ehren von &#8222;Khwarenah&#8220;, der g\u00f6ttlichen Gnade und Pracht.<\/p>\n<p>TIPP 1: Die Platte &#8222;Pracht von Khwarenah&#8220; arbeitet sanft mit dem Anwender, indem es seine Probleme &#8222;beleuchtet&#8220; und hilft sie zu l\u00f6sen. Sie kann auf bestimmte K\u00f6rperbereiche, Organzonen etc. gelegt oder die Energie der Platte bewusst zu Problembereichen gelenkt werden. Man kann sich zum Durchstr\u00f6men darauf setzen bzw. die Platte unter das Stei\u00dfbein legen &#8211; dies hat auch positiven Einfluss bei Unterleibsproblemen, die durch \u00c4ngste oder negative Erfahrungen entstanden sind. Bei akutem Stress und \u00c4ngsten hilft es, die Platte auf die Thymusdr\u00fcse zu legen.<br \/>\nDie Platte bildet mit der Platte &#8222;Neuer Stern&#8220; ein einzigartiges Team, das sich gegenseitig verst\u00e4rkt.<\/p>\n<p>TIPP 2: Die Platte ist nicht f\u00fcr die Nacht geeignet, besser ca. 4-5 Stunden vor dem Schlafen nicht mehr anwenden, sonst wird der Schlaf zu unruhig.<\/p>\n<p>TIPP 3: Die Platte &#8222;Pracht von Khwarenah&#8220; hilft, die Wahrheit zu enth\u00fcllen. Sie ist daher hilfreich bei Streitigkeiten und Konflikten vor Gericht, und generell um zu einer Kl\u00e4rung der Situation zu gelangen und Beziehungen zu verbessern.<br \/>\nDie Platte hilft auch, den Mut aufzubringen, aufrichtig um Verzeihung zu bitten, wodurch man sich wieder besser \u00f6ffnen und den Kr\u00e4ften des Lichts vertrauen kann.<\/p>\n<p>TIPP 4: In Beziehungskrisen sollten beide Partner eine Platte anwenden, um ihre \u201ezweite H\u00e4lfte\u201c ohne Konventionen besser verstehen, respektieren und ieben zu k\u00f6nnen. Die Platte hilft so M\u00e4nnern und Frauen, harmonische, aufrichtige und herzliche Beziehungen aufzubauen.<\/p>\n<p>TIPP 5: Die Platte &#8222;Pracht von Khwarenah&#8220; kann mit allen zuvor erschienenen Platten und Armb\u00e4ndern verwendet werden. Bei Anspannung und Erm\u00fcdung der Augen arbeitet sie sehr gut mit den Platten &#8222;Klarer Blick&#8220; und &#8222;Klarer Blick 2&#8220; zusammen.<br \/>\nGemeinsam mit den Platten &#8222;Rad des Schicksals&#8220; und &#8222;Heilige Liebe&#8220; (Serie Elite von 2022) angewendet harmonisiert sie die Energien auf der subtilen Ebene und verhilft zu Ehrlichkeit und Gerechtigkeit sich selbst gegen\u00fcber.<br \/>\nZusammen mit der Platte &#8222;Goldener Sand&#8220; (Serie Effizient) dient sie einer intensiven Reinigung: Legen Sie die Platte &#8222;Goldener Sand&#8220; f\u00fcr einige Minuten unter das 1. Chakra (bzw. auf die Platte setzen) und die Platte &#8222;Pracht von Khwarenah&#8220; auf das 7. Chakra (Kronen-Chakra). Die subtilen K\u00f6rper werden dadurch von \u201eNebel\u201c befreit, negative Botschaften aus der Vergangenheit werden eliminiert und auch der physische K\u00f6rper gereinigt. So wird die Harmonie des bioenergetischen Feldes des Benutzers wieder hergestellt. \u00dcbersch\u00fcssige Energie kann dabei \u00fcber die F\u00fc\u00dfe abgestrahlt werden, dabei k\u00f6nnen die Fu\u00dfsohlen scheinbar vibrieren.<\/p>\n<p>TIPP 6: Die Platte kann sehr gut unterst\u00fctzend bei Energiemassagen etwa der Wirbels\u00e4ule und bei Meridianenergie-Behandlungen verwendet werden.<\/p>\n<p>ZUR BEACHTUNG: Bei dieser Platte sollte das Wasser zum Energetisieren mindestens 12 Minuten lang darauf gestellt werden.<\/p>\n<p><em><u>Ergebnis im LIFE-TEST:\u00a0<\/u>Die Kolzov-Platte &#8222;Pracht von Khwarenah&#8220; hat ein neutrales Energiefeld mit mehr als 40 000 Bovis. Damit aktiviert sie gleich 4 Chakras auf 40 000 Bovis: das Kronen-Chakra und die drei unteren Chakras, also Solarplexus-, Blase-\/Sexual-Chakra und Wurzel-Chakra steigen auf dieses sehr hohe Energieniveau, das Solarplexus-Chakra sogar noch deutlich h\u00f6her Bovis (40 000 ist die sichere Messgrenze in dieser Test-Methode). Das Herz-Chakra erreicht mit 35 000 Bovis einen fast ebenso hohen Wert. Die starke Energetisierung der unteren Chakras kann mit einer St\u00e4rkung der &#8222;Ich-Kr\u00e4fte&#8220;, der Vitalenergien und zusammen mit der hohen Aufladung des Kronen-Chakras tats\u00e4chlich mit eine charismatischen &#8222;g\u00f6ttlichen&#8220; Ausstrahlung einhergehen. Das Hals-Chakra wird in seiner Energie auf 28 000 Bovis aktiviert und das Stirn-Chakra auf 21 000 Bovis.<br \/>\nDurch die Aufladung der Chakras w\u00e4chst der bioenergetische Reaktionsabstand von zirka 75 Zentimetern um den K\u00f6rper auf enorm 1,90 Meter.<\/em><\/p>\n<p><strong>Wichtiger Hinweis:<br \/>\nWir weisen ausdr\u00fccklich darauf hin, dass die Kolzov-Platte (russische Bezeichnung: &#8222;Korrektoren des funktionalen Zustands&#8220;) ein alternatives Energie- und Informationsprodukt ist und kein Heilmittel im Sinne der westlichen Schulmedizin. Vielmehr ist es ein rein energetisches Hilfsmittel zur ganzheitlichen Balancierung von energetischen Disharmonien und Blockaden. Informationen \u00fcber Qualit\u00e4t und Eigenschaften des Energieobjekts beziehen sich auf Aussagen des russischen Herstellers und alternativen Theorien zu Mensch und Umwelt, auf alternative Anschauungen und esoterische \u00dcberlieferungen oder Aussagen. Sie gelten nur im Sinne der esoterischen Lebensphilosophie und daran angelehnte Alternativheilkunde. Wirkungen im Sinne westlicher Wissenschaft oder Medizin werden hier nicht behauptet.<\/strong><\/p>","protected":false},"excerpt":{"rendered":"<p>ist ein m\u00e4chtiges Werkzeug f\u00fcr alle, die ihr Leben und die Welt positiv ver\u00e4ndern wollen. Sie hilft dir, aus dem \u201eHamsterrad\u201c des Alltags auszubrechen und karmische Konflikte in deiner Ahnenlinie zu l\u00f6sen. Die Platte st\u00e4rkt dein Charisma, dein Selbstvertrauen und deine Aufrichtigkeit. Sie wirkt wie ein \u201eLichtstrahl\u201c, der verdeckte Wahrheiten enth\u00fcllt und dir hilft, angefangene Projekte endlich zu Ende zu f\u00fchren.<\/p>","protected":false},"featured_media":1809,"comment_status":"open","ping_status":"closed","template":"","meta":[],"product_brand":[],"product_cat":[33],"product_tag":[142],"class_list":{"0":"post-1741","1":"product","2":"type-product","3":"status-publish","4":"has-post-thumbnail","6":"product_cat-elite-series","7":"product_tag-142","9":"first","10":"instock","11":"taxable","12":"shipping-taxable","13":"purchasable","14":"product-type-simple"},"_links":{"self":[{"href":"https:\/\/vigo-rio.com\/en\/wp-json\/wp\/v2\/product\/1741","targetHints":{"allow":["GET"]}}],"collection":[{"href":"https:\/\/vigo-rio.com\/en\/wp-json\/wp\/v2\/product"}],"about":[{"href":"https:\/\/vigo-rio.com\/en\/wp-json\/wp\/v2\/types\/product"}],"replies":[{"embeddable":true,"href":"https:\/\/vigo-rio.com\/en\/wp-json\/wp\/v2\/comments?post=1741"}],"wp:featuredmedia":[{"embeddable":true,"href":"https:\/\/vigo-rio.com\/en\/wp-json\/wp\/v2\/media\/1809"}],"wp:attachment":[{"href":"https:\/\/vigo-rio.com\/en\/wp-json\/wp\/v2\/media?parent=1741"}],"wp:term":[{"taxonomy":"product_brand","embeddable":true,"href":"https:\/\/vigo-rio.com\/en\/wp-json\/wp\/v2\/product_brand?post=1741"},{"taxonomy":"product_cat","embeddable":true,"href":"https:\/\/vigo-rio.com\/en\/wp-json\/wp\/v2\/product_cat?post=1741"},{"taxonomy":"product_tag","embeddable":true,"href":"https:\/\/vigo-rio.com\/en\/wp-json\/wp\/v2\/product_tag?post=1741"}],"curies":[{"name":"wp","href":"https:\/\/api.w.org\/{rel}","templated":true}]}}