{"id":1737,"date":"2026-01-15T09:49:50","date_gmt":"2026-01-15T09:49:50","guid":{"rendered":"https:\/\/vigo-rio.com\/?post_type=product&#038;p=1737"},"modified":"2026-02-01T18:26:48","modified_gmt":"2026-02-01T18:26:48","slug":"fc-gift-of-heaven","status":"publish","type":"product","link":"https:\/\/vigo-rio.com\/en\/product\/fc-gift-of-heaven\/","title":{"rendered":"FC Geschenk des Himmels \/ Gift of Heaven"},"content":{"rendered":"<p><strong>Kolzov-Platte: &#8222;Geschenk des Himmels&#8220;\u00a0&#8211; (universelle Gesundheitsplatte, verbesserte Leistungsf\u00e4higkeit, unterst\u00fctzt bei Jugendlichen die Entwicklung)<br \/>\n<\/strong><\/p>\n<p><strong><em>(bei paarweiser Anwendung am besten mit der Platte &#8222;Umwandlung&#8220;)<\/em><br \/>\n<\/strong><\/p>\n<p><strong>&#8211; neueste Version mit 8-Elementen (8 enthaltenen Energiespeicher-Chips)<\/strong><\/p>\n<p><em>Die Platte tr\u00e4gt die russische Aufschrift: \u0414\u0410\u0420 \u041d\u0415\u0411\u0415\u0421 bzw. auf dem erg\u00e4nzenden Deckblatt: GIFT FROM HEAVEN, DON DU CIEL, GESCHENK DES HIMMELS<\/em><\/p>\n<p>Die Platte &#8222;Geschenk des Himmels&#8220; ist wertvolle Hilfe f\u00fcr die Gesunderhaltung des Organismus und kann sowohl vorbeugend als auch begleitend zur Genesung und w\u00e4hrend der Rehabilitation verwendet werden. Ihre breite Wirkrichtung macht sie zu einer universellen Heilplatte, deren starke Energien sich interaktiv selbst jene Bereiche suchen, wo sie am dringendsten gebraucht werden.<\/p>\n<p><em>Die Aussagen beziehen sich auf alternative Testmethoden wie Meridianenergie-Messungen der Organfunktionskreisl\u00e4ufe nach TCM, Kirlian-Fotografie (EPG\/GDV-Kamera), Oberon, Amsat o.\u00e4. durch den Hersteller &#8222;Planet der Regionen&#8220; und stellen keine medizinische oder auf den physischen K\u00f6rper und dessen Organe bezogenen Aussage im Sinne der westlichen Schulmedizin dar.<\/em><\/p>\n<p><strong>Die Platte ist in diesem Sinne vor allem geeignet f\u00fcr:<\/strong><\/p>\n<ul>\n<li>Vermittelt m\u00e4chtige, reine, heilende kosmische Energien, die von selbst die Stellen im K\u00f6rper finden, wo sie mit ihrer Wirkung ansetzen und gebraucht werden &#8211; sowohl im Physischen als auch im Feinstofflichen.<\/li>\n<li>Die Platte st\u00e4rkt und bewahrt den k\u00f6rperlichen und den energetischen Zustand des Anwenders. Sie unterst\u00fctzt Verj\u00fcngungsprozesse und die Regeneration im K\u00f6rper und verbessert die physischen und mentale Leistungsf\u00e4higkeit<\/li>\n<li>Durch ihre &#8222;intelligente&#8220;, interaktive Wirkrichtung kann sie sich im gesamten Organismus positiv entfalten:<\/li>\n<li>Wirkt auf der biochemischen Ebene speziell auf die Stellen und Organe im K\u00f6rper, die Korrektur und Heilung ben\u00f6tigen, und zeigt krebsvorbeugende Eigenschaften.<\/li>\n<li>Unterst\u00fctzt die Regenerationsprozesse in Knochen, Wirbels\u00e4ule und Gelenken und verbessert den Zustand bei Gicht.<\/li>\n<li>Tr\u00e4gt zur Normalisierung der Funktion des Herz-Kreislauf-, Atem-, Verdauungs- und Fortpflanzungssystems sowie des Blutes bei. Unterst\u00fctzt das Lymphsystems und die Ausleitung von Giftstoffen verschiedenster Art auch von Produkten des radioaktiven Zerfalls. Verbessert die Funktion des Nervensystems.<\/li>\n<li>Durch Regenerierung des Verdauungstraktes und der Nieren wird auch eine Verbesserung des Zustands bei Allergien und Hautkrankheiten erreicht.<\/li>\n<li>Wirkt sich wohltuend auf alle Strukturen des Gehirns aus, aktiviert die Funktion der rechten und linken Gehirnh\u00e4lfte und bringt diese ins Gleichgewicht, f\u00f6rdert die sch\u00f6pferischen F\u00e4higkeiten.<\/li>\n<li>Verbessert die Funktion der Sehorgane, erweist stabilisierende und regenerierende Wirkung auf die Augenmuskeln, aktiviert die Durchblutung.<\/li>\n<li>St\u00e4rkt die Abwehrkr\u00e4fte und verbessert auf der energetischen Ebene das Funktionieren des Dreifach-Erw\u00e4rmer-Meridians und des Perikard\u2013Meridians, wirkt allgemein aktivierend und synchronisierend auf Chakras und Meridiane.<\/li>\n<li>Die Platte hilft Jugendlichen und junge Menschen dabei, eine positive Lebenseinstellung zu entwickeln, den eigenen Weg im Leben zu finden und bewusste Entscheidungen treffen zu k\u00f6nnen.<\/li>\n<li>Zimmerpflanzen reagieren auf die Platte ebenfalls positiv &#8211; mit besserem Wachstum und gr\u00f6\u00dferer Bl\u00fchfreudigkeit.<\/li>\n<\/ul>\n<p>Auf der Kolzov-Platte &#8222;Geschenk des Himmels&#8220; sind die Informationen des Wassers einer nicht genannten Quelle aus der pers\u00f6nlichen Sammlung besonderer Kraftorte von Sergej Wladimirowitsch Kolzov gespeichert.<\/p>\n<p>TIPP 1: Die beste Wirkung wird erzielt, wenn die Platte zun\u00e4chst allein verwendet wird, ohne gleichzeitig andere Platten einzusetzen. Zumindest sollten andere Platten im Verlauf des Tages vor der Platte &#8222;Geschenk des Himmels&#8220; angewendet werden oder erst zirka 2-3 Stunden nach ihr.<br \/>\nEffektiv ist es auch, die Zielrichtung, was man mit der Platte erreichen m\u00f6chte, auszusprechen oder auch aufzuschreiben.<\/p>\n<p>TIPP 2: Die Platte arbeitet aber dennoch sehr sanft und vorsichtig mit dem Anwender, voller W\u00e4rme und F\u00fcrsorge. Sie kann daher von jedem verwendet werden. F\u00fcr Kinder, Jugendliche und Heranwachsende ist es empfehlenswert, die Platte st\u00e4ndig bei sich zu tragen oder nahe bei sich hinzulegen.<\/p>\n<p>TIPP 3: Die Platte kann auf vielf\u00e4ltige Weise f\u00fcr den Erhalt der k\u00f6rperlichen und geistigen Leistungsf\u00e4higkeit eingesetzt und bei k\u00f6rperlichen Belastungen und kreativen Prozesse genutzt werden &#8211; man kann damit energetisiertes Wasser trinken, Dusch- und Wannenb\u00e4dern damit durchf\u00fchren und sie kann f\u00fcr Kompressen mit strukturierten Wasser verwendet werden, wie z.B. bei Gicht, Deformit\u00e4ten der Zehen, Hallux valgus (Ballenzeh).<\/p>\n<p>ZUR BEACHTUNG: Bei dieser Platte sollte das Wasser zum Energetisieren mindestens 36 Minuten lang darauf gestellt werden.<\/p>\n<p><em><u>Ergebnis im LIFE-TEST:\u00a0<\/u>Die Kolzov-Platte &#8222;Geschenk des Himmels&#8220; hat ein neutrales Energiefeld mit mehr als 40 000 Bovis. Damit aktiviert sie die interessanter Weise genau die beiden oberen und die beiden unteren Chakras auf 40 000 Bovis: Kronen- und Stirn-Chakra und Wurzel- und Blase-\/Sexual-Chakra steigen auf diesen hohen Energiewert. Das Solarplexus-Chakra erh\u00f6ht sich in seiner Energie auf 35 000 Bovis, das Herz-Chakra auf 28 000 Bovis und das Hals-Chakra verdreifacht seine Energie auf 21 000 Bovis. Durch die Aufladung der Chakras w\u00e4chst der bioenergetische Reaktionsabstand von zirka 75 Zentimetern um den K\u00f6rper auf beachtliche 2,50 Meter.<\/em><\/p>\n<p><strong><em>Wichtiger Hinweis:<br \/>\nWir weisen ausdr\u00fccklich darauf hin, dass die Kolzov-Platte (russische Bezeichnung: &#8222;Korrektoren des funktionalen Zustands&#8220;) ein alternatives Energie- und Informationsprodukt ist und kein Heilmittel im Sinne der westlichen Schulmedizin. Vielmehr ist es ein rein energetisches Hilfsmittel zur ganzheitlichen Balancierung von energetischen Disharmonien und Blockaden. Informationen \u00fcber Qualit\u00e4t und Eigenschaften des Energieobjekts beziehen sich auf Aussagen des russischen Herstellers und alternativen Theorien zu Mensch und Umwelt, auf alternative Anschauungen und esoterische \u00dcberlieferungen oder Aussagen. Sie gelten nur im Sinne der esoterischen Lebensphilosophie und daran angelehnte Alternativheilkunde. Wirkungen im Sinne westlicher Wissenschaft oder Medizin werden hier nicht behauptet.<\/em><\/strong><\/p>","protected":false},"excerpt":{"rendered":"<p>Die Platte <b data-path-to-node=\"2\" data-index-in-node=\"11\">\u201eGeschenk des Himmels\u201c<\/b> (\u0414\u0410\u0420 \u041d\u0415\u0411\u0415\u0421) ist eine intelligente Allround-Gesundheitsplatte, deren Energien sich interaktiv genau die Bereiche im K\u00f6rper suchen, die Korrektur oder Heilung ben\u00f6tigen. Sie st\u00e4rkt die physische und mentale Leistungsf\u00e4higkeit, unterst\u00fctzt die Regeneration von Knochen, Gelenken (speziell bei Gicht) und Organen und wirkt entgiftend. Besonders wertvoll ist sie f\u00fcr Jugendliche, um eine positive Lebenseinstellung und den eigenen Weg zu finden. Sie gleicht die Gehirnh\u00e4lften aus und f\u00f6rdert so die sch\u00f6pferische Kraft.<\/p>","protected":false},"featured_media":1810,"comment_status":"open","ping_status":"closed","template":"","meta":[],"product_brand":[],"product_cat":[33],"product_tag":[119],"class_list":{"0":"post-1737","1":"product","2":"type-product","3":"status-publish","4":"has-post-thumbnail","6":"product_cat-elite-series","7":"product_tag-119","9":"first","10":"instock","11":"taxable","12":"shipping-taxable","13":"purchasable","14":"product-type-simple"},"_links":{"self":[{"href":"https:\/\/vigo-rio.com\/en\/wp-json\/wp\/v2\/product\/1737","targetHints":{"allow":["GET"]}}],"collection":[{"href":"https:\/\/vigo-rio.com\/en\/wp-json\/wp\/v2\/product"}],"about":[{"href":"https:\/\/vigo-rio.com\/en\/wp-json\/wp\/v2\/types\/product"}],"replies":[{"embeddable":true,"href":"https:\/\/vigo-rio.com\/en\/wp-json\/wp\/v2\/comments?post=1737"}],"wp:featuredmedia":[{"embeddable":true,"href":"https:\/\/vigo-rio.com\/en\/wp-json\/wp\/v2\/media\/1810"}],"wp:attachment":[{"href":"https:\/\/vigo-rio.com\/en\/wp-json\/wp\/v2\/media?parent=1737"}],"wp:term":[{"taxonomy":"product_brand","embeddable":true,"href":"https:\/\/vigo-rio.com\/en\/wp-json\/wp\/v2\/product_brand?post=1737"},{"taxonomy":"product_cat","embeddable":true,"href":"https:\/\/vigo-rio.com\/en\/wp-json\/wp\/v2\/product_cat?post=1737"},{"taxonomy":"product_tag","embeddable":true,"href":"https:\/\/vigo-rio.com\/en\/wp-json\/wp\/v2\/product_tag?post=1737"}],"curies":[{"name":"wp","href":"https:\/\/api.w.org\/{rel}","templated":true}]}}