{"id":1736,"date":"2026-01-15T09:49:31","date_gmt":"2026-01-15T09:49:31","guid":{"rendered":"https:\/\/vigo-rio.com\/?post_type=product&#038;p=1736"},"modified":"2026-03-25T17:13:05","modified_gmt":"2026-03-25T17:13:05","slug":"fc-geometry-of-life","status":"publish","type":"product","link":"https:\/\/vigo-rio.com\/en\/product\/fc-geometry-of-life\/","title":{"rendered":"FC 61 Geometrie des Lebens \/ Geometry of Life"},"content":{"rendered":"<p><strong>Kolzov-Platte: &#8222;Geometrie des Lebens&#8220;\u00a0&#8211; (L\u00f6sen aus &#8222;Herden&#8220;-Mentalit\u00e4t und Einfl\u00fcsterungen, verj\u00fcngend, Anti-Aging)<br \/>\n<\/strong><\/p>\n<p><strong><em>(bei paarweiser Anwendung am besten mit der Platte &#8222;Bewahrer des Lebens&#8220;)<\/em><br \/>\n<\/strong><\/p>\n<p><strong>&#8211; neueste Version mit 8-Elementen (8 enthaltenen Energiespeicher-Chips)<\/strong><\/p>\n<p><em>Die Platte tr\u00e4gt die russische Aufschrift: \u00ab\u0413\u0415\u041e\u041c\u0415\u0422\u0420\u0418\u042f \u0416\u0418\u0417\u041d\u0418\u00bb bzw. auf dem erg\u00e4nzenden Deckblatt: GEOMETRY OF LIFE, GEOMETRIE DE LA VIE, GEOMETRIE DES LEBENS<\/em><\/p>\n<p>Die Platte &#8222;Geometrie des Lebens&#8220; ist sehr gut geeignet f\u00fcr Menschen, die sich leicht ablenken und lenken lassen und dabei ihren eigenen Weg verlieren, oder die unter dem Einfluss von Freunden, Gurus, Unternehmen usw. stehen. Sie kann aber genauso auch genutzt werden, wenn man zu sehr Angst vor der Au\u00dfenwelt hat und zu introvertiert ist. Im Gesundheitlichen kann sie sehr gut bei Schlaganf\u00e4llen, Entz\u00fcndungen und vielen anderen Gesundheitsproblemen eingesetzt werden und man kann mit ihr konkret um die Gesundung beispielsweise eines Organs bitten. sie wirkt insgesamt verj\u00fcngend.<\/p>\n<p><em>Die Aussagen beziehen sich auf alternative Testmethoden wie Meridianenergie-Messungen der Organfunktionskreisl\u00e4ufe nach TCM, Kirlian-Fotografie (EPG\/GDV-Kamera), Oberon, Amsat o.\u00e4. durch den Hersteller &#8222;Planet der Regionen&#8220; und stellen keine medizinische oder auf den physischen K\u00f6rper und dessen Organe bezogenen Aussage im Sinne der westlichen Schulmedizin dar.<\/em><\/p>\n<p><strong>Die Platte ist in diesem Sinne vor allem geeignet f\u00fcr:<\/strong><\/p>\n<ul>\n<li>hat eine &#8222;erdende&#8220; Wirkung und verleiht die M\u00f6glichkeit, sich selbst, seine Individualit\u00e4t, seinen inneren und \u00e4u\u00dferen Frieden zu bewahren, seinen eigenen Weg zu gehen, seine pers\u00f6nlichen Grenzen zu respektieren, seine eigenen Priorit\u00e4ten zu verstehen und sich selbst unter allen \u00e4u\u00dferen Umst\u00e4nden treu zu bleiben,<\/li>\n<li>die Platte verbindet mit den Benutzer mit dem Energiesystem der Erde, \u00f6ffnet den Zugang zum im Boden gespeicherten Ged\u00e4chtnis der Erde und st\u00e4rkt die sensitive Wahrnehmungsf\u00e4higkeit,<\/li>\n<li>\u00fcbertr\u00e4gt hohe spiralf\u00f6rmige Lichtenergien und \u00f6ffnet das Tor zu altem heiligem Wissen der Erde und der Sterne und erleichtert luzides Tr\u00e4umen,<\/li>\n<li>hilft dabei, sich an vergessene F\u00e4higkeiten, Kenntnisse und Weisheiten zu erinnern, um sie in der Gegenwart zu nutzen,<\/li>\n<li>befreit den Anwender aus der &#8222;Herden&#8220;-Mentalit\u00e4t, aus schlechter Gesellschaft und von falschen Freunden, und sch\u00fctzt vor der auslaugenden und magnetischen Energie des kollektiven Unbewussten insbesondere w\u00e4hrend der Ansammlung einer gro\u00dfen Anzahl von Menschen, bei Massenveranstaltungen etc.<\/li>\n<li>hilft dabei zu erkennen, dass das G\u00f6ttliche im Bewusstsein des Benutzers, die Quelle des Lebens, des Wissens, des Glaubens und der Macht ist,<\/li>\n<li>bringt den K\u00f6rper in den Energiezustand der Jugend zur\u00fcck, erzeugt ein Gef\u00fchl der Leichtigkeit des Seins und der Jugendlichkeit, beseitigt alte Erm\u00fcdungsprogramme, altersbedingte Denktr\u00e4gheit und l\u00e4sst einen \u201ezweiten Fr\u00fchling\u201c durch den K\u00f6rper wehen, der den Benutzer leichter und freier leben und atmen l\u00e4sst,<\/li>\n<li>unterst\u00fctzt die Ausleitung von Giftstoffe und Stoffwechselresten aus dem K\u00f6rper, hilft Stoffwechselst\u00f6rungen zu regulieren und Staus in allen Organen und Geweben zu beseitigen,<\/li>\n<li>hilft energetisch bei der Reinigung und St\u00e4rkung der Blutgef\u00e4\u00dfe, beugt Krampfadern und Arteriosklerose vor,<\/li>\n<li>unterst\u00fctzt die Gesundheit der Haare, N\u00e4gel, Z\u00e4hne und Knochen,<\/li>\n<li>erh\u00f6ht die Widerstandsf\u00e4higkeit gegen Infektionen, h\u00e4lt die Immunit\u00e4t auf einem angemessenen Niveau,<\/li>\n<li>hilft energetisch bei Frauen gegen verschiedene entz\u00fcndliche Prozesse &#8211; auch bei gyn\u00e4kologischen Problemen wie Entz\u00fcndungen, Verwachsungen und Unfruchtbarkeit (wenn eine bewusste Mutterschaft gew\u00fcnscht ist, wird die Geb\u00e4rmutter energisch auf die Empf\u00e4ngnis vorbereitet),<\/li>\n<li>wirkt auch bei M\u00e4nnern entz\u00fcndungshemmend und hilft energetisch bei Problemen der Harnwege, der Prostata und bei St\u00f6rungen der Fortpflanzungsfunktion,<\/li>\n<li>die Platte hat eine indirekte positive Wirkung auf die Medulla oblongata und so auf Reflex- Steuerungen wie Atmung, Schluckreflex, Blutkreislauf u.a. und kann so begleitend auch in Therapien bei Schlaganfall, beeintr\u00e4chtigten Muskelkontraktionen des Magen-Darm-Trakts, bei Potenzprobleme, Schluckauf, Apnoe, Schwindel u.a. eingesetzt werden,<\/li>\n<li>hemmt insgesamt auf energetischer Ebene das vorzeitige Altern des K\u00f6rpers, verbessert Hautbild und Teint, unterst\u00fctzt die Prozesse der Regeneration und Verj\u00fcngung des K\u00f6rpers auf zellul\u00e4rer Ebene.<\/li>\n<\/ul>\n<p>Auf der Platte sind die Informationen des Wassers vom mexikanischen &#8222;Wasserfall der Basaltprismen&#8220;, einem besonderen Kraftort, gespeichert. Diese &#8222;Prismas Basalticos de Santa Maria Regla&#8220; befinden sich in der N\u00e4he von Huasca de Ocampo im mexikanischen Bundesstaat Hidalgo.<\/p>\n<p>TIPP: Sie k\u00f6nnen mit dieser Platte konkret um die Gesundung beispielsweise eines Organs bitten. Dies k\u00f6nnen Sie durch gezielte Kombination mit einer anderen Platte noch verst\u00e4rken, Wenden Sie die Platte &#8222;Geometrie des Lebens&#8220; beispielsweise bei Schlaganf\u00e4lle zusammen mit der Platte &#8222;Langes Leben&#8220; (Serie Gr\u00fcn), gegen Entz\u00fcndungen mit &#8222;Bewahrer des Lebens&#8220; (Serie Elite), bei Organproblemen mit der entsprechenden Organplatte wie beispielsweise f\u00fcr die Lunge mit der Platte &#8222;Gesunde Lunge&#8220; (Serie Kollektion) usw. an.<\/p>\n<p>ZUR BEACHTUNG: Bei dieser Platte sollte das Wasser zum Energetisieren mindestens 15 Minuten lang darauf gestellt werden.<\/p>\n<p><em><u>Ergebnis im LIFE-TEST:<\/u>\u00a0Die Kolzov-Platte &#8222;Geometrie des Lebens&#8220; hat ein neutrales Energiefeld mit mehr als 40 000 Bovis. Damit aktiviert sie vor allem das Hals-Chakra auf weit \u00fcber 40 000 Bovis (40 000 Bovis ist die sichere Messgrenze nach dieser standardisierten Testung nach Dr. Oberbach) &#8211; Menschen mit Schilddr\u00fcsen-\u00dcberfunktion sollten sich langsam an die Energie der Platte gew\u00f6hnen! Auch das Wurzel-Chakra steigt auf 40 000 Bovis. Das Solarplexus- und das Blase-\/Sexual-Chakra steigt auf ebenfalls sehr hohe 35 000 Bovis. Das Stirn-Chakra steigt auf 28 000 Bovis, Kronen- und Hals-Chakra erh\u00f6hen ihre Energie auf 28 000 Bovis, Kronen, Stirn- und Herz-Chakra auf 21 000 Bovis. Die Platte weist noch eine Besonderheit auf: die starke Aktivierung des Hals-Chakras ist mit einer zus\u00e4tzlichen starken &#8222;elektrischen&#8220; Ausstrahlung verbunden und die Anbindung zur \u00e4therischen Matrix der Person wird unterst\u00fctzt, was Prozesse der Selbstheilung und seelischen R\u00fcckbindung unterst\u00fctzt.<br \/>\nWerden die beiden Platten &#8222;Heilige Liebe&#8220; und &#8222;Bukovicka zusammen angewendet steigt die Energie aller Chakras auf 40 000 Bovis, beim Blase-\/Sexual-Chakra nur etwas schw\u00e4cher. Der bioenergetische Reaktionsabstand erh\u00f6ht sich von zirka 75 Zentimetern um den K\u00f6rper auf 2,90 Meter!<\/em><\/p>\n<p><em><br \/>\n<\/em><\/p>\n<p><em><strong>Wichtiger Hinweis:<br \/>\nWir weisen ausdr\u00fccklich darauf hin, dass die Kolzov-Platte (russische Bezeichnung: &#8222;Korrektoren des funktionalen Zustands&#8220;) ein alternatives Energie- und Informationsprodukt ist und kein Heilmittel im Sinne der westlichen Schulmedizin. Vielmehr ist es ein rein energetisches Hilfsmittel zur ganzheitlichen Balancierung von energetischen Disharmonien und Blockaden. Informationen \u00fcber Qualit\u00e4t und Eigenschaften des Energieobjekts beziehen sich auf Aussagen des russischen Herstellers und alternativen Theorien zu Mensch und Umwelt, auf alternative Anschauungen und esoterische \u00dcberlieferungen oder Aussagen. Sie gelten nur im Sinne der esoterischen Lebensphilosophie und daran angelehnte Alternativheilkunde. Wirkungen im Sinne westlicher Wissenschaft oder Medizin werden hier nicht behauptet.<\/strong><\/em><\/p>","protected":false},"excerpt":{"rendered":"<p>Die Platte <b data-path-to-node=\"2\" data-index-in-node=\"11\">\u201eGeometrie des Lebens\u201c<\/b> (mexikanische Basaltprismen) ist der ideale Schutz gegen \u201eHerden-Mentalit\u00e4t\u201c und Fremdbestimmung durch Gurus oder Trends. Sie hilft dir, deine pers\u00f6nlichen Grenzen zu wahren, Priorit\u00e4ten klar zu setzen und dir selbst treu zu bleiben. K\u00f6rperlich wirkt sie als kraftvolles Anti-Aging-Tool: Sie regeneriert Gef\u00e4\u00dfe, unterst\u00fctzt die Entgiftung und bringt den Organismus in den Energiezustand der Jugend zur\u00fcck. Zudem bietet sie energetische Hilfe bei Entz\u00fcndungen und nach Schlaganf\u00e4llen.<\/p>","protected":false},"featured_media":2355,"comment_status":"open","ping_status":"closed","template":"","meta":[],"product_brand":[],"product_cat":[33],"product_tag":[132],"class_list":{"0":"post-1736","1":"product","2":"type-product","3":"status-publish","4":"has-post-thumbnail","6":"product_cat-elite-series","7":"product_tag-132","9":"first","10":"instock","11":"taxable","12":"shipping-taxable","13":"purchasable","14":"product-type-simple"},"_links":{"self":[{"href":"https:\/\/vigo-rio.com\/en\/wp-json\/wp\/v2\/product\/1736","targetHints":{"allow":["GET"]}}],"collection":[{"href":"https:\/\/vigo-rio.com\/en\/wp-json\/wp\/v2\/product"}],"about":[{"href":"https:\/\/vigo-rio.com\/en\/wp-json\/wp\/v2\/types\/product"}],"replies":[{"embeddable":true,"href":"https:\/\/vigo-rio.com\/en\/wp-json\/wp\/v2\/comments?post=1736"}],"wp:featuredmedia":[{"embeddable":true,"href":"https:\/\/vigo-rio.com\/en\/wp-json\/wp\/v2\/media\/2355"}],"wp:attachment":[{"href":"https:\/\/vigo-rio.com\/en\/wp-json\/wp\/v2\/media?parent=1736"}],"wp:term":[{"taxonomy":"product_brand","embeddable":true,"href":"https:\/\/vigo-rio.com\/en\/wp-json\/wp\/v2\/product_brand?post=1736"},{"taxonomy":"product_cat","embeddable":true,"href":"https:\/\/vigo-rio.com\/en\/wp-json\/wp\/v2\/product_cat?post=1736"},{"taxonomy":"product_tag","embeddable":true,"href":"https:\/\/vigo-rio.com\/en\/wp-json\/wp\/v2\/product_tag?post=1736"}],"curies":[{"name":"wp","href":"https:\/\/api.w.org\/{rel}","templated":true}]}}