{"id":1733,"date":"2026-01-15T09:48:35","date_gmt":"2026-01-15T09:48:35","guid":{"rendered":"https:\/\/vigo-rio.com\/?post_type=product&#038;p=1733"},"modified":"2026-02-25T22:23:38","modified_gmt":"2026-02-25T22:23:38","slug":"fc-fifth-dimension","status":"publish","type":"product","link":"https:\/\/vigo-rio.com\/en\/product\/fc-fifth-dimension\/","title":{"rendered":"FC F\u00fcnfte Dimension \/ Fifth Dimension"},"content":{"rendered":"<p><strong>Kolzov-Platte: &#8222;F\u00fcnfte Dimension&#8220;\u00a0&#8211; (Energieportal Spiegeldatum 22.02.2022: f\u00fcr Losl\u00f6sen von alten negativen Programmen, Erwachen zum wahren Leben, Bewusstseinsentwicklung)<\/strong><\/p>\n<p><strong><em>(bei paarweiser Anwendung am besten mit der Platte &#8222;Heiliger See&#8220;)<\/em><br \/>\n<\/strong><\/p>\n<p><strong>&#8211; neueste Version mit 8-Elementen (8 enthaltenen Energiespeicher-Chips)<\/strong><\/p>\n<p><em>Die Platte tr\u00e4gt die russische Aufschrift: \u00ab\u041f\u042f\u0422\u041e\u0415 \u0418\u0417\u041c\u0415\u0420\u0415\u041d\u0418\u0415\u00bb bzw. auf dem erg\u00e4nzenden Deckblatt: 22022022 &#8211; FIFTH DIMENSION, CINQUIEME DIMENSION, F\u00dcNFTE DIMENSION<br \/>\n<\/em><\/p>\n<p>\u00c4hnlich wie auf der Platte &#8222;Smaragd-Tafel&#8220; und &#8222;Geheimnis des Universums&#8220; sind auf dieser Platte die Energien eines besonderen kosmo-energetischen Portals gespeichert &#8211; hier des Portals, das sich am &#8222;Spiegeldatum&#8220; 22.02\/2022 ge\u00f6ffnet hat. Die Platte &#8222;F\u00fcnfte Dimension&#8220; ist damit die dritte und vorerst letzte Platte zu einem Spiegeldatum, da sich das n\u00e4chste Spiegeldatum erst wieder am 03.02.\/2030 ergibt.<\/p>\n<p>Die Platte arbeitet mit dem Bewusstsein und dem Unterbewusstsein des Anwenders: Auf der physischen Ebene versorgt sie den Benutzer mit viel Energie und auf einer subtilen Ebene reinigt sie von negativen Programmen und richtet das emotionale Feld auf ein h\u00f6heres Bewusstsein und eine neue zuk\u00fcnftige Zeit aus &#8211; dabei hilft sie, bereits angelegte Ereignisse zu korrigieren, so dass sich eine positivere Zukunft ergibt.<\/p>\n<p><em>Die Aussagen beziehen sich auf alternative Testmethoden wie Meridianenergie-Messungen der Organfunktionskreisl\u00e4ufe nach TCM, Kirlian-Fotografie (EPG\/GDV-Kamera), Oberon, Amsat o.\u00e4. durch den Hersteller &#8222;Planet der Regionen&#8220; und stellen keine medizinische oder auf den physischen K\u00f6rper und dessen Organe bezogenen Aussage im Sinne der westlichen Schulmedizin dar.<\/em><\/p>\n<p><strong>Die Platte ist in diesem Sinne vor allem geeignet f\u00fcr:<\/strong><\/p>\n<ul>\n<li>aktiviert einen Energiefluss, der einen Neubeginn initiiert und nach und nach alles eliminiert, was veraltet ist und das Weiterkommen behindert &#8211; sowohl in der \u00e4u\u00dferen als auch in der inneren Welt des Benutzers,<\/li>\n<li>f\u00fchrt auf energetischer und geistiger Ebene zur Annahme und Zuwendung zu g\u00f6ttlichen Ebenen, die auf Vereinigung, Einheit, Integrit\u00e4t, Frieden, Gleichgewicht und universelle Harmonie abzielen,<\/li>\n<li>aktiviert Energien f\u00fcr den \u00dcbergang auf eine andere Entwicklungsebene &#8211; von der Dualit\u00e4t der Trennung zur Binah-Einheit (Bin ist die Verbindung zweier Prinzipien in der Unendlichkeit)<\/li>\n<li>l\u00f6scht Beschr\u00e4nkungen im menschlichen Bewusstsein und hilft, es von sch\u00e4dlichen und zerst\u00f6rerischen Programme der 3D-Matrix zu reinigen, legt den Grundstein f\u00fcr die Sch\u00f6pfung der Zukunft,<\/li>\n<li>hilft dem Benutzer, zum wirklichen Leben zu \u201eerwachen\u201c und arbeitet als eine Art \u201eL\u00fcgendetektor\u201c, indem es dabei hilft: &#8211; verschiedene Einfl\u00fcsterungen, L\u00fcgen, induzierte Programme und T\u00e4uschungen im allgemeinen Geschehen der Weltordnung zu erkennen; &#8211; falsche \u00fcbernommene Werte und \u00dcberzeugungen und fixe Konzepte von Gut und B\u00f6se, Licht und Dunkelheit zu identifizieren und aufzul\u00f6sen; &#8211; Selbstt\u00e4uschungen aufgrund &#8222;implantierter&#8220;, suggerierter bewusster und unbewusster Ansichten zu beseitigen,<\/li>\n<li>l\u00f6st eventuelle hemmende \u201eAnker\u201c, die einer positiven Entwicklung im Wege stehen &#8211; dadurch k\u00f6nnen neue notwendigen Gedanken und Ideen entstehen, die wiederum unter anderem helfen, Zukunfts\u00e4ngste, Zweifel und Mutlosigkeit zu \u00fcberwinden,<\/li>\n<li>hilft auch dabei, sich von &#8222;schmerzhaften&#8220; karmischen Beziehungen zu l\u00f6sen und von Co-Abh\u00e4ngigkeit in jeglicher Art von Partnerschaft (Familie, Arbeit, Freunde, Mentoren usw.) zu befreien,<\/li>\n<li>l\u00f6st giftige Emotionen und Gef\u00fchle auf und befreit den Geist von destruktiven Anhaftungen und Programmen verschiedener Arten, aktiviert die sch\u00f6pferischen Energien von Freude und Liebe und hilft, zur Integrit\u00e4t des H\u00f6heren Selbst zu gelangen,<\/li>\n<li>aktiviert Energien f\u00fcr spirituelle Einsicht und eine multidimensionale Entwicklung der Seele, \u00f6ffnet f\u00fcr eine neue Stufe der Evolution des Bewusstseins und vermittelt den Segen der H\u00f6heren Kr\u00e4fte des Lichts,<\/li>\n<li>hilft die integrale Struktur der ureigenen Pers\u00f6nlichkeit wiederherzustellen und lehrt den Anwender, selbst Verantwortung f\u00fcr sein Leben zu \u00fcbernehmen,<\/li>\n<li>stellt die Struktur des Biofelds wieder her und gleicht sie aus, harmonisiert und st\u00e4rkt so die gesamt Aura und gleicht die polaren Energieebenen der m\u00e4nnlichen und weiblichen Prinzipien, Yin und Yang, aus,<\/li>\n<li>erf\u00fcllt mit universellem Mitgef\u00fchl in der h\u00f6chsten Manifestation von Liebe und Akzeptanz und erlaubt zu sp\u00fcren, was Weichheit, Liebe und Verst\u00e4ndnis ist,<\/li>\n<li>leitet wie ein Leuchtfeuer, um unter allen Umst\u00e4nden weiter auf seinem Weg im Leben gehen zu k\u00f6nnen,<\/li>\n<li>gew\u00e4hrt dem Benutzer die F\u00e4higkeit, g\u00fcnstige Gelegenheiten im Leben wahrzunehmen und zu nutzen, um ein Portal der F\u00fclle zu \u00f6ffnen.<\/li>\n<\/ul>\n<p>Auf der Platte &#8222;F\u00fcnfte Dimension&#8220; sind die Energien und Informationen eines kosmo-energetischen Portals gespeichert, das sich am Tag des Spiegeldatums 22.02.2022 ge\u00f6ffnet hat.<\/p>\n<p>TIPP 1: Die Platte &#8222;F\u00fcnfte Dimension&#8220; arbeitet sehr gut mit der neuen Platte &#8222;Heiliger See&#8220; zusammen, die zusammen eine Verbindung von Erde und Kosmos erschaffen. Der Korrektor schaltet sich schnell, kraftvoll, vorsichtig und mit gro\u00dfer universeller Liebe zum Benutzer ein. Achten Sie jedoch darauf, als erstes eventuelle negative Einstellungen und unbewusst ausgestrahlte negative Ansichten zu transformieren, indem Sie die Platte zun\u00e4chst auf das Stirn-Chakra legen, danach auf das Herz-Chakra und dann auf das erste und zweite Chakra (das Wurzel- und das Blase-\/Sexual-Chakra) legen.<br \/>\nBei Verwendung mit der Platte &#8222;Heiliger See&#8220; kann man diese Platte auf das erste Chakra legen und die Platte &#8222;F\u00fcnfte Dimension&#8220; nacheinander entsprechend auf das 6., 4. und 2. Chakra und sich zwischen beiden Platten durchstr\u00f6men lassen.<\/p>\n<p>TIPP 2: Bei der Arbeit mit dieser Platte ist es besonders wichtig, achtsam mit seinen Worten und Taten zu sein, denn sie unterst\u00fctzt deren Erf\u00fcllung &#8211; im Positiven, aber auch im Negativen. Sie lehrt so, selbst f\u00fcr sich verantwortlich zu sein und sich auf eine h\u00f6here Ebene des Bewusstseins, der Achtsamkeit und Mitgef\u00fchls zu entwickeln. Zur Unterst\u00fctzung kann man sich Affirmationen notieren wie &#8222;ich befreie mich von negativen alten Programmen&#8220; &#8211; etwa zur Einstimmung vor einer Meditation, um sich selbst zu reinigen und von S\u00fcchten und negativen Emotionen zu befreien, um Aggressionen auf ethische Weise loszuwerden.<\/p>\n<p>TIPP 3: Die Platte kann in Kombination mit allen zuvor erschienenen Platten und Armb\u00e4ndern verwendet werden, inbesondere mit: &#8222;Nr.17&#8220;, &#8222;Nr.20&#8220; und &#8222;Nr.22&#8220; der Serie Gold, mit den beiden anderen Platten mit einem &#8222;Spiegeldatum&#8220;, also mit &#8222;Smaragd-Tafel&#8220; und &#8222;Geheimnis des Universums&#8220; (Serie Elite&#8220;), mit den Platten &#8222;Neue Zeit&#8220;, &#8222;Umwandlung&#8220;, &#8222;Petrowotschka&#8220; (&#8222;Petrov-Quelle&#8220;), &#8222;Kuza-H\u00f6hle.Sansibar&#8220; und Kuumbi-H\u00f6hle.Sansibar&#8220;, &#8222;Erwachen der Seele&#8220; (alle Serie ELITE in der 8-Elemente-Reihe), &#8222;Wahrhaftie Liebe&#8220; (Serie Gr\u00fcn), &#8222;Renaissance&#8220;, &#8222;Frieden&#8220;, &#8222;Tore des Schicksal&#8220;, &#8222;Kraft des Gesites&#8220;, &#8222;Bakalar. Cenoten Yucatans&#8220;, &#8222;Himmlische F\u00fcrbitte&#8220;, &#8222;Transforamtion&#8220;, &#8222;Energien der Erf\u00fcllung&#8220; (Serie Elite) , &#8222;Gl\u00fcckseligkeit&#8220; (Serie Kollektion)<\/p>\n<p>Zur BEACHTUNG: Bei dieser Platte sollte das Wasser zum Energetisieren mindestens 45 Minuten lang darauf gestellt werden. Flie\u00dfendes Wasser wird sofort informiert!<\/p>\n<p><em><u>Ergebnis im LIFE-TEST:\u00a0<\/u>Die Kolzov-Platte &#8222;F\u00fcnfte Dimension&#8220; hat ein neutrales Energiefeld mit mehr als 40 000 Bovis. Damit aktiviert sie das Kronen-Charka auf 40 000 Bovis, Hals-, Solarplexus- und Wurzel-Chakra auf ebenfalls sehr hohe 35 000 Bovis. Chakra. Stirn- und Herz-Chakra vervierfachen noch ihre Energie auf 28 000 Bovis. Das Blase-\/Sexual-Chakra steigt auf 21 000 Bovis. Durch die Aufladung der Chakras w\u00e4chst der bioenergetische Reaktionsabstand von zirka 75 Zentimetern um den K\u00f6rper auf 2,10 Meter.<br \/>\nWerden die beiden Platten &#8222;F\u00fcnfte Dimension&#8220; und &#8222;Heiliger See&#8220; zusammen angewendet steigt die Energie aller Chakras auf 40 000 Bovis, beim Solarplexus-Chakra nur etwas schw\u00e4cher. Der bioenergetische Reaktionsabstand erh\u00f6ht sich von zirka 75 Zentimetern um den K\u00f6rper auf 3,30 Meter!<\/em><\/p>\n<p><strong><em>Wichtiger Hinweis:<br \/>\nWir weisen ausdr\u00fccklich darauf hin, dass die Kolzov-Platte (russische Bezeichnung: &#8222;Korrektoren des funktionalen Zustands&#8220;) ein alternatives Energie- und Informationsprodukt ist und kein Heilmittel im Sinne der westlichen Schulmedizin. Vielmehr ist es ein rein energetisches Hilfsmittel zur ganzheitlichen Balancierung von energetischen Disharmonien und Blockaden. Informationen \u00fcber Qualit\u00e4t und Eigenschaften des Energieobjekts beziehen sich auf Aussagen des russischen Herstellers und alternativen Theorien zu Mensch und Umwelt, auf alternative Anschauungen und esoterische \u00dcberlieferungen oder Aussagen. Sie gelten nur im Sinne der esoterischen Lebensphilosophie und daran angelehnte Alternativheilkunde. Wirkungen im Sinne westlicher Wissenschaft oder Medizin werden hier nicht behauptet.<\/em><\/strong><\/p>","protected":false},"excerpt":{"rendered":"<p>Die Platte <b data-path-to-node=\"2\" data-index-in-node=\"11\">\u201eF\u00fcnfte Dimension\u201c<\/b> (22.02.2022) ist ein m\u00e4chtiges Werkzeug f\u00fcr den \u00dcbergang in eine neue Zeit. Sie fungiert als \u201eL\u00fcgendetektor\u201c f\u00fcr das Bewusstsein, indem sie Manipulationen, Fremdbestimmung und veraltete 3D-Programme entlarvt und l\u00f6scht. Sie hilft dabei, schmerzhafte karmische Bindungen und Co-Abh\u00e4ngigkeiten zu l\u00f6sen, Zukunfts\u00e4ngste zu \u00fcberwinden und die eigene Aura multidimensional auszurichten. Als \u201eLeuchtfeuer\u201c unterst\u00fctzt sie den Anwender dabei, volle Verantwortung f\u00fcr sein Leben zu \u00fcbernehmen und Portale der F\u00fclle sowie des universellen Mitgef\u00fchls zu \u00f6ffnen.<\/p>","protected":false},"featured_media":2352,"comment_status":"open","ping_status":"closed","template":"","meta":[],"product_brand":[],"product_cat":[33],"product_tag":[127],"class_list":{"0":"post-1733","1":"product","2":"type-product","3":"status-publish","4":"has-post-thumbnail","6":"product_cat-elite-series","7":"product_tag-127","9":"first","10":"instock","11":"taxable","12":"shipping-taxable","13":"purchasable","14":"product-type-simple"},"_links":{"self":[{"href":"https:\/\/vigo-rio.com\/en\/wp-json\/wp\/v2\/product\/1733","targetHints":{"allow":["GET"]}}],"collection":[{"href":"https:\/\/vigo-rio.com\/en\/wp-json\/wp\/v2\/product"}],"about":[{"href":"https:\/\/vigo-rio.com\/en\/wp-json\/wp\/v2\/types\/product"}],"replies":[{"embeddable":true,"href":"https:\/\/vigo-rio.com\/en\/wp-json\/wp\/v2\/comments?post=1733"}],"wp:featuredmedia":[{"embeddable":true,"href":"https:\/\/vigo-rio.com\/en\/wp-json\/wp\/v2\/media\/2352"}],"wp:attachment":[{"href":"https:\/\/vigo-rio.com\/en\/wp-json\/wp\/v2\/media?parent=1733"}],"wp:term":[{"taxonomy":"product_brand","embeddable":true,"href":"https:\/\/vigo-rio.com\/en\/wp-json\/wp\/v2\/product_brand?post=1733"},{"taxonomy":"product_cat","embeddable":true,"href":"https:\/\/vigo-rio.com\/en\/wp-json\/wp\/v2\/product_cat?post=1733"},{"taxonomy":"product_tag","embeddable":true,"href":"https:\/\/vigo-rio.com\/en\/wp-json\/wp\/v2\/product_tag?post=1733"}],"curies":[{"name":"wp","href":"https:\/\/api.w.org\/{rel}","templated":true}]}}