{"id":1732,"date":"2026-01-15T09:48:12","date_gmt":"2026-01-15T09:48:12","guid":{"rendered":"https:\/\/vigo-rio.com\/?post_type=product&#038;p=1732"},"modified":"2026-02-25T22:25:27","modified_gmt":"2026-02-25T22:25:27","slug":"fc-eternity","status":"publish","type":"product","link":"https:\/\/vigo-rio.com\/en\/product\/fc-eternity\/","title":{"rendered":"FC Ewigkeit \/  Eternity"},"content":{"rendered":"<p><strong>Kolzov-Platte: &#8222;Ewigkeit&#8220;\u00a0&#8211; (Spiritualit\u00e4t, Langes Leben, Freude und Harmonie)<\/strong><br \/>\n<em>Die Platte tr\u00e4gt die russische Aufschrift: \u0412\u0415\u0427\u041d\u041e\u0421\u0422\u042c<\/em><\/p>\n<p>Die Kolzov-Platte f\u00f6rdert die Verbindung mit den Energien der Ewigkeit, der Freude, Vitalit\u00e4t und des Langen Lebens und hilft, einen Raum voller Liebe und G\u00fcte um sich zu erschaffen. Die Verwendung der Platte &#8222;Ewigkeit&#8220; stimuliert die Erweckung der in uns schlummernden Energien der Langlebigkeit und der Ewigkeit und erm\u00f6glicht es uns, die Freude, die daraus entspringt die Ewigkeit zu sp\u00fcren, wieder zu erleben. Es ist die vergessene g\u00f6ttliche Emotion, wenn im Fr\u00fchjahr die erwachende Vegetation und die Fruchtbarkeit des Lebens mit einem &#8222;Freudenfeuer&#8220; begr\u00fc\u00dft und der Winter verabschiedet werden. Es ist das Geschenk der G\u00f6ttin Kostroma (die russische Version der Fr\u00fchlings- und Fruchtbarkeitsg\u00f6ttin), die uns an der Freude der Ewigkeit teilhaben l\u00e4sst und uns zeigt, der Mensch kann alles erreichen, was er sich vorstellen und f\u00fchlen kann.<\/p>\n<p><em>Die Aussagen beziehen sich auf alternative Testmethoden wie Meridianenergie-Messungen der Organfunktionskreisl\u00e4ufe nach TCM, Kirlian-Fotografie (EPG\/GDV-Kamera), Oberon, Amsat o.\u00e4. durch den Hersteller &#8222;Planet der Regionen&#8220; und stellen keine medizinische oder auf den physischen K\u00f6rper und dessen Organe bezogenen Aussage im Sinne der westlichen Schulmedizin dar.<\/em><\/p>\n<p><strong>Die Platte ist in diesem Sinne vor allem geeignet f\u00fcr:<\/strong><\/p>\n<ul>\n<li>regt das Streben des Menschen nach Bewusstheit und spiritueller Einheit mit der urspr\u00fcnglichen g\u00f6ttlichen Quelle an,<\/li>\n<li>unterst\u00fctzt im Energetischen das Ziel einer langen Lebensdauer bei k\u00f6rperlicher und geistiger Gesundheit,<\/li>\n<li>st\u00e4rkt die Verbindung und den Einklang mit den Gesetzen der Harmonie im Universum und f\u00f6rdert rechtschaffenes Handel im Einklang mit den universellen Gesetzen,<\/li>\n<li>richtet das Bewusstsein auf die wahren, ureigenen Seelenaufgaben aus und hilft dabei dieses g\u00f6ttliche Ziel zu manifestieren,<\/li>\n<li>hilft so auch dabei, spirituelle Sch\u00f6nheit und spirituellen Reichtum zu erlangen und allm\u00e4hlich und immer h\u00e4ufiger einen Zustands der absoluten g\u00f6ttlichen Liebe zu aktivieren,<\/li>\n<li>tr\u00e4gt dazu bei, dass in der Seele die Freude an der Sch\u00f6pfung w\u00e4chst und die Seele in den Energien der Ewigkeit verankert ist,<\/li>\n<li>st\u00e4rkt die psychisch-emotionale Ausgeglichenheit und das Wohlbefinden von K\u00f6rper, Geist und Seele und unterst\u00fctzt das Erreichen eines harmonischen Zusammenlebens in allen Bereichen,<\/li>\n<li>so hilft die Platte auch dabei, im eigenen Leben und pers\u00f6nlichen Umfeld einen Raum voller Liebe zu erschaffen, um zu lieben und selbst geliebt zu werden,<\/li>\n<li>hilft, das Ahnenged\u00e4chtnis wiederherzustellen, um die positive Unterst\u00fctzung der Ahnen zu aktivieren,<\/li>\n<li>diese Kolzov-Platte erleichtert es, neue Visionen seines Lebens zu entwickeln, neue Energien zu erkennen und anzunehmen und das eigene Leben zu gestalten, um einen Raum voller Liebe und G\u00fcte um sich zu erschaffen.<\/li>\n<li>aktiviert das g\u00f6ttliche Gef\u00fchl des &#8222;Freudenfeuers&#8220;: die Freude, das Gef\u00fchl der Ewigkeit zu sp\u00fcren.<\/li>\n<\/ul>\n<p>Auf der Kolzov- Platte &#8222;Ewigkeit&#8220; sind unter anderem die Informationen des kosmo-energetischen Kanals der G\u00f6ttin Kostroma gespeichert. Kostroma ist die russische G\u00f6ttin des Fr\u00fchlings und der Fruchtbarkeit, ihr Name leitet sich ab von &#8222;Kostjor&#8220; = Freudenfeuer, Leuchtfeuer, dem Fr\u00fchlingsfeuer, mit dem der Winter verabschiedet und der Fr\u00fchling begr\u00fc\u00dft wird.<\/p>\n<p>TIPP 1: Sollen die Energien der Freude, inneren Harmonie und Verbundenheit mit dem g\u00f6ttlichen Ursprung zus\u00e4tzlich gest\u00e4rkt werden, nimmt man die Kolzov-Platte &#8222;Ewigkeit&#8220; in die rechte Hand, spannt den Hals leicht an und ber\u00fchrt mit der rechten Hand die rechte Halsschlagader (und informiert so mit der Platte das vorbeiflie\u00dfende Blut in der rechten Halsschlagader). Danach wechselt man Seite: die Platte in die linke Hand nehmen und an die linke Halsseite auf die linke Halsschlagader halten.<\/p>\n<p>TIPP 2: Die Energien der Ewigkeit und des langen Lebens werden zus\u00e4tzlich gest\u00e4rkt, wenn man die Platte bei sich hat und harmonische Musik h\u00f6rt oder spielt etwa bei Gitarren- und Keyboard-Musik o.\u00e4.<\/p>\n<p>TIPP 3: Sollen Kraft und Lebensenergie durch die Platte besonders gest\u00e4rkt werden, legt man mindestens 6 Stunden oder l\u00e4nger eines der folgenden Lebensmittel zum Energetisieren auf die Platte und verzehrt sie: Gurken, Brombeeren, Erdn\u00fcsse, Roggen und Majoran, Pilze insbesondere der Kuhpilz &#8222;Suillus bovinus&#8220;.<\/p>\n<p>TIPP 4: Die Platte &#8222;Ewigkeit&#8220; kann mit allen zuvor erschienenen Platten und Armb\u00e4ndern kombiniert werden, besonders aber den Kolzov-Platten &#8222;Langes Leben&#8220; und &#8222;Harmonie&#8220; (Serie Gr\u00fcn), &#8222;Geheimnis des Weisen&#8220;, &#8222;Kolzovs Lichtgeschenk&#8220;, &#8222;Wundert\u00e4ter&#8220;, &#8222;Inka&#8220; und &#8222;Gr\u00fcne Tara &#8211; Kailash&#8220; (Serie Elite) sowie den Platten &#8222;Kamerton&#8220;, &#8222;Gl\u00fcckseligkeit&#8220;, &#8222;Sieger&#8220; und &#8222;Indi&#8220; (Serie Kollektion).<\/p>\n<p>TIPP 5: Die beste Zeit f\u00fcr eine intensive Arbeit mit der Platte ist zudem die achte Morgenstunde (zwischen 7-8 Uhr), weil die heilige Zahl der G\u00f6ttin Kostroma die &#8222;8&#8220; ist.<\/p>\n<p>ZUR BEACHTUNG: Bei dieser Platte sollte das Wasser zum Energetisieren mindestens 6 Stunden lang darauf gestellt werden. Die Platte kann sehr gut zur Segnung und Energetisierung von Lebensmitteln verwendet werden.<\/p>\n<p><em><u>Ergebnis im LIFE-TEST:<\/u>\u00a0Die Kolzov-Platte &#8222;Ewigkeit&#8220; hat ein neutrales Energiefeld mit mehr als 40 000 Bovis. Damit aktiviert sie die vier oberen Chakras alle auf \u00fcber 40 000 Bovis, also Kronen-, Stirn-, Hals und Herz-Chakra steigen auf diesen hohen Wert (= \u00fcber die sichere Messgrenze in dieser standardisierten Messmethode; mehr &#8222;geht&#8220; also nicht). Das Solarplexus-Chakra steigt auf 35 000 Bovis, das Blase-\/Sexual-Chakra auf 28 000 Bovis und das Wurzel-Chakra verdoppelt seine Energie auf 14 000 Bovis. Durch die Aufladung der Chakras w\u00e4chst der bioenergetische Reaktionsabstand von zirka 75 Zentimetern um den K\u00f6rper auf 2,10 Meter.<\/em><\/p>\n<p><strong><em>Wichtiger Hinweis:<br \/>\nWir weisen ausdr\u00fccklich darauf hin, dass die Kolzov-Platte (russische Bezeichnung: &#8222;Korrektoren des funktionalen Zustands&#8220;) ein alternatives Energie- und Informationsprodukt ist und kein Heilmittel im Sinne der westlichen Schulmedizin. Vielmehr ist es ein rein energetisches Hilfsmittel zur ganzheitlichen Balancierung von energetischen Disharmonien und Blockaden. Informationen \u00fcber Qualit\u00e4t und Eigenschaften des Energieobjekts beziehen sich auf Aussagen des russischen Herstellers und alternativen Theorien zu Mensch und Umwelt, auf alternative Anschauungen und esoterische \u00dcberlieferungen oder Aussagen. Sie gelten nur im Sinne der esoterischen Lebensphilosophie und daran angelehnte Alternativheilkunde. Wirkungen im Sinne westlicher Wissenschaft oder Medizin werden hier nicht behauptet.<\/em><\/strong><\/p>","protected":false},"excerpt":{"rendered":"<p>verbindet den Anwender mit den Energien der Langlebigkeit, der g\u00f6ttlichen Liebe und der universellen Harmonie. Sie unterst\u00fctzt die geistige Gesundheit, hilft bei der Manifestation der wahren Seelenaufgabe und erschafft einen Raum voller G\u00fcte und Liebe im pers\u00f6nlichen Umfeld. Durch die Aktivierung des \u201eAhnenged\u00e4chtnisses\u201c wird zudem die positive Unterst\u00fctzung der Vorfahren f\u00fcr die eigene Lebensgestaltung zug\u00e4nglich gemacht.<\/p>","protected":false},"featured_media":2189,"comment_status":"open","ping_status":"closed","template":"","meta":[],"product_brand":[],"product_cat":[33],"product_tag":[102],"class_list":{"0":"post-1732","1":"product","2":"type-product","3":"status-publish","4":"has-post-thumbnail","6":"product_cat-elite-series","7":"product_tag-102","9":"first","10":"instock","11":"taxable","12":"shipping-taxable","13":"purchasable","14":"product-type-simple"},"_links":{"self":[{"href":"https:\/\/vigo-rio.com\/en\/wp-json\/wp\/v2\/product\/1732","targetHints":{"allow":["GET"]}}],"collection":[{"href":"https:\/\/vigo-rio.com\/en\/wp-json\/wp\/v2\/product"}],"about":[{"href":"https:\/\/vigo-rio.com\/en\/wp-json\/wp\/v2\/types\/product"}],"replies":[{"embeddable":true,"href":"https:\/\/vigo-rio.com\/en\/wp-json\/wp\/v2\/comments?post=1732"}],"wp:featuredmedia":[{"embeddable":true,"href":"https:\/\/vigo-rio.com\/en\/wp-json\/wp\/v2\/media\/2189"}],"wp:attachment":[{"href":"https:\/\/vigo-rio.com\/en\/wp-json\/wp\/v2\/media?parent=1732"}],"wp:term":[{"taxonomy":"product_brand","embeddable":true,"href":"https:\/\/vigo-rio.com\/en\/wp-json\/wp\/v2\/product_brand?post=1732"},{"taxonomy":"product_cat","embeddable":true,"href":"https:\/\/vigo-rio.com\/en\/wp-json\/wp\/v2\/product_cat?post=1732"},{"taxonomy":"product_tag","embeddable":true,"href":"https:\/\/vigo-rio.com\/en\/wp-json\/wp\/v2\/product_tag?post=1732"}],"curies":[{"name":"wp","href":"https:\/\/api.w.org\/{rel}","templated":true}]}}