{"id":1731,"date":"2026-01-15T09:47:53","date_gmt":"2026-01-15T09:47:53","guid":{"rendered":"https:\/\/vigo-rio.com\/?post_type=product&#038;p=1731"},"modified":"2026-02-04T20:09:42","modified_gmt":"2026-02-04T20:09:42","slug":"fc-energies-of-success","status":"publish","type":"product","link":"https:\/\/vigo-rio.com\/en\/product\/fc-energies-of-success\/","title":{"rendered":"FC Energien des Gelingens \/ Energies of Success"},"content":{"rendered":"<p><strong>Kolzov-Platte: &#8222;Energien des Gelingens&#8220; &#8211; (verbessert die Kommunikation, hilft in Geldfragen, zieht gl\u00fcckliche Umst\u00e4nde ins Leben)<\/strong><\/p>\n<p><em>Die Platte tr\u00e4gt die russische Aufschrift: \u00ab\u042d\u041d\u0415\u0420\u0413\u0418\u0418 \u0423\u0414\u0410\u0427\u0418\u00bb<\/em><\/p>\n<p>Mit dieser Platte gelingt vieles im Leben einfacher und schneller: wie ein Magnet zieht sie gl\u00fccklichere Umst\u00e4nde ins Leben und hilft dabei, die Aufgaben im Leben besser meistern zu k\u00f6nnen und sich auf eine spirituellere Ausrichtung einzustellen. Die Platte unterst\u00fctzt in allen Geldangelegenheiten: sie kann f\u00fcr die Vorbereitung und Durchf\u00fchrung von Verhandlungen und Vertragsunterzeichnungen, bei Gesch\u00e4ftsterminen, zur Steuerung von Finanzstr\u00f6men, beim Einholen von Finanzinformationen (auch Schulungen, Kurse, Seminare) und in der Ausbildung im Bereich Finanzen eingesetzt werden.<\/p>\n<p><em>Die Aussagen beziehen sich auf alternative Testmethoden wie Meridianenergie-Messungen der Organfunktionskreisl\u00e4ufe nach TCM, Kirlian-Fotografie (EPG\/GDV-Kamera), Oberon, Amsat o.\u00e4. durch den Hersteller &#8222;Planet der Regionen&#8220; und stellen keine medizinische oder auf den physischen K\u00f6rper und dessen Organe bezogenen Aussage im Sinne der westlichen Schulmedizin dar.<\/em><\/p>\n<p><strong>Die Platte ist in diesem Sinne vor allem geeignet f\u00fcr:<\/strong><\/p>\n<ul>\n<li>aktiviert die Kommunikationsf\u00e4higkeit des Anwenders, verleiht ihm die F\u00e4higkeit, mit anderen Menschen besser verhandeln zu k\u00f6nnen und eine qualitativ hochwertige Kommunikation in verschiedenen Lebensbereichen (Arbeit, Familie, Gesellschaft) aufzubauen,<\/li>\n<li>hilft dabei, mehr Geschick in gesch\u00e4ftlichen Angelegenheiten zu entwickeln und die F\u00e4higkeit zu entfalten, Finanzstr\u00f6me steuern zu k\u00f6nnen,<\/li>\n<li>aktiviert die F\u00e4higkeit, die einfachen Probleme des Lebens leicht l\u00f6sen zu k\u00f6nnen und hilft dabei, sich an ver\u00e4ndernde Lebensumst\u00e4nde anzupassen und neue Perspektiven zu entwickeln,<\/li>\n<li>f\u00f6rdert sowohl im gesch\u00e4ftlichen als auch sozialen Umfeld das harmonische Miteinander,<\/li>\n<li>f\u00f6rdert das Eintreten g\u00fcnstiger Umst\u00e4nden, die alle guten Taten und Unternehmungen zu einem erfolgreichen Abschluss f\u00fchren,<\/li>\n<li>st\u00e4rkt die spirituelle Ausrichtung des Bewusstseins, das Gef\u00fchl f\u00fcr die Gr\u00f6\u00dfe des Schicksals und die Unsterblichkeit des Geistes und verhilft zu mehr Frieden in der menschlichen Seele durch das Licht der g\u00f6ttlichen Liebe,<\/li>\n<li>unterst\u00fctzt das Streben des Anwenders nach spiritueller Entwicklung, st\u00e4rkt die innere Harmonie und hilft so, gl\u00fcckliche Umst\u00e4nde ins Leben zu ziehen,<\/li>\n<li>bringt die Eigenschaften des Elements Wasser in Natur und Mensch zum Einklang.<\/li>\n<\/ul>\n<p>Auf der Kolzov-Platte &#8222;Energien des Gelingens&#8220; sind unter anderem die Informationen des kosmoenergetischen Kanals der G\u00f6ttin Yav gespeichert, welche die Freude am Gelingen, &#8222;Yavodast&#8220;, vermittelt.<\/p>\n<p>TIPP 1: Die Platte bietet eine F\u00fclle von Einsatzm\u00f6glichkeiten und ist auch sehr gut f\u00fcr die Energetisierung von Wasser oder Lebensmitteln geeignet. Wenn man die Energien des Gelingens, st\u00e4rker in sich verankern m\u00f6chte, nimmt man die Platte in die rechte Hand, spannt den Hals leicht an und ber\u00fchrt mit der rechten Hand die rechte Halsschlagader (und informiert so mit der Platte das vorbeiflie\u00dfende Blut in der rechten Halsschlagader) f\u00fcr die Dauer von 4 Herzschl\u00e4gen. Danach wechselt man die Seite: die Platte in die linke Hand nehmen und an die linke Halsseite auf die linke Halsschlagader halten. F\u00fcr besondere Arbeiten damit, Meditationen oder Gebeten ist gegen 4.00 Uhr ein besonders g\u00fcnstiger Zeitpunkt.<br \/>\nDie Farbe wei\u00df und der Aquamarin verst\u00e4rken die Wirkung der Platte noch. Die Lebensmittel Topinambur, Buchweiz, wei\u00dfe Pilze, Haseln\u00fcsse, Quitte und Anis unterst\u00fctzen ebenfalls diese Energie.<\/p>\n<p>TIPP 2: Die Energien des Gelingens werden zus\u00e4tzlich gest\u00e4rkt, wenn man die Platte bei sich hat und harmonische Musik etwa vom Harmonium oder der 8-saitigen Tonica-Gitarre h\u00f6rt oder spielt.<\/p>\n<p>TIPP 3: Die Platte &#8222;Energien des Gelingens&#8220; kann einzeln oder in Kombination verwendet werden mit den Platten: &#8222;F\u00fclle &amp; Erfolg&#8220;, &#8222;Fortuna&#8220;, &#8222;Goldener Sand&#8220;, &#8222;Unfallschutz&#8220;(alle Serie Effizient), &#8222;Wohlstand&#8220;, &#8222;Licht des Erfolgs&#8220;, &#8222;Energien der Erf\u00fcllung&#8220; und &#8222;Tapirh\u00f6hle &#8211; Cenoten Yucatans&#8220; (Serie Elite), Armband &#8222;Magnat&#8220;.<\/p>\n<p>ZUR BEACHTUNG: Bei der Platte &#8222;Energien des Gelingens&#8220; sollte das Wasser zum Energetisieren mindestens 9 Stunden lang darauf gestellt werden, am einfachsten \u00fcber Nacht darauf stellen.<\/p>\n<p><em><u>Ergebnis im LIFE-TEST:\u00a0<\/u>Die Kolzov-Platte Platte &#8222;Energien des Gelingens&#8220; hat ein neutrales Energiefeld mit mehr als 40 000 Bovis. Damit aktiviert sie das Solarplexus-Chakra und das Wurzel-Chakra auf 40 000 Bovis. Stirn- und Herz-Chakra steigen auf hohe 35 000 Bovis. Kronen-Chkara und Blase-\/Sexual-Chakra verdreifachen ihre Energie auf 21 000 Bovis, und das Hals-Chakra verdoppelt seine Energie auf 14 000 Bovis. Durch die Aufladung der Chakras w\u00e4chst der bioenergetische Reaktionsabstand von zirka 75 Zentimetern um den K\u00f6rper auf 1,20 Meter.<\/em><\/p>\n<p><strong><em>Wichtiger Hinweis:<br \/>\nWir weisen ausdr\u00fccklich darauf hin, dass die Kolzov-Platte (russische Bezeichnung: &#8222;Korrektoren des funktionalen Zustands&#8220;) ein alternatives Energie- und Informationsprodukt ist und kein Heilmittel im Sinne der westlichen Schulmedizin. Vielmehr ist es ein rein energetisches Hilfsmittel zur ganzheitlichen Balancierung von energetischen Disharmonien und Blockaden. Informationen \u00fcber Qualit\u00e4t und Eigenschaften des Energieobjekts beziehen sich auf Aussagen des russischen Herstellers und alternativen Theorien zu Mensch und Umwelt, auf alternative Anschauungen und esoterische \u00dcberlieferungen oder Aussagen. Sie gelten nur im Sinne der esoterischen Lebensphilosophie und daran angelehnte Alternativheilkunde. Wirkungen im Sinne westlicher Wissenschaft oder Medizin werden hier nicht behauptet.<\/em><\/strong><\/p>","protected":false},"excerpt":{"rendered":"<p>wirkt wie ein Magnet f\u00fcr gl\u00fcckliche Umst\u00e4nde und unterst\u00fctzt den Anwender dabei, gesch\u00e4ftliche Verhandlungen, Finanzstr\u00f6me und die t\u00e4gliche Kommunikation erfolgreich zu meistern. Sie f\u00f6rdert die Anpassungsf\u00e4higkeit an neue Perspektiven, st\u00e4rkt die spirituelle Ausrichtung und bringt durch die Energie der G\u00f6ttin Yav (\u201eYavodast\u201c) Leichtigkeit und Harmonie in alle Lebensbereiche.<\/p>","protected":false},"featured_media":2188,"comment_status":"open","ping_status":"closed","template":"","meta":[],"product_brand":[],"product_cat":[33],"product_tag":[101],"class_list":{"0":"post-1731","1":"product","2":"type-product","3":"status-publish","4":"has-post-thumbnail","6":"product_cat-elite-series","7":"product_tag-101","9":"first","10":"instock","11":"taxable","12":"shipping-taxable","13":"purchasable","14":"product-type-simple"},"_links":{"self":[{"href":"https:\/\/vigo-rio.com\/en\/wp-json\/wp\/v2\/product\/1731","targetHints":{"allow":["GET"]}}],"collection":[{"href":"https:\/\/vigo-rio.com\/en\/wp-json\/wp\/v2\/product"}],"about":[{"href":"https:\/\/vigo-rio.com\/en\/wp-json\/wp\/v2\/types\/product"}],"replies":[{"embeddable":true,"href":"https:\/\/vigo-rio.com\/en\/wp-json\/wp\/v2\/comments?post=1731"}],"wp:featuredmedia":[{"embeddable":true,"href":"https:\/\/vigo-rio.com\/en\/wp-json\/wp\/v2\/media\/2188"}],"wp:attachment":[{"href":"https:\/\/vigo-rio.com\/en\/wp-json\/wp\/v2\/media?parent=1731"}],"wp:term":[{"taxonomy":"product_brand","embeddable":true,"href":"https:\/\/vigo-rio.com\/en\/wp-json\/wp\/v2\/product_brand?post=1731"},{"taxonomy":"product_cat","embeddable":true,"href":"https:\/\/vigo-rio.com\/en\/wp-json\/wp\/v2\/product_cat?post=1731"},{"taxonomy":"product_tag","embeddable":true,"href":"https:\/\/vigo-rio.com\/en\/wp-json\/wp\/v2\/product_tag?post=1731"}],"curies":[{"name":"wp","href":"https:\/\/api.w.org\/{rel}","templated":true}]}}