{"id":1730,"date":"2026-01-15T09:47:36","date_gmt":"2026-01-15T09:47:36","guid":{"rendered":"https:\/\/vigo-rio.com\/?post_type=product&#038;p=1730"},"modified":"2026-02-04T20:11:12","modified_gmt":"2026-02-04T20:11:12","slug":"fc-energies-of-health","status":"publish","type":"product","link":"https:\/\/vigo-rio.com\/en\/product\/fc-energies-of-health\/","title":{"rendered":"FC Energien der Gesundheit \/ Energies of Health"},"content":{"rendered":"<p><strong>Kolzov-Platte: &#8222;Energien der Gesundheit &#8220; &#8211; (f\u00fcr Gesundheit und Vitalit\u00e4t, transformiert das Negative im Leben in Positives)<\/strong><em><br \/>\n<\/em><\/p>\n<p><em>Die Platte tr\u00e4gt die russische Aufschrift: \u042d\u041d\u0415\u0420\u0413\u0418\u0418 \u0417\u0414\u0420\u0410\u0412\u0418\u042f<\/em><\/p>\n<p>Die Platte &#8222;Vitalit\u00e4t&#8220; tr\u00e4gt dazu bei, Krankheiten zu transformieren und in die Energien von Gesundheit umzuwandeln. Sie erm\u00f6glicht es, wieder Freude an Gesundheit und Vitalit\u00e4t zu erfahren. Die Platte hilft auch generell dabei, Stagnationen zu \u00fcberwinden, sich von Negativem zu befreien und alles im Leben zum Positiven hin zu ver\u00e4ndern. Daf\u00fcr vermittelt sie viel Energie, Schutz und Harmonie.<\/p>\n<p><em>Die Aussagen beziehen sich auf alternative Testmethoden wie Meridianenergie-Messungen der Organfunktionskreisl\u00e4ufe nach TCM, Kirlian-Fotografie (EPG\/GDV-Kamera), Oberon, Amsat o.\u00e4. durch den Hersteller &#8222;Planet der Regionen&#8220; und stellen keine medizinische oder auf den physischen K\u00f6rper und dessen Organe bezogenen Aussage im Sinne der westlichen Schulmedizin dar.<\/em><\/p>\n<p><strong>Die Platte ist in diesem Sinne vor allem geeignet f\u00fcr:<\/strong><\/p>\n<ul>\n<li>die Platte zielt darauf ab, durch eine Erh\u00f6hung des Energieniveaus die Verj\u00fcngung des physischen K\u00f6rpers zu aktivieren.<\/li>\n<li>dynamisiert den menschlichen Energiezustand, f\u00fcllt mit Lebenskraft und sch\u00fctzt vor jeglichem Negativen;<\/li>\n<li>die Platte hat eine Schutzfunktion, wof\u00fcr sie zur Identifizierung und Beseitigung von negativen energetisch-informellen \u00dcbergriffen verschiedener Art beitr\u00e4gt und die Auswirkungen der durch sie verursachten Erkrankungen ausgleicht;<\/li>\n<li>errichtet einen Schutz vor Unf\u00e4llen und Katastrophen und ist bei der Beseitigung von Hindernissen auf dem Lebensweg behilflich;<\/li>\n<li>die Wirkung der Platte ist ausgerichtet auf die Genesung aller K\u00f6rpersysteme (insbesondere der Atemwege), auf Heilung von Krankheiten der Seele und deren Manifestationen im physischen K\u00f6rper;<\/li>\n<li>sie durchstr\u00f6mt den Menschen mit spiritueller Energie, so dass man im Traum Hinweise des Unterbewusstseins zur Genesung und zur Wahl von geeigneten Behandlungsmethoden und -techniken wahrnehmen kann;<\/li>\n<li>sie harmonisiert das Element Luft im K\u00f6rper und normalisiert dadurch auch den Wunsch nach Bewegung, Aktivit\u00e4t und Vitalit\u00e4t als aktives energetisches Prinzip des Luft-Elements,<\/li>\n<li>erweckt die Freunde an Ver\u00e4nderungen im Leben und unterst\u00fctzt positive Ver\u00e4nderungen, wobei Erscheinungen von Stagnation sowohl auf energetischer als auch auf physischer Ebene \u00fcberwunden werden;<\/li>\n<li>die Platte erleichtert es, in extremen Situationen schnell zu reagieren, bei Bedarf Entscheidungen zu \u00e4ndern und Chancen zum eigenen und dem Wohl des N\u00e4chsten zu ergreifen;<\/li>\n<li>sie regt die Entfaltung der Geisteskraft an, st\u00e4rkt die Absicht, positive Ver\u00e4nderungen anzustreben und unterst\u00fctzt den Willen diese auch umzusetzen;<\/li>\n<li>sie \u00f6ffnet neue Lebenswege, tr\u00e4gt zur positiven Ver\u00e4nderung des Schicksals bei und f\u00fcllt mit den Energien von Erfolg und Gl\u00fcck,<\/li>\n<li>errichtet einen Schutz vor Unf\u00e4llen und Katastrophen;<\/li>\n<li>die Platte erm\u00f6glicht es, das energetische und emotionale Gleichgewicht zu wahren;<\/li>\n<li>sie unterst\u00fctzt das Bestreben, menschliche Herzen gleich welcher Nationalit\u00e4t oder Glaubensrichtungen im Gleichklang schlagen zu lassen, f\u00f6rdert die Konfliktl\u00f6sung und tr\u00e4gt so zu einer verst\u00e4ndnisvolleren, friedlicheren Welt bei;<\/li>\n<li>die Platte aktiviert 4 wichtige Grundlagen im Menschen: Liebe, Glaube, Wille und Gewissen, um ein angenehmes Leben in den Energien der neuen Zeit zu erm\u00f6glichen.<\/li>\n<\/ul>\n<p>Auf der Kolzov- Platte &#8222;Vitalit\u00e4t sind unter anderem die Informationen des kosmo-energetischen Kanals des Gottes Stribog gespeichert, die dazu verhelfen, den von vielen Menschen vergessenen Zustand der Freude \u00fcber Gesundheit und Vitalit\u00e4t, die von der Windgottheit Stribog geschenkt wird.<\/p>\n<p>TIPP 1: Die Energetisierung von Wasser oder Lebensmitteln mit der Platte &#8222;Vitalit\u00e4t&#8220; kann jederzeit durchgef\u00fchrt werden.<br \/>\nWenn man die Platte bei Meditationen, Gebeten oder energetischen Praktiken nutzen m\u00f6chten, dann ist die Tageszeit um zirka 19 Uhr besonders effektiv.<\/p>\n<p>TIPP 2: Um die Energien der Platte &#8222;Vitalit\u00e4t&#8220; schneller in sich zu verankern, nimmt man die Platte in die rechte Hand, spannt den Hals leicht an und ber\u00fchrt mit der rechten Hand die rechte Halsschlagader (und informiert so mit der Platte das vorbeiflie\u00dfende Blut in der rechten Halsschlagader). Danach wechselt man Seite: die Platte in die linke Hand nehmen und an die linke Halsseite auf die linke Halsschlagader halten.<br \/>\nWird die Platte zusammen mit einem Amethyst-Kristall verwendet, kann die Wirkung der Platte noch verst\u00e4rkt werden. Auch die Farbe Violett verst\u00e4rkt ihre Wirkung.<\/p>\n<p>TIPP 3: Wenn folgende Lebensmittel mittels der Platte &#8222;Vitalit\u00e4t&#8220; mindestens 2,5 Stunden oder l\u00e4nger energetisiert wurden, kann deren Verzehr besondere Kraft und Energie spenden: Cashewn\u00fcsse, R\u00fcben, Mandarinen, Hafer, Dill.<br \/>\nDie Energien der Vitalit\u00e4t werden zus\u00e4tzlich auch durch das H\u00f6ren von Musik oder das Spielen von verschiedenen Musikinstrumenten, wie der Zimbel oder der 19-saitigen Gitarre bei Verwendung der Platte aktiviert.<\/p>\n<p>TIPP 4: Die Platte &#8222;Vitalit\u00e4t&#8220; kann einzeln oder in Kombination verwendet werden mit den Platten: &#8222;Geheimnis des Weisen&#8220; und &#8222;Kolzovs Lichtgeschenk&#8220; (Serie Elite), &#8222;Bogurajew&#8220; (Winterserie 2020&#8243;), &#8222;Unfall-Schutz&#8220;, &#8222;Lhasa&#8220;, &#8222;Goldener Schnitt&#8220; und &#8222;Fortuna&#8220; (Serie Effizient), &#8222;Harmonie&#8220;, &#8222;Ordnungsplatte Frau&#8220; und &#8222;Ordnungsplatte Mann&#8220; (Serie Gr\u00fcn), &#8222;Nr.12&#8220; (&#8222;Gesunder Schlaf&#8220;) und &#8222;Nr.15&#8220; (&#8222;Licht des Lebens&#8220;, Serie Violett), &#8222;Nr.5&#8220; (Serie Blau), &#8222;Nr.18&#8220;, &#8222;Nr.20&#8220;, &#8222;Nr.21&#8220; und &#8222;Nr.23&#8220; (Serie Gold), &#8222;Gesunde Lunge&#8220; (Serie Kollektion) oder mit den Armb\u00e4ndern &#8222;Lichtkraft&#8220; und &#8222;Magnat&#8220; (M\u00e4nner-Armband).<\/p>\n<p>ZUR BEACHTUNG: Bei der Platte &#8222;Vitalit\u00e4t&#8220; sollte das Wasser zum Energetisieren mindestens 2,5 Stunden lang darauf gestellt werden.<\/p>\n<p><em><u>Ergebnis im LIFE-TEST:<\/u>\u00a0Die Kolzov-Platte &#8222;Vitalit\u00e4t&#8220; hat ein neutrales Energiefeld mit mehr als 40 000 Bovis. Damit aktiviert sie das Hals-Chakra auf 40 000 Bovis. Das Scheitel-, Herz- und Wurzel-Chakra steigen auf 35 000 Bovis, Stirn- und Solarplexus-Chakra auf 28 000 Bovis und das Blase-\/Sexual-Chakra auf 21 000 Bovis. Durch die Aufladung der Chakras w\u00e4chst der bioenergetische Reaktionsabstand von zirka 75 Zentimetern um den K\u00f6rper auf 1,90 Meter. Interessant bei dieser Platte ist, dass nach vier Wochen Anwendung dieser Platte alle Chakras auf 40 000 Bovis angestiegen sind!<\/em><\/p>\n<p>&nbsp;<\/p>\n<p>&nbsp;<\/p>\n<p><strong><em>Wichtiger Hinweis:<br \/>\nWir weisen ausdr\u00fccklich darauf hin, dass die Kolzov-Platte (russische Bezeichnung: &#8222;Korrektoren des funktionalen Zustands&#8220;) ein alternatives Energie- und Informationsprodukt ist und kein Heilmittel im Sinne der westlichen Schulmedizin. Vielmehr ist es ein rein energetisches Hilfsmittel zur ganzheitlichen Balancierung von energetischen Disharmonien und Blockaden. Informationen \u00fcber Qualit\u00e4t und Eigenschaften des Energieobjekts beziehen sich auf Aussagen des russischen Herstellers und alternativen Theorien zu Mensch und Umwelt, auf alternative Anschauungen und esoterische \u00dcberlieferungen oder Aussagen. Sie gelten nur im Sinne der esoterischen Lebensphilosophie und daran angelehnte Alternativheilkunde. Wirkungen im Sinne westlicher Wissenschaft oder Medizin werden hier nicht behauptet.<\/em><\/strong><\/p>","protected":false},"excerpt":{"rendered":"<p data-path-to-node=\"1\"><b data-path-to-node=\"1\" data-index-in-node=\"0\">Die Kolzov-Platte \u201eEnergien der Gesundheit\u201c (\u042d\u041d\u0415\u0420\u0413\u0418\u0418 \u0417\u0414\u0420\u0410\u0412\u0418\u042f) dient der kraftvollen Transformation von Krankheitsschwingungen in vitale Lebensenergie. Sie hilft dabei, physische und seelische Stagnationen zu \u00fcberwinden, das Schicksal zum Positiven zu wenden und sch\u00fctzt vor energetischen \u00dcbergriffen sowie Unf\u00e4llen. Durch die Anbindung an die Energie des Gottes Stribog harmonisiert sie das Element Luft im K\u00f6rper und weckt die Freude an Bewegung und Aktivit\u00e4t.<\/b><\/p>","protected":false},"featured_media":2171,"comment_status":"open","ping_status":"closed","template":"","meta":[],"product_brand":[],"product_cat":[33],"product_tag":[87],"class_list":{"0":"post-1730","1":"product","2":"type-product","3":"status-publish","4":"has-post-thumbnail","6":"product_cat-elite-series","7":"product_tag-87","9":"first","10":"instock","11":"taxable","12":"shipping-taxable","13":"purchasable","14":"product-type-simple"},"_links":{"self":[{"href":"https:\/\/vigo-rio.com\/en\/wp-json\/wp\/v2\/product\/1730","targetHints":{"allow":["GET"]}}],"collection":[{"href":"https:\/\/vigo-rio.com\/en\/wp-json\/wp\/v2\/product"}],"about":[{"href":"https:\/\/vigo-rio.com\/en\/wp-json\/wp\/v2\/types\/product"}],"replies":[{"embeddable":true,"href":"https:\/\/vigo-rio.com\/en\/wp-json\/wp\/v2\/comments?post=1730"}],"wp:featuredmedia":[{"embeddable":true,"href":"https:\/\/vigo-rio.com\/en\/wp-json\/wp\/v2\/media\/2171"}],"wp:attachment":[{"href":"https:\/\/vigo-rio.com\/en\/wp-json\/wp\/v2\/media?parent=1730"}],"wp:term":[{"taxonomy":"product_brand","embeddable":true,"href":"https:\/\/vigo-rio.com\/en\/wp-json\/wp\/v2\/product_brand?post=1730"},{"taxonomy":"product_cat","embeddable":true,"href":"https:\/\/vigo-rio.com\/en\/wp-json\/wp\/v2\/product_cat?post=1730"},{"taxonomy":"product_tag","embeddable":true,"href":"https:\/\/vigo-rio.com\/en\/wp-json\/wp\/v2\/product_tag?post=1730"}],"curies":[{"name":"wp","href":"https:\/\/api.w.org\/{rel}","templated":true}]}}