{"id":1728,"date":"2026-01-15T09:46:43","date_gmt":"2026-01-15T09:46:43","guid":{"rendered":"https:\/\/vigo-rio.com\/?post_type=product&#038;p=1728"},"modified":"2026-02-04T20:11:19","modified_gmt":"2026-02-04T20:11:19","slug":"fc-endovita","status":"publish","type":"product","link":"https:\/\/vigo-rio.com\/en\/product\/fc-endovita\/","title":{"rendered":"FC Endovita"},"content":{"rendered":"<p><strong>Kolzov-Platte &#8222;Endovita&#8220;\u00a0&#8211; (bei Diabetes, Darm-Erkrankungen, Fettleibigkeit und Langzeit-Medikation)<\/strong><\/p>\n<p><em>Die Platte tr\u00e4gt die russische Aufschrift: \u042d\u041d\u0414\u041e\u0412\u0418\u0422\u0410<\/em><\/p>\n<p>Die Kolzov-Platte &#8222;ENDOVITA&#8220; ist als energetische Unterst\u00fctzung besonders empfehlenswert f\u00fcr:<br \/>\n&#8211; alle Personen, die sich einer Langzeit-Medikation unterziehen und \u00fcber l\u00e4ngere Zeit hinweg beispielsweise Hormone, Antibiotika, Antirheumatika und \u00e4hnliches einnehmen,<br \/>\n&#8211; allgemein f\u00fcr Personen, die sich unausgewogen ern\u00e4hren und nicht ausreichend mit nat\u00fcrlichen, hochwertigen Lebensmitteln versorgt sind,<br \/>\n&#8211; bei Autoimmun- und Stoffwechselerkrankungen (Diabetes, Fettleibigkeit, Darmerkrankungen, insbesondere des D\u00fcnndarms) und bei anderen Magen-Darm-Erkrankungen.<br \/>\n&#8211; insbesondere empfiehlt sie sich auch f\u00fcr Personen, die an akuten und chronischen Erkrankungen und Enz\u00fcndungen von Bauchspeicheldr\u00fcse oder Gallenblase leiden.<\/p>\n<p><em>Die Aussagen beziehen sich auf alternative Testmethoden wie Meridianenergie-Messungen der Organfunktionskreisl\u00e4ufe nach TCM, Kirlian-Fotografie (EPG\/GDV-Kamera), Oberon, Amsat o.\u00e4. durch den Hersteller &#8222;Planet der Regionen&#8220; und stellen keine medizinische oder auf den physischen K\u00f6rper und dessen Organe bezogenen Aussage im Sinne der westlichen Schulmedizin dar.<\/em><\/p>\n<p><strong>Die Platte ist in diesem Sinne vor allem geeignet f\u00fcr:<\/strong><\/p>\n<ul>\n<li>unterst\u00fctzt im Energetischen generell die Verdauung und den Stoffwechsel insbesondere bei unausgewogener Ern\u00e4hrung, Langzeit-Einnahme von Medikamenten und Darm- und Stoffwechselerkrankungen,<\/li>\n<li>dient speziell der Vorbeugung und Korrektur von Erkrankungen der Bauchspeicheldr\u00fcse (akute und chronische Pankreatitis, Zystenbildung)<\/li>\n<li>hilft bei Entz\u00fcndung, Zysten, Steinen und der Bildung von PICs (krankhaft ver\u00e4nderter Zellen) in und an der Bauchspeicheldr\u00fcse,<\/li>\n<li>f\u00f6rdert und harmonisiert die Hormonbildung f\u00fcr den Kohlenhydratstoffwechsel (Insulin, Glucagon),<\/li>\n<li>reguliert und unterst\u00fctzt Bildung und Aktivit\u00e4t der Verdauungsenzyme im D\u00fcnndarm und verbessert so den Verdauungsprozess und die N\u00e4hrstoffaufnahme,<\/li>\n<li>hilft bei V\u00f6llegef\u00fchl, \u00dcbelkeit, Erbrechen, Bl\u00e4hungen, Wechsel von Verstopfung und Durchfall und anderen St\u00f6rungen im Verdauungsprozess,<\/li>\n<li>hilft auch bei Entz\u00fcndungen der Gallenblase.<\/li>\n<\/ul>\n<p>Auf der Kolzov-Platte sind Informationen der Maya-Energie, der Kanal &#8222;Tami&#8220;, gespeichert, der eine wertvolle energetische Hilfe bei Erkrankungen der Bauchspeicheldr\u00fcse ist. Die Platte kann sehr gut mit der Kolzov-Platte &#8222;Balance&#8220; kombiniert werden.<\/p>\n<p>ZUR BEACHTUNG: bei dieser Platte sollte das Wasser zum Energetisieren mindestens 20 Minuten lang darauf gestellt werden.<\/p>\n<p><em><u>Ergebnis im LIFE-TEST:<\/u>\u00a0Die Platte &#8222;Endovita&#8220; hat eine sehr hohe Energie von 40 000 Bovis mit neutralem Energiefeld. Damit l\u00e4dt sie insbesondere das Kronen-Chakra, das Stirn-Chakra und das Solarplexus-Chakra auf enorme 40 000 Bovis auf, dem entspricht die Zuordnung von Darm und Verdauung zum Solarplexus-Chakra und der \u00fcbergeordneten Steuerung des Stoffwechsels und der Dr\u00fcsen \u00fcber die Kopf-Chakras. Das Herz-Chakra wird auf ebenfalls sehr hohe 35 000 Bovis aktiviert. Das Hals-Chakra und das Wurzel-Chakra steigen auf 28 000 Bovis und das Blasen-\/Sexual-Chakra verdreifacht noch seine Energie auf 21 000 Bovis.<\/em><\/p>\n<p>&nbsp;<\/p>\n<p>&nbsp;<\/p>\n<p><strong><em>Wichtiger Hinweis:<br \/>\nWir weisen ausdr\u00fccklich darauf hin, dass die Kolzov-Platte (russische Bezeichnung: &#8222;Korrektoren des funktionalen Zustands&#8220;) ein alternatives Energie- und Informationsprodukt ist und kein Heilmittel im Sinne der westlichen Schulmedizin. Vielmehr ist es ein rein energetisches Hilfsmittel zur ganzheitlichen Balancierung von energetischen Disharmonien und Blockaden. Informationen \u00fcber Qualit\u00e4t und Eigenschaften des Energieobjekts beziehen sich auf Aussagen des russischen Herstellers und alternativen Theorien zu Mensch und Umwelt, auf alternative Anschauungen und esoterische \u00dcberlieferungen oder Aussagen. Sie gelten nur im Sinne der esoterischen Lebensphilosophie und daran angelehnte Alternativheilkunde. Wirkungen im Sinne westlicher Wissenschaft oder Medizin werden hier nicht behauptet.<\/em><\/strong><\/p>","protected":false},"excerpt":{"rendered":"<p>bietet gezielte energetische Unterst\u00fctzung f\u00fcr die Bauchspeicheldr\u00fcse und den gesamten Stoffwechsel, insbesondere bei Diabetes, Fettleibigkeit oder Langzeit-Medikation. Sie harmonisiert die Bildung von Verdauungsenzymen sowie Hormonen und hilft dem Organismus, Belastungen durch Antibiotika oder unausgewogene Ern\u00e4hrung besser zu kompensieren.<\/p>","protected":false},"featured_media":2168,"comment_status":"open","ping_status":"closed","template":"","meta":[],"product_brand":[],"product_cat":[33],"product_tag":[85],"class_list":{"0":"post-1728","1":"product","2":"type-product","3":"status-publish","4":"has-post-thumbnail","6":"product_cat-elite-series","7":"product_tag-85","9":"first","10":"instock","11":"taxable","12":"shipping-taxable","13":"purchasable","14":"product-type-simple"},"_links":{"self":[{"href":"https:\/\/vigo-rio.com\/en\/wp-json\/wp\/v2\/product\/1728","targetHints":{"allow":["GET"]}}],"collection":[{"href":"https:\/\/vigo-rio.com\/en\/wp-json\/wp\/v2\/product"}],"about":[{"href":"https:\/\/vigo-rio.com\/en\/wp-json\/wp\/v2\/types\/product"}],"replies":[{"embeddable":true,"href":"https:\/\/vigo-rio.com\/en\/wp-json\/wp\/v2\/comments?post=1728"}],"wp:featuredmedia":[{"embeddable":true,"href":"https:\/\/vigo-rio.com\/en\/wp-json\/wp\/v2\/media\/2168"}],"wp:attachment":[{"href":"https:\/\/vigo-rio.com\/en\/wp-json\/wp\/v2\/media?parent=1728"}],"wp:term":[{"taxonomy":"product_brand","embeddable":true,"href":"https:\/\/vigo-rio.com\/en\/wp-json\/wp\/v2\/product_brand?post=1728"},{"taxonomy":"product_cat","embeddable":true,"href":"https:\/\/vigo-rio.com\/en\/wp-json\/wp\/v2\/product_cat?post=1728"},{"taxonomy":"product_tag","embeddable":true,"href":"https:\/\/vigo-rio.com\/en\/wp-json\/wp\/v2\/product_tag?post=1728"}],"curies":[{"name":"wp","href":"https:\/\/api.w.org\/{rel}","templated":true}]}}