{"id":1726,"date":"2026-01-15T09:46:08","date_gmt":"2026-01-15T09:46:08","guid":{"rendered":"https:\/\/vigo-rio.com\/?post_type=product&#038;p=1726"},"modified":"2026-02-09T23:00:57","modified_gmt":"2026-02-09T23:00:57","slug":"fc-code-of-the-gobi","status":"publish","type":"product","link":"https:\/\/vigo-rio.com\/en\/product\/fc-code-of-the-gobi\/","title":{"rendered":"FC Code der Gobi \/ Code of the Gobi"},"content":{"rendered":"<p><strong>Kolzov-Platte: &#8222;Code Gobi&#8220;\u00a0&#8211; (Anti-Stress, f\u00fcr Rhythmik, Regeneration, Kr\u00e4ftigung und Sport, f\u00fcr neuen Lebensmut)<\/strong><\/p>\n<p><em>Die Platte tr\u00e4gt die russische Aufschrift: \u041a\u041e\u0414 \u0413\u041e\u0411\u0418<\/em><\/p>\n<p>Die Platte &#8222;Code der Gobi&#8220; st\u00e4rkt und bringt den Organismus wieder in seinen ureigenen Rhythmus. Dabei hilft sie sowohl Sportlern und aktiven Menschen als auch Personen mit Erkrankungen oder in Schw\u00e4chezust\u00e4nden aufgrund von Schichtarbeit oder bei Jetlag. Die Platte bringt wertvolle energetische Hilfe bei saisonal auftretenden Erkrankungen, bei Erholungsphasen aufgrund von Erkrankungen, bei nervlichen und k\u00f6rperlichen Ersch\u00f6pfungszust\u00e4nden und l\u00e4nger andauernden psychischen Beschwerden oder Depressionen. Sie hilft in Lebenssituationen, in denen man sich wie &#8222;im Hamsterrad&#8220; f\u00fchlt, st\u00e4ndig unter Stress ist und man nicht aus einem st\u00e4ndig gleichen Trott ausbrechen kann. Zugleich unterst\u00fctzt sie in der Pers\u00f6nlichkeitsentwicklung, die pers\u00f6nlichen Eigenschaften, Talente und Qualit\u00e4ten zu entwickeln.<\/p>\n<p><em>Die Aussagen beziehen sich auf alternative Testmethoden wie Meridianenergie-Messungen der Organfunktionskreisl\u00e4ufe nach TCM, Kirlian-Fotografie (EPG\/GDV-Kamera), Oberon, Amsat o.\u00e4. durch den Hersteller &#8222;Planet der Regionen&#8220; und stellen keine medizinische oder auf den physischen K\u00f6rper und dessen Organe bezogenen Aussage im Sinne der westlichen Schulmedizin dar.<\/em><\/p>\n<p><strong>Die Platte ist in diesem Sinne vor allem geeignet f\u00fcr:<\/strong><\/p>\n<ul>\n<li>st\u00e4rkt im Energetischen die nat\u00fcrliche Dynamik und Rhythmik der physiologischen Prozesse im K\u00f6rper und verbessert das Zusammenwirken aller Organe und Systeme; durch das bessere Zusammenspiel kann erst eine tiefgehende Regeneration, Heilung und Gesunderhaltung m\u00f6glich werden,<\/li>\n<li>unterst\u00fctzt auf energetischem Wege die wirksame Korrektur und Pr\u00e4vention verschiedener Krankheiten, insbesondere des Urogenitalsystems, Herz-Kreislauf-Systems, Nervensystems, Geh\u00f6rs und Sehverm\u00f6gens,<\/li>\n<li>lindert energetisch akute Probleme im Herz-Kreislauf-System, bei Kopfschmerzen, Migr\u00e4ne oder Depressionen und Anf\u00e4llen von Aggressionen, tr\u00e4gt zur Aktivierung und Aufladung der Chakras (vor allem des 2., 4., 7. und 8. Chakras) bei, unterst\u00fctzt die Anreicherung und harmonische Verteilung der Lebensenergie im ganzen K\u00f6rper,<\/li>\n<li>hilft einen Zustand der k\u00f6rperlichen und emotionalen Vitalit\u00e4t zu erhalten,<\/li>\n<li>verbessert die emotionale Stimmung, f\u00f6rdert den Lebensmut und hilft Aktivit\u00e4ten anzupacken,<\/li>\n<li>stellt die Verbindung mit den Energien des Universums her und f\u00fchrt in einen Zustand der Liebe, F\u00fclle, Offenheit und des Vertrauens in die Welt,<\/li>\n<li>hilft dabei die F\u00e4higkeit zu entwickeln, gro\u00dfe Lebensfreude zu erfahren und diese mit anderen zu teilen,<\/li>\n<li>hilft dabei, ein tieferes inneres Wissen \u00fcber das eigene Leben und die Pers\u00f6nlichkeit mit all ihren Facetten zu erlangen, verhilft zu Einsichten \u00fcber die eigentlichen Lebensziele und Talente und \u00fcber das eigentliche Weltgeschehen (nach dem jeweiligen Entwicklungsstand des Bewusstseins).<\/li>\n<li>zielt darauf ab, alle m\u00f6glichen Fremdenergien und -programme, Energie- und Informationsinvasionen zu identifizieren und zu beseitigen, darunter auch das Einbringen k\u00fcnstlich erstellter Programme mittels Einwirkung auf fl\u00fcssige K\u00f6rperfl\u00fcssigkeiten (Beeinflussung \u00fcber Blut, Urin, Speichel, Spermien),<\/li>\n<li>regeneriert Aura und Bioenergiefeld des Organismus und erh\u00f6ht das Schwingungsniveau, um einen wirksamen Schutz vor Fremdenergien, Fremdinformationen und Fremdbestimmung zu schaffen.<\/li>\n<\/ul>\n<p>Auf der Kolzov- Platte &#8222;Code Gobi&#8220; sind unter anderem die Informationen einer heiligen Quelle, die im zentralen Teil der W\u00fcste Gobi in der Mongolei entspringt, gespeichert.<\/p>\n<p>TIPP 1: Die kombinierte Anwendung mit der Platte &#8222;Wundert\u00e4ter&#8220; erh\u00f6ht die Wirksamkeit f\u00fcr eine Heilung und Aktivierung der Lebensenergie und um den energetischen Schutz aufrechtzuerhalten.<br \/>\nTrinken Sie Wasser, welches mit Hilfe der Platte energetisiert wurde. Sie k\u00f6nnen die Platte f\u00fcr Reinigungsrituale verwenden und tragen Sie die Platte bei sich, wenn Sie sich in einem Umfeld mit negativer oder unbekannter Atmosph\u00e4re bewegen. Zugleich kann die Platte auch sehr gut beim Sport oder in der Meditation verwendet werden.<\/p>\n<p>TIPP 2: Die Platte &#8222;Code Gobi&#8220; kann zudem sehr gut kombiniert werden mit den &#8222;Sieger&#8220;, &#8222;Machtvolles Wasser&#8220;, &#8222;Kamerton&#8220;, Indi&#8220;, &#8222;Harmonie&#8220;, &#8222;Lhasa&#8220;, &#8222;Berg-Altar&#8220; und &#8222;Heilige H\u00f6hle&#8220;.<\/p>\n<p>ZUR BEACHTUNG: bei dieser Platte sollte das Wasser zum Energetisieren mindestens 4 Stunden lang darauf gestellt werden.<\/p>\n<p><em><u>Ergebnis im LIFE-TEST:\u00a0<\/u>Die Platte &#8222;Code Gobi&#8220; hat ebenfalls eine sehr hohe Energie von 40 000 Bovis mit neutralem Energiefeld. Damit l\u00e4dt sie insbesondere das Wurzel-Chakra, das Solarplexus-Chakra und das Hals-Chakra auf enorme 40 000 Bovis auf und das Kronen-Chakra auf 35 000 Bovis. Das Stirn-Chakra verdreifacht noch seine Energie auf 21 000 Bovis und Herz- und Blasen-\/Sexual-Chakra verdoppeln ihre Energie auf 14 000 Bovis.<\/em><\/p>\n<p><em><strong>Wichtiger Hinweis:<\/strong><\/em><strong><em><br \/>\nWir weisen ausdr\u00fccklich darauf hin, dass die Kolzov-Platte (russische Bezeichnung: &#8222;Korrektoren des funktionalen Zustands&#8220;) ein alternatives Energie- und Informationsprodukt ist und kein Heilmittel im Sinne der westlichen Schulmedizin. Vielmehr ist es ein rein energetisches Hilfsmittel zur ganzheitlichen Balancierung von energetischen Disharmonien und Blockaden. Informationen \u00fcber Qualit\u00e4t und Eigenschaften des Energieobjekts beziehen sich auf Aussagen des russischen Herstellers und alternativen Theorien zu Mensch und Umwelt, auf alternative Anschauungen und esoterische \u00dcberlieferungen oder Aussagen. Sie gelten nur im Sinne der esoterischen Lebensphilosophie und daran angelehnte Alternativheilkunde. Wirkungen im Sinne westlicher Wissenschaft oder Medizin werden hier nicht behauptet.<\/em><\/strong><\/p>","protected":false},"excerpt":{"rendered":"<p>Die Kolzov-Platte \u201eCode Gobi\u201c bringt den Organismus zur\u00fcck in seinen nat\u00fcrlichen Rhythmus und ist eine kraftvolle Unterst\u00fctzung bei Ersch\u00f6pfung, Burnout-Gef\u00fchlen (\u201eHamsterrad\u201c) und saisonalen Krankheiten. Sie sch\u00fctzt das Biofeld effektiv vor Fremdbestimmung, st\u00e4rkt die Vitalit\u00e4t f\u00fcr Sport und Alltag und hilft dabei, neuen Lebensmut sowie die eigenen wahren Lebensziele zu entdecken.<\/p>","protected":false},"featured_media":2167,"comment_status":"open","ping_status":"closed","template":"","meta":[],"product_brand":[],"product_cat":[33],"product_tag":[84],"class_list":{"0":"post-1726","1":"product","2":"type-product","3":"status-publish","4":"has-post-thumbnail","6":"product_cat-elite-series","7":"product_tag-84","9":"first","10":"instock","11":"taxable","12":"shipping-taxable","13":"purchasable","14":"product-type-simple"},"_links":{"self":[{"href":"https:\/\/vigo-rio.com\/en\/wp-json\/wp\/v2\/product\/1726","targetHints":{"allow":["GET"]}}],"collection":[{"href":"https:\/\/vigo-rio.com\/en\/wp-json\/wp\/v2\/product"}],"about":[{"href":"https:\/\/vigo-rio.com\/en\/wp-json\/wp\/v2\/types\/product"}],"replies":[{"embeddable":true,"href":"https:\/\/vigo-rio.com\/en\/wp-json\/wp\/v2\/comments?post=1726"}],"wp:featuredmedia":[{"embeddable":true,"href":"https:\/\/vigo-rio.com\/en\/wp-json\/wp\/v2\/media\/2167"}],"wp:attachment":[{"href":"https:\/\/vigo-rio.com\/en\/wp-json\/wp\/v2\/media?parent=1726"}],"wp:term":[{"taxonomy":"product_brand","embeddable":true,"href":"https:\/\/vigo-rio.com\/en\/wp-json\/wp\/v2\/product_brand?post=1726"},{"taxonomy":"product_cat","embeddable":true,"href":"https:\/\/vigo-rio.com\/en\/wp-json\/wp\/v2\/product_cat?post=1726"},{"taxonomy":"product_tag","embeddable":true,"href":"https:\/\/vigo-rio.com\/en\/wp-json\/wp\/v2\/product_tag?post=1726"}],"curies":[{"name":"wp","href":"https:\/\/api.w.org\/{rel}","templated":true}]}}