{"id":1724,"date":"2026-01-15T09:45:01","date_gmt":"2026-01-15T09:45:01","guid":{"rendered":"https:\/\/vigo-rio.com\/?post_type=product&#038;p=1724"},"modified":"2026-02-04T20:11:45","modified_gmt":"2026-02-04T20:11:45","slug":"fc-breath-of-the-universe","status":"publish","type":"product","link":"https:\/\/vigo-rio.com\/en\/product\/fc-breath-of-the-universe\/","title":{"rendered":"FC Atem des Universmus \/ Breath of the Universe"},"content":{"rendered":"<p><strong>Kolzov-Platte: &#8222;Atem des Universums&#8220;\u00a0&#8211; (st\u00e4rkt Lebenskraft und inneres Feuer, ordnet die Gedanken, hilft bei Unsicherheit und Konfliktl\u00f6sung, zieht die Geldenergie an)<br \/>\n<\/strong><\/p>\n<p><strong><em>(bei paarweiser Anwendung am besten mit der Platte &#8222;Zauber des Feuers&#8220;)<\/em><br \/>\n<\/strong><\/p>\n<p><strong>&#8211; neueste Version mit 8-Elementen (8 enthaltenen Energiespeicher-Chips)<\/strong><\/p>\n<p><em>Die Platte tr\u00e4gt die russische Aufschrift: \u0414\u042b\u0425\u0410\u041d\u0418\u0415 \u0412\u0421\u0415\u041b\u0415\u041d\u041d\u041e\u0419 bzw. auf dem erg\u00e4nzenden Deckblatt: BREATH OF THE UNIVERSE, SOUFFLE DE L&#8217;UNIVERS, ATEM DES UNIVERSUMS<\/em><\/p>\n<p>Die Platte &#8222;Atem des Universums&#8220; setzt neue Lebensenergie frei und entfacht das innere Feuer f\u00fcr mehr Vitalit\u00e4t und Begeisterung im Leben. Beruhigt und fokussiert den Geist, hilft bei der L\u00f6sung von Konflikten (zwischen einzelnen Menschen, Gruppen und V\u00f6lkern). Hilft Menschen, die sich unsicher oder &#8222;verloren&#8220; im Leben f\u00fchlen und zu wenig auf ihre Gesundheit achten, und bei \u00f6ffentlichen Reden, Auftritten und der Leitung von Teams.<br \/>\nDurch die Aktivierung der Lebensenergie wird auch die sexuelle Energie gest\u00e4rkt und aktiviert &#8211; bei Mann und Frau.<\/p>\n<p><em>Die Aussagen beziehen sich auf alternative Testmethoden wie Meridianenergie-Messungen der Organfunktionskreisl\u00e4ufe nach TCM, Kirlian-Fotografie (EPG\/GDV-Kamera), Oberon, Amsat o.\u00e4. durch den Hersteller &#8222;Planet der Regionen&#8220; und stellen keine medizinische oder auf den physischen K\u00f6rper und dessen Organe bezogenen Aussage im Sinne der westlichen Schulmedizin dar.<\/em><\/p>\n<p><strong>Die Platte ist in diesem Sinne vor allem geeignet f\u00fcr:<\/strong><\/p>\n<ul>\n<li>vermittelt eine Energie, die sich als Vitalit\u00e4t, Antriebskraft, inneres Feuer und Begeisterung zeigt und daher auch hilft, Zust\u00e4nde der M\u00fcdigkeit, Langeweile und Apathie zu vertreiben, vermittelt Vertrauen in die Welt und in seine F\u00e4higkeiten,<\/li>\n<li>hilft dabei, an der Gnade des spirituellen Reichtums und des materiellen Wohlstands teilzuhaben,<\/li>\n<li>beruhigt den Geist, beseitigt das Chaos in den Gedanken und hilft, in einen Zustand innerer Reinheit einzutreten. Die vermittelten Energien haben die F\u00e4higkeit, einen sicheren Ort in der eigenen pers\u00f6nlichen Welt (pers\u00f6nliche Grenzen, Territorien, Wohnung, Haus usw.) zu schaffen &#8211; einen sicheren Raum, den wir in gro\u00dfen St\u00e4dten so dringend brauchen,<\/li>\n<li>vermittelt das Verst\u00e4ndnis f\u00fcr die Notwendigkeit, die Gesetze des Universums einzuhalten &#8211; wenn der Anwender die bewusste Entscheidung f\u00fcr das Gute und die Sch\u00f6pfung trifft (in Gedanken, gesprochenen Worten und Taten), dann kann die Platte ihn energetisch stark &#8222;auff\u00fcllen&#8220; und er kann zum Sch\u00f6pfer seiner pers\u00f6nlichen Welt werden,<\/li>\n<li>stellt eine Verbindung mit himmlischen Lehrern her, um Zugang zu heiligem Wissen und Verst\u00e4ndnis der universellen Gesetze zu erhalten,<\/li>\n<li>vermittelt ein tiefes Verst\u00e4ndnis vom Wesen der Konflikte \u2013 wo sich in einer eventuellen Zerst\u00f6rung doch die h\u00f6here Liebe zum Guten manifestiert und wo sich nur die niederen W\u00fcnsche und das Ego der Menschen materialisieren, so erlangt der Anwender erst die M\u00f6glichkeit, frei zwischen Gut und B\u00f6se zu w\u00e4hlen und Weisheit und Rationalit\u00e4t in seinem Handeln zu zeigen,<\/li>\n<li>l\u00f6st unbegr\u00fcndete \u00c4ngste vor Konflikten auf der Erde, im pers\u00f6nlichen und sozialen Umfeld und hilft dabei zu lernen, den Anderen zu respektieren, Konflikte im Dialog zu l\u00f6sen, Gemeinsamkeiten zu finden und die Transformationskraft in Konflikten f\u00fcr die Schaffung des Neuen und Guten zu nutzen,<\/li>\n<li>st\u00e4rkt den Anwender dabei, seine Gef\u00fchle bei Verletzung seiner pers\u00f6nlichen Grenzen, seiner Rechte und W\u00fcrde ausdr\u00fccken und sich bei ungerechter Behandlung auch angemessen wehren zu k\u00f6nnen und dennoch \u00fcbersch\u00e4umende Emotionen kontrollieren zu k\u00f6nnen &#8211; hilft dabei frei sprechen und sich ruhig und nat\u00fcrlich ausdr\u00fccken zu k\u00f6nnen (ohne unangemessene Selbstverurteilungen \u201eIch bin ein schlechter Mensch, wenn ich auf jemanden w\u00fctend bin\u201c),<\/li>\n<li>hilft dabei neue Allianzen zu schlie\u00dfen und sich zu einigen &#8211; zwischen einzelnen Menschen, Gruppen und V\u00f6lkern,<\/li>\n<li>st\u00e4rkt im Anwender Eigenschaften wie innere W\u00fcrde, Verantwortung und Ausdauer, vermittelt Konzentrationsf\u00e4higkeit und Gelassenheit, um wichtige Aufgaben strukturiert erledigen zu k\u00f6nnen, f\u00f6rdert die Manifestation von F\u00fchrungsqualit\u00e4ten,<\/li>\n<li>unterst\u00fctzt den Anwender in Aktivit\u00e4ten wie Handel, Logistik, Buchhaltung, Immobiliengesch\u00e4ften und Finanzwesen, zieht die Energie des Geldes an, tr\u00e4gt zu einem sicheren Umzug bei,<\/li>\n<li>f\u00f6rdert das Unterscheidungsverm\u00f6gen, hilft die im Moment notwendigen, richtigen Aktivit\u00e4ten zu erkennen und \u00f6ffnet neue T\u00fcren, die vorher gar nicht sichtbar waren &#8211; auch wenn zuvor der Weg schon klar war, ist er mit Anwendung der Platte bis ins Detail klar, was und wie auf diesem Weg konkret zu tun ist,<\/li>\n<li>hilft dabei, auch extreme Lebenssituationen zu meistern: gibt Intuition, st\u00e4rkt die Ausdauer und verleiht die F\u00e4higkeit, selbst die gr\u00f6\u00dften \u00dcberlastungen zu bew\u00e4ltigen und Hindernisse zu \u00fcberwinden,<\/li>\n<li>unterst\u00fctzt dabei, den geliebten Menschen zu helfen und zu geben, ohne eine Gegenleistung zu erwarten<\/li>\n<li>st\u00e4rkt beim Mann die m\u00e4nnlichen Eigenschaften, schafft f\u00fcr Frauen ein sicheres Energiefeld, in dem sie Frau sein k\u00f6nnen und ihre Weiblichkeit erbl\u00fchen kann und hilft ihnen den gew\u00fcnschten Mann zu gewinnen &#8211; st\u00e4rkt generell die sexuellen Energie, die zur Fortpflanzung ben\u00f6tigt<\/li>\n<li>hilft dabei, ein unangemessenes Schamgef\u00fchl f\u00fcr den eigenen K\u00f6rper abzulegen, und den K\u00f6rper und die sexuellen Bed\u00fcrfnisse in ihrer Einzigartigkeit und Nat\u00fcrlichkeit zu akzeptieren,<\/li>\n<li>hilft dabei, die wahre Liebe von h\u00f6chster Qualit\u00e4t, F\u00fclle und Tiefe zu manifestieren, sowohl in Beziehungen mit dem anderen Geschlecht als auch auf universeller Ebene,<\/li>\n<li>hilft dabei, in einen tiefen meditativen Zustand einzutreten, in dem sich der Anwender mental, \u00e4therisch und subtil reinigen kann, um dann zum wirklichen Leben erwachen zu k\u00f6nnen, sich seinen eigenen inneren Kosmos zu erschaffen und die stille Freude des Seins zu sp\u00fcren; verleiht dabei einer w\u00fcrdigen Person (die auf hohen Schwingungsniveau lebt) die Kraft, sich in die harmonischen Rhythmen der \u00e4u\u00dferen Elementarkr\u00e4fte (umgebende Natur) einzuf\u00fcgen und dmit ihnen zu kommunizieren,<\/li>\n<li>wirkt auf k\u00f6rperlicher Ebene entgiftend, indem die hohen Energievibrationen Blockaden, Ablagerungen und Stagnationen l\u00f6sen und leitet dadurch Heilungsprozesse ein,<\/li>\n<li>aktiviert die Arbeit der Gallenblase, hilft dem K\u00f6rper, kein \u00dcbergewicht anzusammeln (auch aufgrund der F\u00e4higkeit, negative Emotionen nicht in sich &#8222;hineinzufressen&#8220;, sondern sie positiv zu artikulieren)<\/li>\n<li>verlangsamt die Alterung, startet Prozesse der Verj\u00fcngung und aktiviert die Energien der Langlebigkeit.<\/li>\n<\/ul>\n<p>Auf der Kolzov-Platte sind die Informationen des Energieportals am 11.12.2022 gespeichert. Dieser Tag ist auch mit Ized Ramman verbunden &#8211; &#8222;Ized&#8220; oder auch &#8222;Yazata&#8220; wird in der zoroastrischen Tradition ein Engel genannt, in der \u00dcbersetzung aus der avestischen Sprache bedeutet \u201eYazata\u201c \u201eder Anbetung w\u00fcrdig\u201c und wird auch f\u00fcr herausragend wahrhaftige und rechtschaffene Menschen verwendet, welche die h\u00f6heren Stufen der menschlichen Entwicklung erreicht haben. So vermittelt dieser Portaltag auch die Energie g\u00f6ttlicher F\u00fchrung.<\/p>\n<p>TIPP 1:\u00a0Die Platte &#8222;Atem des Universums&#8220; arbeitet mit der Platte &#8222;Zauber des Feuers&#8220; in einem einzigartigen Team zusammen. Gemeinsam vermitteln sie einen Zustand aktiver Kontemplation des Lebens, f\u00fcllen mit Energien h\u00f6herer Ordnung gef\u00fcllt, st\u00e4rken und heilen K\u00f6rper, Geist und Seele, schaffen einen sch\u00fctzenden Raum und aktivieren die Kan\u00e4le der f\u00fclle.<br \/>\nDie Platte ist aber auch kompatibel mit allen zuvor ver\u00f6ffentlichten Platten und Armb\u00e4ndern.<\/p>\n<p>TIPP 2: Menschen, die sich unsicher oder &#8222;verloren&#8220; im Leben f\u00fchlen oder die viel auf Kosten ihrer selbst und ihrer Gesundheit leiden, sollten diese Platte unbedingt anwenden.<\/p>\n<p>TIPP 3: Nutzen Sie die Platte vor einer Rede und bei leitender Arbeit mit Gruppen, die Platte ist auch eine sehr gute Unterst\u00fctzung f\u00fcr Anw\u00e4lte, Seminarleiter, Lehrer, Schauspieler etc.<\/p>\n<p>TIPP 4: Verwenden Sie die Platte nicht nachts, da die starke Energie zu anregend wirken und daher den Schlaf hinausz\u00f6gern kann. Auch k\u00f6nnen die hohen Energien anfangs zu Kopfschmerzen f\u00fchren &#8211; dann sollte die Anwendungszeit reduziert werden, bis man sich daran gew\u00f6hnt hat.<\/p>\n<p>TIPP 5:\u00a0In Fastenzeiten und bei innerer und spiritueller Einkehr kann die Platte mit gro\u00dfem Nutzen f\u00fcr Seele und Geist eingesetzt werden. Dies wird durch Klangmeditationen, das H\u00f6ren von Mantras und lautem Lesen von Gebeten unterst\u00fctzt.<\/p>\n<p>TIPP 6:\u00a0Die Platte ist eine wertvolle Unterst\u00fctzung bei der Aufarbeitung von Traumata nach erfahrener Gewalt und bei der Verleugnung der sexuellen Aspekte im menschlichen Leben (etwa bei puritanischer Erziehung in der Familie).<\/p>\n<p>ZUR BEACHTUNG: Bei dieser Platte sollte das Wasser zum Energetisieren mindestens 20 Minuten lang darauf gestellt werden.<\/p>\n<p><em><u>Ergebnis im LIFE-TEST:\u00a0<\/u>Die Kolzov-Platte &#8222;Atem des Universums&#8220; hat ein neutrales Energiefeld mit mehr als 40 000 Bovis. Damit aktiviert sie drei Chakras auf 40 000 Bovis und zwei weitere auf ebenfalls sehr hohe 35 000 Bovis: Stirn-, Herz- und Blase-\/Sexual-Chakra steigen auf 40 000 Bovis und Kronen- und Hals-Chakra auf 35 000 Bovis. Das Solarplexus-Chakra vervierfacht seine Energie auf 28 000 Bovis und das Wurzel-Chakra verdoppelt seine Energie auf 14 000 Bovis.<br \/>\nDurch die Aufladung der Chakras w\u00e4chst der bioenergetische Reaktionsabstand von zirka 75 Zentimetern um den K\u00f6rper auf betr\u00e4chtliche 1,60 Meter.<\/em><\/p>\n<p>&nbsp;<\/p>\n<p><strong><em>Wichtiger Hinweis:<br \/>\nWir weisen ausdr\u00fccklich darauf hin, dass die Kolzov-Platte (russische Bezeichnung: &#8222;Korrektoren des funktionalen Zustands&#8220;) ein alternatives Energie- und Informationsprodukt ist und kein Heilmittel im Sinne der westlichen Schulmedizin. Vielmehr ist es ein rein energetisches Hilfsmittel zur ganzheitlichen Balancierung von energetischen Disharmonien und Blockaden. Informationen \u00fcber Qualit\u00e4t und Eigenschaften des Energieobjekts beziehen sich auf Aussagen des russischen Herstellers und alternativen Theorien zu Mensch und Umwelt, auf alternative Anschauungen und esoterische \u00dcberlieferungen oder Aussagen. Sie gelten nur im Sinne der esoterischen Lebensphilosophie und daran angelehnte Alternativheilkunde. Wirkungen im Sinne westlicher Wissenschaft oder Medizin werden hier nicht behauptet.<\/em><\/strong><\/p>","protected":false},"excerpt":{"rendered":"<p>Die Kolzov-Platte \u201eAtem des Universums\u201c (\u0414\u042b\u0425\u0410\u041d\u0418\u0415 \u0412\u0421\u0415\u041b\u0415\u041d\u041d\u041e\u0419) ist ein kraftvoller Energielieferant, der das innere Feuer entfacht und tief sitzende M\u00fcdigkeit oder Apathie vertreibt. Sie wirkt harmonisierend auf das soziale Umfeld, hilft bei der L\u00f6sung von Konflikten und schafft einen sicheren energetischen Raum. Zudem zieht sie die Energie von materiellem Wohlstand an, st\u00e4rkt die sexuelle Vitalit\u00e4t und unterst\u00fctzt Menschen in F\u00fchrungspositionen oder bei \u00f6ffentlichen Auftritten.<\/p>","protected":false},"featured_media":1805,"comment_status":"open","ping_status":"closed","template":"","meta":[],"product_brand":[],"product_cat":[33],"product_tag":[145],"class_list":{"0":"post-1724","1":"product","2":"type-product","3":"status-publish","4":"has-post-thumbnail","6":"product_cat-elite-series","7":"product_tag-145","9":"first","10":"instock","11":"taxable","12":"shipping-taxable","13":"purchasable","14":"product-type-simple"},"_links":{"self":[{"href":"https:\/\/vigo-rio.com\/en\/wp-json\/wp\/v2\/product\/1724","targetHints":{"allow":["GET"]}}],"collection":[{"href":"https:\/\/vigo-rio.com\/en\/wp-json\/wp\/v2\/product"}],"about":[{"href":"https:\/\/vigo-rio.com\/en\/wp-json\/wp\/v2\/types\/product"}],"replies":[{"embeddable":true,"href":"https:\/\/vigo-rio.com\/en\/wp-json\/wp\/v2\/comments?post=1724"}],"wp:featuredmedia":[{"embeddable":true,"href":"https:\/\/vigo-rio.com\/en\/wp-json\/wp\/v2\/media\/1805"}],"wp:attachment":[{"href":"https:\/\/vigo-rio.com\/en\/wp-json\/wp\/v2\/media?parent=1724"}],"wp:term":[{"taxonomy":"product_brand","embeddable":true,"href":"https:\/\/vigo-rio.com\/en\/wp-json\/wp\/v2\/product_brand?post=1724"},{"taxonomy":"product_cat","embeddable":true,"href":"https:\/\/vigo-rio.com\/en\/wp-json\/wp\/v2\/product_cat?post=1724"},{"taxonomy":"product_tag","embeddable":true,"href":"https:\/\/vigo-rio.com\/en\/wp-json\/wp\/v2\/product_tag?post=1724"}],"curies":[{"name":"wp","href":"https:\/\/api.w.org\/{rel}","templated":true}]}}