{"id":1723,"date":"2026-01-15T09:44:33","date_gmt":"2026-01-15T09:44:33","guid":{"rendered":"https:\/\/vigo-rio.com\/?post_type=product&#038;p=1723"},"modified":"2026-02-01T21:16:52","modified_gmt":"2026-02-01T21:16:52","slug":"fc-bogurajew","status":"publish","type":"product","link":"https:\/\/vigo-rio.com\/en\/product\/fc-bogurajew\/","title":{"rendered":"FC Bogurajew"},"content":{"rendered":"<p><strong>Kolzov-Platte: &#8222;Bogurajew&#8220;\u00a0&#8211; (mehr Energie und Anti-Aging, f\u00fcr Intuition und innere F\u00fchrung)<br \/>\n<\/strong><\/p>\n<p>Die Platte &#8222;Bogurajew&#8220; hilft dabei, eine positive Grundeinstellung im Leben zu gewinnen und die innere F\u00fchrung und Intuition zu aktivieren. Sie verleiht Energie &#8211; auch bei chronischer M\u00fcdigkeit, langwierigen Genesungsprozessen, zu viel Stress etc. &#8211; aktiviert die Chakras und hilft dabei, wenn man sich auf h\u00f6here Schwingungsebenen einstellen m\u00f6chte. Im K\u00f6rperlichen hilft sie bei Problemen des Bewegungsapparates, insbesondere der Wirbels\u00e4ule. Im Emotionalen f\u00f6rdert sie ein harmonisches soziales Umfeld. Die Platte ist f\u00fcr Fitness und Sport und f\u00fcr Meditation und energetisch-geistige Arbeit gleicherma\u00dfen geeignet.<\/p>\n<p><em>Die Aussagen beziehen sich auf alternative Testmethoden wie Meridianenergie-Messungen der Organfunktionskreisl\u00e4ufe nach TCM, Kirlian-Fotografie (EPG\/GDV-Kamera), Oberon, Amsat o.\u00e4. durch den Hersteller &#8222;Planet der Regionen&#8220; und stellen keine medizinische oder auf den physischen K\u00f6rper und dessen Organe bezogenen Aussage im Sinne der westlichen Schulmedizin dar.<\/em><\/p>\n<p><strong>Die Platte ist in diesem Sinne vor allem geeignet f\u00fcr:<\/strong><\/p>\n<ul>\n<li>vermittelt neue Kraft und Energie, wirkt unterst\u00fctzend bei chronischer M\u00fcdigkeit, f\u00f6rdert die rasche Erholung des K\u00f6rpers nach erh\u00f6htem Stress und nach Krankheiten,<\/li>\n<li>f\u00f6rdert insgesamt die Harmonisierung und Erhaltung der Lebensenergie, aktiviert und reguliert die Chakras,<\/li>\n<li>vermittelt einen Auraschutz und hilft dabei, nicht autorisierte Eingriffe in das Biofeld sanft zu entfernen,<\/li>\n<li>hilft im Energetischen dabei, das Programm des Alterns zu verlangsamen, f\u00f6rdert Einstellungen und Aktivit\u00e4ten, die der Gesundheit zutr\u00e4glich sind, hat dadurch Anti-Aging-Wirkung,<\/li>\n<li>aktiviert das gesamte Bewusstsein, st\u00e4rkt die Intuition und f\u00f6rdert, auf die eigene innere Stimme und F\u00fchrung zu h\u00f6ren,<\/li>\n<li>hilft dabei, sich auf sich selbst zu besinnen und die eigenen Lebenspl\u00e4ne und Herzensw\u00fcnsche zu realisieren, die Platte ist daher sehr gut geeignet, um Pl\u00e4ne zu fassen und Vorhaben schneller umzusetzen,<\/li>\n<li>hilft dabei, sich bewusst auf eine h\u00f6here Schwingungsebene einzustellen und au\u00dfersinnliche Wahrnehmungen wie Hellsehen zu entwickeln,<\/li>\n<li>st\u00e4rkt Selbstbewusstsein und Ausgeglichenheit und f\u00f6rdert harmonische Beziehungen in Familie und sozialem Umfeld,<\/li>\n<li>f\u00f6rdert auf energetischem Wege im K\u00f6rper die Entgiftung und die T\u00e4tigkeit des Lymphsystems,<\/li>\n<li>harmonisiert die Gehirnt\u00e4tigkeit und die Aktivit\u00e4t der Hypophyse,<\/li>\n<li>aktiviert das Herz-Chakra und beugt auf energetischem Wege Erkrankungen des Herz-Kreislauf-Systems vor,<\/li>\n<li>unterst\u00fctzt energetisch die korrekte Haltung und Aufrichtung der Wirbels\u00e4ule, beugt Erkrankungen des Bewegungsapparates vor, lindert Muskelkr\u00e4mpfe und stellt die Durchblutung wieder her.<\/li>\n<\/ul>\n<p>Auf der Kolzov- Platte &#8222;Bogurajew&#8220; sind unter anderem die Informationen eines Kraftortes, eines alten Heiligtums im Weiler Bogurajew im Kreis Belaja Kalitwa, Gebiet Rostow, gespeichert.<\/p>\n<p>TIPP: Die Platte &#8222;Bogurajew&#8220; kann sehr gut kombiniert werden mit den Kolzov-Platten: &#8222;Nr. 10 Gesunde Gelenke&#8220; (Serie VIOLETT&#8220;), &#8222;Nr.20 Astral-Reinigung&#8220; (Serie GOLD), &#8222;Harmonie&#8220; (Serie GR\u00dcN), &#8222;Indi&#8220; und &#8222;Kamerton&#8220; (Verst\u00e4rker-Platte( beide Serie KOLLEKTION)<\/p>\n<p>ZUR BEACHTUNG: Bei dieser Platte sollte das Wasser zum Energetisieren mindestens 3 Stunden lang darauf gestellt werden. Trinken Sie das Wasser und tragen Sie die Platte am K\u00f6rper, zumindest sobald sie sich in die \u00d6ffentlichkeit begeben. Zudem k\u00f6nnen Sie das energetisierte Wasser und die Platte auch f\u00fcr Reinigungsrituale verwenden.<\/p>\n<p><em><u>Ergebnis im LIFE-TEST:<\/u>\u00a0Die Kolzov-Platte &#8222;Bogurajew&#8220; hat ein neutrales Energiefeld mit mehr als 40 000 Bovis. Damit aktiviert sie das Stirn-Chakra und das Solarplexus-Chakra auf enorme 40 000 Bovis. Das Wurzel-Chakra vervierfacht seine Energie auf 28 000 Bovis. Das Herz-Chakra steigt auf 21 000 Bovis und die anderen Chakras verdoppeln Ihre Energie auf 14 00 Bovis. Die Aufladung der Kopf-Chakras bewirkt hier eine starke Ausdehnung des gesamten Energiefeldes: der bioenergetische Reaktionsabstand w\u00e4chst von 75 Zentimetern um den K\u00f6rper auf 2,25 Meter.<\/em><\/p>\n<p><em><strong>Wichtiger Hinweis:<br \/>\nWir weisen ausdr\u00fccklich darauf hin, dass die Kolzov-Platte (russische Bezeichnung: &#8222;Korrektoren des funktionalen Zustands&#8220;) ein alternatives Energie- und Informationsprodukt ist und kein Heilmittel im Sinne der westlichen Schulmedizin. Vielmehr ist es ein rein energetisches Hilfsmittel zur ganzheitlichen Balancierung von energetischen Disharmonien und Blockaden. Informationen \u00fcber Qualit\u00e4t und Eigenschaften des Energieobjekts beziehen sich auf Aussagen des russischen Herstellers und alternativen Theorien zu Mensch und Umwelt, auf alternative Anschauungen und esoterische \u00dcberlieferungen oder Aussagen. Sie gelten nur im Sinne der esoterischen Lebensphilosophie und daran angelehnte Alternativheilkunde. Wirkungen im Sinne westlicher Wissenschaft oder Medizin werden hier nicht behauptet.<\/strong><\/em><\/p>","protected":false},"excerpt":{"rendered":"<p>Die ideale Platte f\u00fcr neue Kraft und innere Klarheit. \u201eBogurajew\u201c hilft dabei, chronische M\u00fcdigkeit zu \u00fcberwinden, das Programm des Alterns energetisch zu verlangsamen und die Intuition zu st\u00e4rken. Sie unterst\u00fctzt eine gesunde K\u00f6rperhaltung der Wirbels\u00e4ule und f\u00f6rdert gleichzeitig die Realisierung Ihrer Herzensw\u00fcnsche. Perfekt f\u00fcr Meditation, Sport und alle, die ihre Lebenspl\u00e4ne mit neuer Energie und einer h\u00f6heren Schwingungsebene umsetzen m\u00f6chten.<\/p>","protected":false},"featured_media":2733,"comment_status":"open","ping_status":"closed","template":"","meta":[],"product_brand":[],"product_cat":[33],"product_tag":[270],"class_list":{"0":"post-1723","1":"product","2":"type-product","3":"status-publish","4":"has-post-thumbnail","6":"product_cat-elite-series","7":"product_tag-270","9":"first","10":"instock","11":"taxable","12":"shipping-taxable","13":"purchasable","14":"product-type-simple"},"_links":{"self":[{"href":"https:\/\/vigo-rio.com\/en\/wp-json\/wp\/v2\/product\/1723","targetHints":{"allow":["GET"]}}],"collection":[{"href":"https:\/\/vigo-rio.com\/en\/wp-json\/wp\/v2\/product"}],"about":[{"href":"https:\/\/vigo-rio.com\/en\/wp-json\/wp\/v2\/types\/product"}],"replies":[{"embeddable":true,"href":"https:\/\/vigo-rio.com\/en\/wp-json\/wp\/v2\/comments?post=1723"}],"wp:featuredmedia":[{"embeddable":true,"href":"https:\/\/vigo-rio.com\/en\/wp-json\/wp\/v2\/media\/2733"}],"wp:attachment":[{"href":"https:\/\/vigo-rio.com\/en\/wp-json\/wp\/v2\/media?parent=1723"}],"wp:term":[{"taxonomy":"product_brand","embeddable":true,"href":"https:\/\/vigo-rio.com\/en\/wp-json\/wp\/v2\/product_brand?post=1723"},{"taxonomy":"product_cat","embeddable":true,"href":"https:\/\/vigo-rio.com\/en\/wp-json\/wp\/v2\/product_cat?post=1723"},{"taxonomy":"product_tag","embeddable":true,"href":"https:\/\/vigo-rio.com\/en\/wp-json\/wp\/v2\/product_tag?post=1723"}],"curies":[{"name":"wp","href":"https:\/\/api.w.org\/{rel}","templated":true}]}}