{"id":1721,"date":"2026-01-15T09:43:11","date_gmt":"2026-01-15T09:43:11","guid":{"rendered":"https:\/\/vigo-rio.com\/?post_type=product&#038;p=1721"},"modified":"2026-02-04T20:12:03","modified_gmt":"2026-02-04T20:12:03","slug":"fc-bacalar-cenotes-yucatans","status":"publish","type":"product","link":"https:\/\/vigo-rio.com\/en\/product\/fc-bacalar-cenotes-yucatans\/","title":{"rendered":"FC Bacalar Cenotes Yucatans"},"content":{"rendered":"<p><strong>Kolzov-Platte: &#8222;Bacalar &#8211; Cenoten Yucatans&#8220;\u00a0&#8211; (Intuition, Erschlie\u00dfen von altem und geheimen Wissen, Entwicklung von Gaben und Talenten)<\/strong><\/p>\n<p><em>Die Platte tr\u00e4gt die russische Aufschrift: \u0411\u0410\u041a\u0410\u041b\u0410\u0420. \u0421\u0415\u041d\u041e\u0422\u042b \u042e\u041a\u0410\u0422\u0410\u041d\u0410<\/em><\/p>\n<p>&nbsp;<\/p>\n<p><em>Sonderausgabe zum Jahreskongress 2021 gemeinsam mit der Platte &#8222;Silbener Quell&#8220;. Es werden von beiden einmalig nur 1000 St\u00fcck aufgelegt und nicht nachproduziert. Durch die Anwendung beider Platten erkennt man: &#8222;Ich bin w\u00fcrdig&#8220;, &#8222;Ich habe das Wissen&#8220;, &#8222;Ich erreiche alles&#8220;.<\/em><\/p>\n<p>Die Kolzov-Platte er\u00f6ffnet den Zugriff auf altes Wissen und die F\u00e4higkeiten der Ahnen, f\u00f6rdert die Umsetzung der eigenen Gaben und Talente und die Manifestation auf materieller Ebene. Verbindet mit dem Element Erde und l\u00e4dt den Anwender mit den Energien von Mutter Erde auf, was Halt und St\u00fctze im Leben gibt.<\/p>\n<p><em>Die Aussagen beziehen sich auf alternative Testmethoden wie Meridianenergie-Messungen der Organfunktionskreisl\u00e4ufe nach TCM, Kirlian-Fotografie (EPG\/GDV-Kamera), Oberon, Amsat o.\u00e4. durch den Hersteller &#8222;Planet der Regionen&#8220; und stellen keine medizinische oder auf den physischen K\u00f6rper und dessen Organe bezogenen Aussage im Sinne der westlichen Schulmedizin dar.<\/em><\/p>\n<p><strong>Die Platte ist in diesem Sinne vor allem geeignet f\u00fcr:<\/strong><\/p>\n<ul>\n<li>weckt die Intuition und erleichtert es, sich neuen Wissensgebieten und spirituellen Aspekten zuzuwenden, hilft generell dabei, sich jenes Wissen und die Kompetenzen zu erschlie\u00dfen, die f\u00fcr den Anwender von besonderem Interesse sind &#8211; egal ob in Wissenschaft oder Esoterik,<\/li>\n<li>zielt darauf ab, durch den Zugriff auf altes Wissen aus fr\u00fcheren Inkarnationen unserer Aufgabe auf Erden gerecht zu werden,<\/li>\n<li>hilft dabei, Wissen und F\u00e4higkeiten unserer Ahnen zu erkennen und aus dem Unterbewusstsein auf die physische Ebene zu \u00fcbertragen: das k\u00f6nnen vergessene Heilweisen, altes Pflanzenwissen, Kommuknikation mit Tieren, k\u00fcnstlerische Fertigkeiten und vieles mehr sein,<\/li>\n<li>hilft dabei, altes, geheimes Wissen wieder zug\u00e4nglich zu machen und die h\u00f6heren Ebenen der Herzenergie, das spirituelle Herz, zu aktivieren; das ist zugleich der Schl\u00fcssel, um hinderliche Programmierungen auf Seelenebene zu heilen,<\/li>\n<li>hilft dabei, die uns innewohnenden F\u00e4higkeiten zu erkennen, zu entwickeln und zum &#8222;strahlen&#8220; zu bringen und tr\u00e4gt auch dazu bei, neue berufliche T\u00e4tigkeitsfeld leichter erschlie\u00dfen zu k\u00f6nnen,<\/li>\n<li>Die Platte harmonisiert dabei kraftvoll den umgebenden Raum und schafft so das energetische Umfeld, um seine Talente und Gaben erkennen und verwirklichen zu k\u00f6nnen,<\/li>\n<li>l\u00e4dt den Anwender mit den Energien von Mutter Erde auf, was Halt und St\u00fctze im Leben gibt. Das schenkt auch die Freiheit, sich f\u00fcr die Manifestationen von Wohlstand und Errungenschaften der materiellen Ebene zu \u00f6ffnen, die man mit seinen Gaben und Talenten erringen kann.<\/li>\n<li>Die Platte unterst\u00fctzt die Erkenntnis, dass wir in der Lage sind, unsere Realit\u00e4t selbst zu erschaffen, indem wir Qualit\u00e4ten unseres eigenen Bewusstseins manifestieren, und sie baut selbstauferlegte Beschr\u00e4nkungen im Bewusstsein ab,<\/li>\n<li>st\u00e4rkt die \u00dcberzeugungskraft und so auch den Erfolg in Kommunikation und Verhandlungen,<\/li>\n<li>verbessert auf energetischer Ebene den Zellstoffwechsel und beugt \u00dcbergewicht und Fettleibigkeit vor,<\/li>\n<li>verf\u00fcgt \u00fcber eine starke absorbierende Wirkung, was die Entgiftung des K\u00f6rpers unterst\u00fctzt,<\/li>\n<li>hat eine wohltuende Wirkung auf die Haut, reinigt sie und kann zur Energetisierung von kosmetischen Produkten insbesondere solche zur Reinigung wie Peelings verwendet werden,<\/li>\n<li>reguliert den Wasser-Salz-Haushalt des Anwenders, f\u00f6rdert die sanfte R\u00fcckbildung von \u00d6demen,<\/li>\n<li>unterst\u00fctzt im Energetischen die Funktion der Schilddr\u00fcse, beugt Erkrankungen des Herz-Kreislauf- Systems und des Magen-Darm-Trakts,<\/li>\n<li>unterst\u00fctzt und sch\u00fctzt das Nervensystem und tr\u00e4gt zur Normalisierung des Zustandes von Nerven- und Muskelgewebe bei, hilft dadurch auch bei Stress, nervlicher Anspannung und kreisenden Gedanken, die einen nicht zur Ruhe und zum Einschlafen kommen lassen.<\/li>\n<\/ul>\n<p>Auf der Kolzov-Platte &#8222;Bacalar &#8211; Cenoten Yucatans&#8220; sind die Informationen des Wassers der Cenote de la Bruja, welche direkt an der Lagune von Bacalar der Halbinsel Yucatan in Mexico liegt gespeichert. Die Cenote ist ein besonderer Kraftplatz und gilt als H\u00fcterin geheimen Wissens.<\/p>\n<p>TIPP 1: F\u00fcr den Zugriff auf altes, geheimes oder verloren gegangenes Wissen legen Sie die Platte auf das Stirn-Chakra (auf das &#8222;dritten Auge&#8220;). Die Informationen werden zun\u00e4chst von der Seelenebene empfangen und ge\u00f6ffnet. Anschlie\u00dfend legen Sie die Platte auf den Bereich der Thymusdr\u00fcse, also zwischen Herz- und Hals-Chakra. Nach einigen Minuten werden Sie in einen Zustand der inneren Kontemplation finden und k\u00f6nnen in diesem Zustand, eine Frage oder Absicht formulieren, auf die man Antworten sucht.<\/p>\n<p>TIPP 2: Die Platte kann sehr effektiv bei der Bereitung von Kr\u00e4uteraufg\u00fcssen und Heiltees verwendet werden. Daf\u00fcr das verwendete Wasser 15-25 Minuten lang mit der Platte informieren (das Wasser sollte eine maximale Temperatur von 85-90 Grad haben und nicht kochen). Im Tagesverlauf k\u00f6nnen Sie dann das informierte Wasser trinken &#8211; im Bewusstsein, dass Sie bereit sind, neue Informationen zu empfangen. Je nach spirituellem Entwicklungsstand des Anwenders k\u00f6nnen diese dann sofort und nach und nach im Tagesbewusstsein auftauchen&#8230;<\/p>\n<p>TIPP 3: Gute Wirkungen werden auch in der Aromatherapie erreicht &#8211; insbesondere bei der Energetisierung von \u00e4therischen \u00d6len von Jasmin, Rose, Patchouli, Ylang-Ylang. Diese k\u00f6nnen dann, pur oder mit einem Tr\u00e4ger\u00f6l vermischt, auf das Handgelenk auftragen oder auch zur Raumbeduftung verwenden werden, indem man einfach die Platte unter den Diffusor legt.<\/p>\n<p>TIPP 4: Die Platte kann zum Beispiel verwendet werden, um sich neues Wissen \u00fcber Steine, Kr\u00e4uter, Mineralien anzueignen oder Kenntnisse \u00fcber Runen, Symbole, Zahlen, Buchstaben, Sterne, Mond usw. zu erlangen. Wenn man an dem tiefen Wissen unserer Vorfahren teilhaben m\u00f6chte, wird dieses enth\u00fcllt werden. In der Arbeit mit dieser Platte k\u00f6nnen all diese und andere Informationen nach und nach enth\u00fcllt werden.<\/p>\n<p>TIPP 5: Mit Hilfe der Platte &#8222;Bacalar &#8211; Cenoten Yucatans&#8220; kann die L\u00f6schung von negativen Programmierungen und Regeneration von Energielecks im Biofeld des Anwenders w\u00e4hrend der Schlafphase unterst\u00fctzt werden &#8211; dazu einfach die Platte auf den Bereich des Herzzentrums in H\u00f6he der Thymusdr\u00fcse platzieren (z.B: mit dem Kolzov-Trageg\u00fcrtel) oder w\u00e4hrend der Meditation dort auflegen.<\/p>\n<p>TIPP 6: Die Farben Gold und Violett unterst\u00fctzen die Wirkung der Platte noch. Sie k\u00f6nnen zum Beispiel mit Kleidungsst\u00fccke und Accessoires in diesen Farben die Energien der Platte unterst\u00fctzen.<\/p>\n<p>TIPP 7: Die Platte &#8222;Bacalar &#8211; Cenoten Yucatans&#8220; kann mit allen zuvor erschienenen Platten und Armb\u00e4ndern kombiniert werden, besonders aber mit: &#8222;Tapirh\u00f6hle &#8211; Cenoten Yucatans&#8220;, &#8222;Silbener Quell&#8220;, &#8222;Geheimnisse des Universums&#8220;, &#8222;Weisheit&#8220;, &#8222;Ewigkeit&#8220;, &#8222;Talisman&#8220;, &#8222;Gold der W\u00fcste Gobi&#8220;, Code Gobi&#8220;, &#8222;Inka&#8220;, &#8222;Vitalit\u00e4t&#8220; (alle Serie Elite), &#8222;Rapa&#8220; (Winterserie 2020), Nr.18, Nr.20 und Nr. 24 (Serie Gold), Nr.9 (Serie Violett), &#8222;Wahrhaftig eLiebe&#8220; (Serie Gr\u00fcn), &#8222;Goldener Sand&#8220;, &#8222;Goldener Schnitt&#8220; (Serie Effizient), &#8222;Gl\u00fcckseligkeit&#8220;, &#8222;Neurovita&#8220;, &#8222;Quelle der Lamas&#8220;, &#8222;Nephrit&#8220;, &#8222;Judek&#8220; (Seie Kollektion) und mit den Armb\u00e4ndern &#8222;Intelligenz-Aktivator&#8220; und &#8222;Magnat&#8220;.<\/p>\n<p>ZUR BEACHTUNG: Bei dieser Platte sollte das Wasser zum Energetisieren mindestens 6 Stunden lang darauf gestellt werden. Die Platte kann auch sehr gut zur Energetisierung von reinigenden Kosmetikprodukten verwendet werden.<\/p>\n<p><em><u>Ergebnis im LIFE-TEST:<\/u>\u00a0Die Kolzov-Platte &#8222;Bacalar &#8211; Cenoten Yucatans&#8220; hat ein neutrales Energiefeld mit mehr als 40 000 Bovis. Damit aktiviert sie das Herz- und das Solarplexus-Chakra auf enorme 40 000 Bovis. Kronen- und Hals-Charka steigen auf sehr hohe 35 000 Bovis. Das Blase-\/Sexual-Chakra verdreifacht seine Energie auf 21 000 Bovis. Und Stirn- und Wurzel-Chakra verdoppeln ihre Enerige auf 14 000 Bovis. Durch die Aufladung der Chakras w\u00e4chst der bioenergetische Reaktionsabstand von zirka 75 Zentimetern um den K\u00f6rper auf 1,75 Meter. Verwendet man die Platte &#8222;Bacalar &#8211; Cenoten Yucatans&#8220; mit &#8222;Silbener Quell&#8220; oder mit &#8222;Tapirh\u00f6hle &#8211; Cenoten Yucatans&#8220; gemeinsam am K\u00f6rper steigen alle Chakras in ihrer Energie auf 40 000 Bovis.<\/em><\/p>\n<p><em><br \/>\n<strong>Wichtiger Hinweis:<br \/>\nWir weisen ausdr\u00fccklich darauf hin, dass\u00a0<\/strong><strong>die Kolzov-Platte (russische Bezeichnung: &#8222;Korrektoren des funktionalen Zustands&#8220;) ein alternatives Energie- und Informationsprodukt ist und kein Heilmittel im Sinne der westlichen Schulmedizin. Vielmehr ist es ein rein energetisches Hilfsmittel zur ganzheitlichen Balancierung von energetischen Disharmonien und Blockaden. Informationen \u00fcber Qualit\u00e4t und Eigenschaften des Energieobjekts beziehen sich auf Aussagen des russischen Herstellers und alternativen Theorien zu Mensch und Umwelt, auf alternative Anschauungen und esoterische \u00dcberlieferungen oder Aussagen. Sie gelten nur im Sinne der esoterischen Lebensphilosophie und daran angelehnte Alternativheilkunde. Wirkungen im Sinne westlicher Wissenschaft oder Medizin werden hier nicht behauptet.<\/strong><\/em><\/p>","protected":false},"excerpt":{"rendered":"<p>Die Kolzov-Platte \u201eBacalar\u201c er\u00f6ffnet den Zugang zu altem Ahnenwissen und verborgenen Talenten, w\u00e4hrend sie den Anwender kraftvoll mit der stabilisierenden Energie von Mutter Erde verbindet. Sie f\u00f6rdert die Intuition, hilft beim Abbau innerer Blockaden zur Manifestation von Wohlstand und unterst\u00fctzt energetisch den Zellstoffwechsel sowie die Entgiftung des K\u00f6rpers.<\/p>","protected":false},"featured_media":2164,"comment_status":"open","ping_status":"closed","template":"","meta":[],"product_brand":[],"product_cat":[33],"product_tag":[81],"class_list":{"0":"post-1721","1":"product","2":"type-product","3":"status-publish","4":"has-post-thumbnail","6":"product_cat-elite-series","7":"product_tag-81","9":"first","10":"instock","11":"taxable","12":"shipping-taxable","13":"purchasable","14":"product-type-simple"},"_links":{"self":[{"href":"https:\/\/vigo-rio.com\/en\/wp-json\/wp\/v2\/product\/1721","targetHints":{"allow":["GET"]}}],"collection":[{"href":"https:\/\/vigo-rio.com\/en\/wp-json\/wp\/v2\/product"}],"about":[{"href":"https:\/\/vigo-rio.com\/en\/wp-json\/wp\/v2\/types\/product"}],"replies":[{"embeddable":true,"href":"https:\/\/vigo-rio.com\/en\/wp-json\/wp\/v2\/comments?post=1721"}],"wp:featuredmedia":[{"embeddable":true,"href":"https:\/\/vigo-rio.com\/en\/wp-json\/wp\/v2\/media\/2164"}],"wp:attachment":[{"href":"https:\/\/vigo-rio.com\/en\/wp-json\/wp\/v2\/media?parent=1721"}],"wp:term":[{"taxonomy":"product_brand","embeddable":true,"href":"https:\/\/vigo-rio.com\/en\/wp-json\/wp\/v2\/product_brand?post=1721"},{"taxonomy":"product_cat","embeddable":true,"href":"https:\/\/vigo-rio.com\/en\/wp-json\/wp\/v2\/product_cat?post=1721"},{"taxonomy":"product_tag","embeddable":true,"href":"https:\/\/vigo-rio.com\/en\/wp-json\/wp\/v2\/product_tag?post=1721"}],"curies":[{"name":"wp","href":"https:\/\/api.w.org\/{rel}","templated":true}]}}