{"id":1720,"date":"2026-01-15T09:40:44","date_gmt":"2026-01-15T09:40:44","guid":{"rendered":"https:\/\/vigo-rio.com\/?post_type=product&#038;p=1720"},"modified":"2026-03-02T17:18:42","modified_gmt":"2026-03-02T17:18:42","slug":"fc-awakening-of-the-soul","status":"publish","type":"product","link":"https:\/\/vigo-rio.com\/en\/product\/fc-awakening-of-the-soul\/","title":{"rendered":"FC Erwachen der Seele \/ Awakening of the Soul"},"content":{"rendered":"<p><strong>Kolzov-Platte: &#8222;Erwachen der Seele&#8220;\u00a0&#8211; (baut \u00c4ngste vor Ver\u00e4nderungen ab, harmonisiert das Umfeld und erf\u00fcllt mit Optimismus, Freude und neuer Energie)<br \/>\n<\/strong><\/p>\n<p><strong><em>(bei paarweiser Anwendung am besten mit einer der Platten: &#8222;Himmlische F\u00fcrbitte&#8220;, &#8222;Leuchtfeuer des Wissens&#8220; oder Transformation&#8220; &#8211; alle in der Serie Elite )<\/em><br \/>\n<\/strong><\/p>\n<p><strong>&#8211; neueste Version mit 8-Elementen (8 enthaltenen Energiespeicher-Chips)<br \/>\n<\/strong><\/p>\n<p><em>Die Platte tr\u00e4gt die russische Aufschrift: \u041f\u0420\u041e\u0411\u0423\u0416\u0414\u0415\u041d\u0418\u0415 \u0414\u0423\u0428\u0418 bzw. auf dem erg\u00e4nzenden Deckblatt: SOUL AWAKENING, EVEIL DE L#AME, ERWACHEN DER SEELE<\/em><\/p>\n<p>Diese Platte schafft ein g\u00fcnstiges Umfeld f\u00fcr eine harmonische Kommunikation und Interaktion von Menschen, baut \u00c4ngste ab und st\u00e4rkt Optimismus, Freude und Gl\u00fcck. Diese au\u00dfergew\u00f6hnliche Kolzov-Platte wirkt wie ein guter, alter Freund, der Sie stets unterst\u00fctzt, beh\u00fctet, die Hand reicht oder auch mal die Schulter, um sich anzulehnen, und Sie immer mit Respekt und Akzeptanz behandelt.<\/p>\n<p><em>Die Aussagen beziehen sich auf alternative Testmethoden wie Meridianenergie-Messungen der Organfunktionskreisl\u00e4ufe nach TCM, Kirlian-Fotografie (EPG\/GDV-Kamera), Oberon, Amsat o.\u00e4. durch den Hersteller &#8222;Planet der Regionen&#8220; und stellen keine medizinische oder auf den physischen K\u00f6rper und dessen Organe bezogenen Aussage im Sinne der westlichen Schulmedizin dar.<\/em><\/p>\n<p><strong>Die Platte ist in diesem Sinne vor allem geeignet f\u00fcr:<\/strong><\/p>\n<ul>\n<li>hilft dabei, innere \u00c4ngste und Unruhe abzubauen, und insbesondere die Angst vor Ungewissheit, zuk\u00fcnftigen Ereignissen und Situationen loszulassen,<\/li>\n<li>reinigt die Seele von negativen \u00e4u\u00dferen Angst-Programmen und erf\u00fcllt sie mit den Energien der Liebe und der g\u00f6ttlichen Gnade,<\/li>\n<li>vermittelt Gef\u00fchle von Optimismus, Freude, Gl\u00fcck, Lebenslust, harmonischer Akzeptanz und Gelassenheit und einer gesunden Uneigenn\u00fctzigkeit, er\u00f6ffnet auch einen positiveren Blickwinkel auf das aktuelle Zeitgeschehen und zeigt neue Chancen auf unter der Ma\u00dfgabe &#8222;Alles ist gut, aber es wird noch besser&#8220;,<\/li>\n<li>st\u00e4rkt die innere Stabilit\u00e4t und das Vertrauen und hilft zu verstehen, dass das Gl\u00fcck im Leben schon auf dem Weg seiner Lebensreise zu finden ist und nicht erst am Endpunkt seiner Ziele oder Inkarnation,<\/li>\n<li>hilft im Alltag Unsicherheiten und \u00c4ngste bei der Jobsuche, beim Vorstellungsgespr\u00e4ch oder bei einer neuen Arbeitsstelle oder Schulklasse abzubauen und schafft bei einem Umzug wohltuende Energien am neuen Wohnort, die Platte ist f\u00fcr Erwachsene und Kinder geeignet, sich besser auf ein neuen Umfeld einzustellen und kann ist auch auf Reisen hilfreich,<\/li>\n<li>schafft ein g\u00fcnstiges Umfeld f\u00fcr die harmonische Kommunikation und Interaktion von Menschen und erleichtert so die Anpassung an ein neues Team im Beruf oder an ein neues soziales Umfeld &#8211; entfernt unangenehme, negativ wirkende Menschen aus dem Umfeld,<\/li>\n<li>schafft bei einem geselligen Zusammensein eine Atmosph\u00e4re der Innerlichkeit, Freundlichkeit und Gemeinsamkeit, vermittelt gute Stimmung und hilft gemeinsame Interessen zu entdecken,<\/li>\n<li>sch\u00fctzt und sichert das Umfeld des Benutzers vor Naturkatastrophen.<\/li>\n<li>Auf k\u00f6rperlicher Eben bietet die Platte energetische Unterst\u00fctzung bei verschiedenen Augenerkrankungen insbesondere verschiedenen Formen von Augenentz\u00fcndungen, hilft bei Hautverletzungen und bei der Verhinderung von Narben<\/li>\n<li>hilft bei Erkrankungen des Bewegungsapparates, um die motorischen Funktionen nach Verletzungen, bei Erkrankungen der Gelenke und der Wirbels\u00e4ule wieder herzustellen,<\/li>\n<li>hilft Krankheiten vorzubeugen, die mit dem Wachstum krankhaft ver\u00e4nderter Zellen zusammenh\u00e4ngen.<\/li>\n<li>Die Platte unterst\u00fctzt dabei, allgemeine Schw\u00e4chezust\u00e4nde und mangelhafte Vitalit\u00e4t zu \u00fcberwinden, wie sie beispielsweise nach \u00fcberstandenen Krankheiten auftreten k\u00f6nnen und l\u00e4dt mit g\u00f6ttlicher Kraft und kraftvoller Energie auf.<\/li>\n<\/ul>\n<p>Auf der Kolzov-Platte &#8222;Erwachen der Seele&#8220; sind die Informationen einer heilkr\u00e4ftigen Quelle gespeichert, die in der H\u00f6hle des &#8222;Gottesberges&#8220; bei Welikije Bereshzy im Kreis Kremenez, Region Ternopol in der Ukraine, entspringt.<\/p>\n<p>TIPP 1: Bei Erwachsenen und Kindern, die sehr verschlossen sind oder Autismus-Probleme haben, ist die Anwendung der Platte &#8222;Erwachen der Seele&#8220; zusammen mit der Platte &#8222;Frieden&#8220; sehr hilfreich.<\/p>\n<p>TIPP 2: Die Platte &#8222;Erwachen der Seele&#8220; wirkt mit den Platten &#8222;Himmlische F\u00fcrbitte&#8220;, &#8222;Leuchtfeuer des Wissens&#8220; und Transformation&#8220; (alle in der Serie Elite erschienen) auf einzigartige Weise zusammen.<br \/>\nDie Platte &#8222;Neue Zeit&#8220; kann auch mit allen zuvor erschienenen Platten und Armb\u00e4ndern kombiniert werden, besonders noch mit: &#8222;Quelle vom erhabenen Berg&#8220;, &#8222;Gl\u00fcckseligkeit&#8220;, &#8222;Ph\u00f6nix&#8220;, &#8222;Indi&#8220; (Serie Kollektion), &#8222;Renaissance&#8220;, &#8222;Wundert\u00e4ter&#8220;, &#8222;Gl\u00fcck&#8220;, &#8222;Vitalit\u00e4t&#8220;, &#8222;Protector&#8220;, &#8222;Quelle der drei heiligen Hierarchen&#8220;, &#8222;Weisheit&#8220;, &#8222;Ewigkeit&#8220; (Serie Elite), &#8222;Bewegungsfreiheit&#8220;, &#8222;Weggef\u00e4hrte&#8220; (Winterserie 2020), &#8222;Unfallschutz&#8220;, &#8222;Goldener Schnitt&#8220;, &#8222;Heilige H\u00f6hle&#8220; (Serie Effizient), &#8222;Langes Leben&#8220; (Serie Gr\u00fcn), &#8222;Nr.11&#8220; und &#8222;Nr.17&#8220; (Serie Violett), &#8222;Nr.7&#8220; (Serie Blau) sowie mit den Armb\u00e4ndern &#8222;Gl\u00fcckseligkeit&#8220;, &#8222;\u00dcberwindung&#8220;, &#8222;Erneuerung&#8220;, &#8222;Fitness&#8220; &#8222;Lichtkraft&#8220;.<\/p>\n<p>ZUR BEACHTUNG: Bei dieser Platte sollte das Wasser zum Energetisieren mindestens 15 Minuten lang darauf gestellt werden<\/p>\n<p><em><u>Ergebnis im LIFE-TEST:<\/u>\u00a0Die Kolzov-Platte &#8222;Erwachen der Seele&#8220; hat ein neutrales Energiefeld mit mehr als 40 000 Bovis. Damit aktiviert sie gleich 5 der 7 Chakras auf \u00fcber 40 000 Bovis: Kronen-, Stirn-, Hals-, Herz- und Solarplexus-Chakra. Das Blase-\/Sexual-Chakra steigt auf 28 000 Bovis und das Wurzel-Chakra verdreifacht immerhin noch seine Energie auf 21 000 Bovis. Durch die Aufladung der Chakras w\u00e4chst der bioenergetische Reaktionsabstand von zirka 75 Zentimetern um den K\u00f6rper auf 2,40 Meter.<\/em><\/p>\n<p>&nbsp;<\/p>\n<p>&nbsp;<\/p>\n<p><em><strong>Wichtiger Hinweis:<br \/>\nWir weisen ausdr\u00fccklich darauf hin, dass die Kolzov-Platte (russische Bezeichnung: &#8222;Korrektoren des funktionalen Zustands&#8220;) ein alternatives Energie- und Informationsprodukt ist und kein Heilmittel im Sinne der westlichen Schulmedizin. Vielmehr ist es ein rein energetisches Hilfsmittel zur ganzheitlichen Balancierung von energetischen Disharmonien und Blockaden. Informationen \u00fcber Qualit\u00e4t und Eigenschaften des Energieobjekts beziehen sich auf Aussagen des russischen Herstellers und alternativen Theorien zu Mensch und Umwelt, auf alternative Anschauungen und esoterische \u00dcberlieferungen oder Aussagen. Sie gelten nur im Sinne der esoterischen Lebensphilosophie und daran angelehnte Alternativheilkunde. Wirkungen im Sinne westlicher Wissenschaft oder Medizin werden hier nicht behauptet.<\/strong><\/em><\/p>","protected":false},"excerpt":{"rendered":"<p>wirkt wie ein \u201eguter, alter Freund\u201c, der dich bei Ver\u00e4nderungen und Ungewissheit st\u00fctzt. Sie l\u00f6st tiefsitzende \u00c4ngste vor der Zukunft und hilft Erwachsenen wie Kindern, sich in neuen Teams, Schulen oder am neuen Wohnort sofort wohlzuf\u00fchlen. Sie reinigt die Seele von negativen Programmen, zieht optimistische M\u00f6glichkeiten an und sch\u00fctzt das Umfeld vor Naturkatastrophen. Auf k\u00f6rperlicher Ebene unterst\u00fctzt sie die Regeneration der Augen, des Bewegungsapparates und hilft, Schw\u00e4chezust\u00e4nde nach Krankheiten schnell zu \u00fcberwinden.<\/p>","protected":false},"featured_media":2358,"comment_status":"open","ping_status":"closed","template":"","meta":[],"product_brand":[],"product_cat":[33],"product_tag":[126],"class_list":{"0":"post-1720","1":"product","2":"type-product","3":"status-publish","4":"has-post-thumbnail","6":"product_cat-elite-series","7":"product_tag-126","9":"first","10":"instock","11":"taxable","12":"shipping-taxable","13":"purchasable","14":"product-type-simple"},"_links":{"self":[{"href":"https:\/\/vigo-rio.com\/en\/wp-json\/wp\/v2\/product\/1720","targetHints":{"allow":["GET"]}}],"collection":[{"href":"https:\/\/vigo-rio.com\/en\/wp-json\/wp\/v2\/product"}],"about":[{"href":"https:\/\/vigo-rio.com\/en\/wp-json\/wp\/v2\/types\/product"}],"replies":[{"embeddable":true,"href":"https:\/\/vigo-rio.com\/en\/wp-json\/wp\/v2\/comments?post=1720"}],"wp:featuredmedia":[{"embeddable":true,"href":"https:\/\/vigo-rio.com\/en\/wp-json\/wp\/v2\/media\/2358"}],"wp:attachment":[{"href":"https:\/\/vigo-rio.com\/en\/wp-json\/wp\/v2\/media?parent=1720"}],"wp:term":[{"taxonomy":"product_brand","embeddable":true,"href":"https:\/\/vigo-rio.com\/en\/wp-json\/wp\/v2\/product_brand?post=1720"},{"taxonomy":"product_cat","embeddable":true,"href":"https:\/\/vigo-rio.com\/en\/wp-json\/wp\/v2\/product_cat?post=1720"},{"taxonomy":"product_tag","embeddable":true,"href":"https:\/\/vigo-rio.com\/en\/wp-json\/wp\/v2\/product_tag?post=1720"}],"curies":[{"name":"wp","href":"https:\/\/api.w.org\/{rel}","templated":true}]}}