{"id":1718,"date":"2026-01-15T09:39:43","date_gmt":"2026-01-15T09:39:43","guid":{"rendered":"https:\/\/vigo-rio.com\/?post_type=product&#038;p=1718"},"modified":"2026-03-22T21:00:07","modified_gmt":"2026-03-22T21:00:07","slug":"fc-afrasiab","status":"publish","type":"product","link":"https:\/\/vigo-rio.com\/en\/product\/fc-afrasiab\/","title":{"rendered":"FC Afrasiab"},"content":{"rendered":"<p><strong>Kolzov-Platte: &#8222;Afrasiab&#8220;\u00a0(f\u00fcr Vitalit\u00e4t, mehr Aktivit\u00e4t und Dynamik, st\u00e4rkt Selbstvertrauen, innere Gewissheit und logisches Denken, f\u00fcr Gewichtsreduktion &#8211; hohe Yang-Energie)<br \/>\n<\/strong><\/p>\n<p><strong><em>(bei paarweiser Anwendung am besten mit der Platte &#8222;Magie der Liebe&#8220;)<\/em><br \/>\n<\/strong><\/p>\n<p><strong>&#8211; neueste Version mit 8-Elementen (8 enthaltenen Energiespeicher-Chips)<br \/>\n<\/strong><\/p>\n<p><em>Die Platte tr\u00e4gt die russische Aufschrift: \u0410\u0424\u0420\u041e\u0421\u0418\u0410\u0411<\/em><\/p>\n<p>Die Kolzov-Platte &#8222;Afrasiab\u201c f\u00f6rdert die Weitsicht des Anwenders und den Glauben an die Zukunft. Sie st\u00e4rkt das Selbstvertrauen und das Urvertrauen und ist eine ideale Unterst\u00fctzung f\u00fcr alle, die an ihrem F\u00e4higkeiten zweifeln, sich verloren und von Gott verlassen f\u00fchlen oder die einen Ausweg aus schwierigen Situationen suchen.<br \/>\nSie unterst\u00fctzt einen aktiven Lebensstil mit mehr Sport und Fitness und tr\u00e4gt zur Gewichtskorrektur und -erhaltung bei.<br \/>\nDie Platte ist zudem wichtig f\u00fcr Menschen, denen die m\u00e4nnliche Energie im Leben gefehlt hat, weil sie ohne Vater oder ohne echte v\u00e4terliche Unterst\u00fctzung aufgewachsen sind.<\/p>\n<p><em>Die Aussagen beziehen sich auf alternative Testmethoden wie Meridianenergie-Messungen der Organfunktionskreisl\u00e4ufe nach TCM, Kirlian-Fotografie (EPG\/GDV-Kamera), Oberon, Amsat o.\u00e4. durch den Hersteller &#8222;Planet der Regionen&#8220; und stellen keine medizinische oder auf den physischen K\u00f6rper und dessen Organe bezogenen Aussage im Sinne der westlichen Schulmedizin dar.<br \/>\n<\/em><\/p>\n<p><strong>Die Platte ist in diesem Sinne vor allem geeignet f\u00fcr:<\/strong><\/p>\n<ul>\n<li>aktiviert das 1. und 2.Chakra und st\u00e4rkt so Vitalit\u00e4t, Lebensdurst, k\u00f6rperliche Gesundheit und eine gesunde Sexualit\u00e4t, verleiht Aktivit\u00e4t und Dynamik, aktiviert die Energien der Liebe zum Leben durch ein Gef\u00fchl der Einheit mit dem Absoluten und sch\u00fctzt den Anwender vor feindlichen Energien,<\/li>\n<li>harmonisiert die Arbeit der rechten Gehirnh\u00e4lfte auf hohem Energieniveau, wodurch das Denken klar und strukturiert wird, die F\u00e4higkeiten zu Planung, Logik und Zielsetzung werden gest\u00e4rkt und k\u00f6nnen leichter umgesetzt werden,<\/li>\n<li>hilft dabei seine Ziele zu erreichen, ohne anderen Schaden zuzuf\u00fcgen, die M\u00f6glichkeiten des Anwenders k\u00f6nnen unendlich werden, wenn er sich bewusst im Leben engagiert und die eigene Verantwortung gegen\u00fcber der Umwelt versteht,<\/li>\n<li>aktiviert im K\u00f6rper die Yang-Energien und unterst\u00fctzt die Arbeit des Herz-Kreislauf-Systems, beugt dem Risiko der Entwicklung von Herz-Kreislauf-Erkrankungen (z. B. Herzinfarkt) vor,<\/li>\n<li>tr\u00e4gt zur Vorbeugung von Erkrankungen des Mannes bei, korrigiert gyn\u00e4kologische Erkrankungen und lindert Kr\u00e4mpfe,<\/li>\n<li>unterst\u00fctzt die Funktion des Nervensystems und sorgt f\u00fcr einen Zustand inneren Friedens,<\/li>\n<li>tr\u00e4gt zur Normalisierung des Gewichts bei und h\u00e4lt das Gewicht innerhalb der physiologischen Grenzen der Norm (vorbehaltlich der Grunds\u00e4tze eines normalen, gesunden Lebensstils),<\/li>\n<li>zielt darauf ab, sich aus alten Mustern eventueller negativer Erfahrungen und Szenarien erfolgloser Beziehungen in der Vergangenheit zu l\u00f6sen,<\/li>\n<li>hilft dabei, eine Beziehung zwischen Mann und Frau in ihrer gesamten Bandbreite der Empfindungen zu genie\u00dfen \u2013 von harmonischer Intimit\u00e4t bis hin zu spiritueller Einheit,<\/li>\n<li>st\u00e4rkt das eigene Urvertrauen und hilft so, zuversichtlich in die Zukunft zu blicken, offenbart bisher ungenutzte Potenziale und l\u00e4sst einen gleichsam Fl\u00fcgel wachsen,<\/li>\n<li>aktiviert auch Mut, Entschlossenheit und Einsicht des Anwenders und hilft dabei seine Energien zu konzentrieren und die richtigen Entscheidungen im Leben zu treffen,<\/li>\n<li>verleiht ein gefestigtes Selbstvertrauen, um die wichtigen Schritte f\u00fcr die eigene Zukunft festzulegen zu k\u00f6nnen &#8211; \u201eIch wei\u00df, was zu tun ist, und ich werde es tun\u201c -, bef\u00f6rdert positive Handlungen, die aus dem Herzen und der Seele kommen und authentisch und aufrichtig sind,<\/li>\n<li>erf\u00fcllt den Anwender mit Ruhe und Seelenfrieden und erm\u00f6glicht es, ein gl\u00fcckliches und erf\u00fclltes Leben zu f\u00fchren und dabei den gegenw\u00e4rtigen Moment zu genie\u00dfen,<\/li>\n<li>stellt einen sch\u00fctzenden \u201eSchutzschirm\u201c vor die Vergangenheit (Gedanken, Handlungen \u2013 alles, was nicht mehr ge\u00e4ndert werden kann und was in diesem Leben keine Relevanz hat,<\/li>\n<li>die Platte bietet eine wohlwollende Hilfe bei der \u00dcberwindung von \u00c4ngsten und leistet v\u00e4terlichen Beistand ohne Druck oder Dominanz, indem Sie die Heilung des \u201einneren Kindes\u201c begleitet (insbesondere bei Menschen, die mit nur einem Elternteil aufgewachsen sind oder schwierige Beziehungen zu ihrem Vater\/Stiefvater erlebt haben),<\/li>\n<li>ist in Therapien eine wertvolle Unterst\u00fctzung, um tiefen Groll, \u00c4ngste und Traumata gegen m\u00e4nnliche Verwandte und Vorfahren zu \u00fcberwinden und die positive Unterst\u00fctzung der m\u00e4nnlichen Ahnen zu erfahren.<\/li>\n<\/ul>\n<p>Auf der Kolzov-Platte &#8222;Afrasiab&#8220; sind die Informationen einer Quelle in der antiken Stadt Afrasiab, (usbekisch: &#8222;Afrosiyob&#8220;), der fast 2800 Jahre alten Vorl\u00e4uferstadt von Samarkand in Usbekistan, gespeichert.<\/p>\n<p>TIPP 1:<strong>\u00a0<\/strong>Die Platte &#8222;Afrasiab&#8220; bildet ein erstaunliches Tandem mit der Platte &#8222;Magie der Liebe&#8220; mit dem Ziel, die h\u00f6here Harmonie m\u00e4nnlicher und weiblicher Energien zu erschaffen, Beziehungen aufzubauen und aufrechtzuerhalten sowie eine wirksame Heilung eines Menschen zu erreichen. W\u00e4hrend die Platte &#8222;Magie der Liebe&#8220; eine hohe Yin-Energie vermittelt, transportiert die Platte &#8222;Afrasiab&#8220; eine hohe Yang-Energie. Die Energie der Platte &#8222;Afrasiab&#8220; ist kraftvoll, aber sehr zart und v\u00e4terlich (im Sinne als &#8222;weiser Elternteil&#8220;). Sie ist auch mit allen zuvor ver\u00f6ffentlichten Platten kombinierbar.<\/p>\n<p>TIPP 2:\u00a0Wenn Sie schnell Ihre Energie auff\u00fcllen m\u00fcssen, legen Sie die Platte auf das 1. und dann auf das 2.Chakra.<br \/>\nDurchstr\u00f6men lassen bei Problemen mit der Prostata und dem Fortpflanzungssystem: Legen Sie die Platten auf die mittlere Zone der Nase auf und halten Sie gleichzeitig Ihre Aufmerksamkeit 3-5 Minuten lang in einem Abstand von etwa 30-50 cm \u00fcber Ihren Kopf. Dann bewegen Sie die Platte abwechselnd nach rechts und links in den Bereich der Lippenwinkel und Ihre Aufmerksamkeit lenken Sie wieder auf den gleichen Abstand nach oben \u00fcber Ihren Kopf, so als w\u00fcrden sie sich von oben betrachten. Nach dem System der Meridiane und Reflexzonen sind die Lippenwinkel mit dem Fortpflanzungssystem und die Nasenmitte mit der Prostata und der Geb\u00e4rmutter verbunden. Au\u00dferdem legen M\u00e4nner die Platte &#8222;Maximus&#8220; (Reihe Arkanum) auf das 2.Chakra.<br \/>\nVariante zum Durchstr\u00f6men bei Problemen mit der Prostata und dem Fortpflanzungssystem: Legen Sie die Platte &#8222;Afrasiab&#8220; auf das 2.Chakra, und die Platte Nr.2 (Serie Blau) und die Platte &#8222;Nephrit&#8220; links und rechts auf die Leistenzone auf das Becken.<\/p>\n<p>TIPP 3:\u00a0Die Platte &#8222;Afrasiab&#8220; kann von Jugendlichen beiderlei Geschlechts bei hormonellem Problemen verwendet werden und von Frauen bei schmerzhafter Menstruation.<\/p>\n<p>TIPP 4:<strong>\u00a0<\/strong>Menschen, die sich ihrer eigenen F\u00e4higkeiten nicht sicher sind, die sich in diesem Leben verloren f\u00fchlen, von Gott verlassen oder denen die Kraft des Geistes fehlt, um aufgetretene schwierige Situationen zu l\u00f6sen, k\u00f6nnen die Platte &#8222;Afrasiab&#8220; mit gro\u00dfen Nutzen verwenden. Sie ist auch ein hervorragendes Werkzeug f\u00fcr Psychologen, Psychotherapeuten, R\u00fcckf\u00fchrungstherapeuten und bei Familienaufstellungen.<\/p>\n<p>TIPP 5:\u00a0Auch beim Training in Sport und Fitness, bei Wettk\u00e4mpfen und anstrengen Aktivit\u00e4ten wie Bergwandern, Mountainbike etc. bietet die Platte eine wertvolle Unterst\u00fctzung und sie tr\u00e4gt zur Gewichtskorrektur und -erhaltung bei.<\/p>\n<p>Zur BEACHTUNG: Bei dieser Platte sollte das Wasser zum Energetisieren mindestens 15 Minuten lang darauf gestellt werden.<strong><br \/>\n<\/strong><\/p>\n<p><strong><em>Wichtiger Hinweis:<br \/>\nWir weisen ausdr\u00fccklich darauf hin, dass die Kolzov-Platte (russische Bezeichnung: &#8222;Korrektoren des funktionalen Zustands&#8220;) ein alternatives Energie- und Informationsprodukt ist und kein Heilmittel im Sinne der westlichen Schulmedizin. Vielmehr ist es ein rein energetisches Hilfsmittel zur ganzheitlichen Balancierung von energetischen Disharmonien und Blockaden. Informationen \u00fcber Qualit\u00e4t und Eigenschaften des Energieobjekts beziehen sich auf Aussagen des russischen Herstellers und alternativen Theorien zu Mensch und Umwelt, auf alternative Anschauungen und esoterische \u00dcberlieferungen oder Aussagen. Sie gelten nur im Sinne der esoterischen Lebensphilosophie und daran angelehnte Alternativheilkunde. Wirkungen im Sinne westlicher Wissenschaft oder Medizin werden hier nicht behauptet.<\/em><\/strong><\/p>","protected":false},"excerpt":{"rendered":"<p>Die Kolzov-Platte \u201eAfrasiab\u201c (\u0410\u0424\u0420\u041e\u0421\u0418\u0410\u0411) ist ein Kraftpaket mit hoher Yang-Energie, das speziell f\u00fcr Vitalit\u00e4t, Dynamik und unersch\u00fctterliches Selbstvertrauen entwickelt wurde. Sie st\u00e4rkt das Urvertrauen, hilft beim \u00dcberwinden von Selbstzweifeln und bietet eine \u201ev\u00e4terliche\u201c energetische Unterst\u00fctzung, insbesondere f\u00fcr Menschen, denen diese Pr\u00e4senz in ihrer Biografie fehlte. Zudem unterst\u00fctzt sie einen aktiven Lebensstil und die Gewichtskorrektur.<\/p>","protected":false},"featured_media":2321,"comment_status":"open","ping_status":"closed","template":"","meta":[],"product_brand":[],"product_cat":[33],"product_tag":[149],"class_list":{"0":"post-1718","1":"product","2":"type-product","3":"status-publish","4":"has-post-thumbnail","6":"product_cat-elite-series","7":"product_tag-149","9":"first","10":"instock","11":"taxable","12":"shipping-taxable","13":"purchasable","14":"product-type-simple"},"_links":{"self":[{"href":"https:\/\/vigo-rio.com\/en\/wp-json\/wp\/v2\/product\/1718","targetHints":{"allow":["GET"]}}],"collection":[{"href":"https:\/\/vigo-rio.com\/en\/wp-json\/wp\/v2\/product"}],"about":[{"href":"https:\/\/vigo-rio.com\/en\/wp-json\/wp\/v2\/types\/product"}],"replies":[{"embeddable":true,"href":"https:\/\/vigo-rio.com\/en\/wp-json\/wp\/v2\/comments?post=1718"}],"wp:featuredmedia":[{"embeddable":true,"href":"https:\/\/vigo-rio.com\/en\/wp-json\/wp\/v2\/media\/2321"}],"wp:attachment":[{"href":"https:\/\/vigo-rio.com\/en\/wp-json\/wp\/v2\/media?parent=1718"}],"wp:term":[{"taxonomy":"product_brand","embeddable":true,"href":"https:\/\/vigo-rio.com\/en\/wp-json\/wp\/v2\/product_brand?post=1718"},{"taxonomy":"product_cat","embeddable":true,"href":"https:\/\/vigo-rio.com\/en\/wp-json\/wp\/v2\/product_cat?post=1718"},{"taxonomy":"product_tag","embeddable":true,"href":"https:\/\/vigo-rio.com\/en\/wp-json\/wp\/v2\/product_tag?post=1718"}],"curies":[{"name":"wp","href":"https:\/\/api.w.org\/{rel}","templated":true}]}}