{"id":1716,"date":"2026-01-15T08:28:23","date_gmt":"2026-01-15T08:28:23","guid":{"rendered":"https:\/\/vigo-rio.com\/?post_type=product&#038;p=1716"},"modified":"2026-02-26T13:53:49","modified_gmt":"2026-02-26T13:53:49","slug":"smartphone-chip","status":"publish","type":"product","link":"https:\/\/vigo-rio.com\/en\/product\/smartphone-chip\/","title":{"rendered":"Smartphone Chip"},"content":{"rendered":"<p><strong>Kolzov Handy-Chip &#8222;Schutz am Telefon&#8220;\u00a0&#8211; ein kleiner Korrektor mit gro\u00dfem Potenzial (f\u00fcr alles, was funkt &#8211; Handy, WLAN-Router, Bildschirm, Funkmaus, Babyphone etc.)<\/strong><\/p>\n<p>Handys, drahtlose Festnetztelefone (DECT), WLAN-Router, Ger\u00e4te mit Wi-Fi, Babyphone und andere funkende Ger\u00e4te k\u00f6nnen zur Beeintr\u00e4chtigung des Blutes (St\u00f6rung in der Flie\u00df- und Funktionsf\u00e4higkeit, sogenannte &#8222;Geldrollenbildung&#8220;), des Blutdrucks, des Gehirns und der Energiewerte im System der Meridianenergien f\u00fchren. Bei h\u00e4ufigem Gebrauch kann der Organismus dies nicht mehr kompensieren und die Beeintr\u00e4chtigungen k\u00f6nnen chronisch werden und zu Erkrankungen f\u00fchren. Erste Anzeichen k\u00f6nnen Kopfschmerzen, Schwindel und \u00dcbelkeit, vermindertes Seh- und H\u00f6rverm\u00f6gen, Hautreizungen, schlechtes Erinnerungsverm\u00f6gen, Schw\u00e4chung der Aufmerksamkeit, Reizbarkeit und M\u00fcdigkeit sein.<\/p>\n<p><em>Die Aussagen beziehen sich auf alternative Testmethoden wie Meridianenergie-Messungen der Organfunktionskreisl\u00e4ufe nach TCM, Kirlian-Fotografie (EPG\/GDV-Kamera), Oberon, Amsat o.\u00e4. durch den Hersteller &#8222;Planet der Regionen&#8220; und stellen keine medizinische oder auf den physischen K\u00f6rper und dessen Organe bezogenen Aussage im Sinne der westlichen Schulmedizin dar.<\/em><\/p>\n<p>Das Aufkleber-Chip in diesem Sinne vor allem geeignet f\u00fcr:<\/p>\n<ul>\n<li>sch\u00fctzt das Energiesystem des K\u00f6rpers vor den sch\u00e4dlichen Auswirkungen von elektromagnetischer Strahlung.<\/li>\n<li>hilft, das gesunde Biofeld wiederherzustellen.<\/li>\n<li>Korrigiert den funktionellen Zustand des Organismus, insbesondere die negativen energetischen Einfl\u00fcsse auf Blut, auf die roten Blutk\u00f6rperchen (&#8222;Geldrollenbildung&#8220;) und Gehirnzellen.<\/li>\n<li>wirkt den verschiedenen negativen Energie- und Informationseinfl\u00fcssen entgegen.<\/li>\n<li>harmonisiert allgemein.<\/li>\n<li>enth\u00e4lt zudem eine Reihe kosmo-energetischer Kan\u00e4le f\u00fcr die Erweiterung des Bewusstseins.<\/li>\n<\/ul>\n<p>Der Chip &#8222;Schutz am Telefon&#8220; enth\u00e4lt ausgew\u00e4hlte Informationen aus den blauen Platten Nr.1, Nr.2 und Nr.5 und der gr\u00fcnen Themenplatte &#8222;Wahrhaftige Liebe&#8220;.<\/p>\n<p><strong>Ma\u00dfe:<\/strong>\u00a0Durchmesser 28mm, Dicke 3mm (Achtung: 3mm Dicke passt nicht in die festen Handyh\u00fcllen)<\/p>\n<p><strong><em>Wichtiger Hinweis:<\/em><\/strong><\/p>\n<p><strong><em>Wir weisen ausdr\u00fccklich darauf hin, dass auch dieser Kolzov-Chip f\u00fcrs Telefon ein alternatives Energie- und Informationsprodukt ist und kein Heilmittel im Sinne der westlichen Schulmedizin. Vielmehr ist es ein rein energetisches Hilfsmittel zur ganzheitlichen Balancierung von energetischen Disharmonien und Blockaden. Informationen \u00fcber Qualit\u00e4t und Eigenschaften des Energieobjekts beziehen sich auf Aussagen des russischen Herstellers und alternativen Theorien zu Mensch und Umwelt, auf alternative Anschauungen und esoterische \u00dcberlieferungen oder Aussagen. Sie gelten nur im Sinne der esoterischen Lebensphilosophie und daran angelehnte Alternativheilkunde. Wirkungen im Sinne westlicher Wissenschaft oder Medizin werden hier nicht behauptet.<\/em><\/strong><\/p>","protected":false},"excerpt":{"rendered":"<p>Telefonschutz\u2018-Chip \u2013 ein kleiner Korrektor mit gro\u00dfem Potenzial<\/p>","protected":false},"featured_media":1717,"comment_status":"open","ping_status":"closed","template":"","meta":[],"product_brand":[],"product_cat":[36],"product_tag":[69],"class_list":{"0":"post-1716","1":"product","2":"type-product","3":"status-publish","4":"has-post-thumbnail","6":"product_cat-smartphone-chip","7":"product_tag-69","9":"first","10":"outofstock","11":"taxable","12":"shipping-taxable","13":"purchasable","14":"product-type-simple"},"_links":{"self":[{"href":"https:\/\/vigo-rio.com\/en\/wp-json\/wp\/v2\/product\/1716","targetHints":{"allow":["GET"]}}],"collection":[{"href":"https:\/\/vigo-rio.com\/en\/wp-json\/wp\/v2\/product"}],"about":[{"href":"https:\/\/vigo-rio.com\/en\/wp-json\/wp\/v2\/types\/product"}],"replies":[{"embeddable":true,"href":"https:\/\/vigo-rio.com\/en\/wp-json\/wp\/v2\/comments?post=1716"}],"wp:featuredmedia":[{"embeddable":true,"href":"https:\/\/vigo-rio.com\/en\/wp-json\/wp\/v2\/media\/1717"}],"wp:attachment":[{"href":"https:\/\/vigo-rio.com\/en\/wp-json\/wp\/v2\/media?parent=1716"}],"wp:term":[{"taxonomy":"product_brand","embeddable":true,"href":"https:\/\/vigo-rio.com\/en\/wp-json\/wp\/v2\/product_brand?post=1716"},{"taxonomy":"product_cat","embeddable":true,"href":"https:\/\/vigo-rio.com\/en\/wp-json\/wp\/v2\/product_cat?post=1716"},{"taxonomy":"product_tag","embeddable":true,"href":"https:\/\/vigo-rio.com\/en\/wp-json\/wp\/v2\/product_tag?post=1716"}],"curies":[{"name":"wp","href":"https:\/\/api.w.org\/{rel}","templated":true}]}}