{"id":1678,"date":"2026-01-15T07:20:41","date_gmt":"2026-01-15T07:20:41","guid":{"rendered":"https:\/\/vigo-rio.com\/?post_type=product&#038;p=1678"},"modified":"2026-03-25T16:57:00","modified_gmt":"2026-03-25T16:57:00","slug":"fc-cardio-wristband","status":"publish","type":"product","link":"https:\/\/vigo-rio.com\/en\/product\/fc-cardio-wristband\/","title":{"rendered":"FC Cardio Armband \/ Cardio Wristband"},"content":{"rendered":"<p><strong>Kolzov-Armband &#8222;CARDIO&#8220;\u00a0&#8211; (f\u00fcr Schutz und Regulation des Herz-Kreislauf-Systems)<\/strong><\/p>\n<p><em>Das Armband ist grau und hat eine variable Tragel\u00e4nge von 16,5cm-24,5cm.<br \/>\n<\/em><\/p>\n<p><em>Das Armband tr\u00e4gt innen die eingepr\u00e4gte russische Aufschrift: \u041a\u0410\u0420\u0414\u0418\u041e<\/em><\/p>\n<p>Das Herz ist das flei\u00dfigste Organ: Es pumpt bis zu 30 Liter Blut pro Minute. Nicht nur der Gesundheitszustand des gesamten Organismus, sondern auch die Dauer unseres Lebens h\u00e4ngt von der korrekten Funktion dieses kraftvollen Motors ab. Damit das Herz-Kreislauf-System einwandfrei und fehlerfrei funktioniert, braucht es t\u00e4gliche Unterst\u00fctzung. Dies ist der Zweck des Kolzov-Armbandes &#8222;Cardio&#8220;, das zur Harmonisierung des Herz-Kreislauf-Systems beitr\u00e4gt, bestehende Krankheiten sanft beseitigt, die Entstehung neuer Erkrankungen verhindert und die Jahre der aktiven Lebenserwartung verl\u00e4ngert.<\/p>\n<p>Auf dem Kolzov-Armband &#8222;Cardio&#8220; sind die Informationen der folgenden Kolzov-Platten gespeichert: Kolzov-Platte Nr.9, \u201eLanges Leben\u201c, \u201eWahrhaftige Liebe\u201c und ein ganz neues Thema: die Heilinformationen des Wassers der Heilst\u00e4tte Kaphovskiy Zori Rapa in der russischen Region Penza.<\/p>\n<p><em>Die Aussagen beziehen sich auf alternative Testmethoden wie Meridianenergie-Messungen der Organfunktionskreisl\u00e4ufe nach TCM, Kirlian-Fotografie (EPG\/GDV-Kamera), Oberon, Amsat o.\u00e4. durch den Hersteller &#8222;Planet der Regionen&#8220; und stellen keine medizinische oder auf den physischen K\u00f6rper und dessen Organe bezogenen Aussage im Sinne der westlichen Schulmedizin dar.<\/em><\/p>\n<p><strong>Das Armband ist in diesem Sinne vor allem geeignet f\u00fcr:<\/strong><\/p>\n<ul>\n<li>tr\u00e4gt energetisch zu Schutz und Gesunderhaltung des gesamten Herz-Kreislauf-Systems bei, beugt Erkrankungen des Herzens und der Blutgef\u00e4\u00dfen durch verschiedenste Ursachen vor,<\/li>\n<li>tr\u00e4gt zur Regulierung des Blutdrucks bei Bluthochdruck sowie bei eingeschr\u00e4nkter Nieren- und Nebennierenfunktion bei,<\/li>\n<li>hilft auf energetischem Wege, Kapillaren zu st\u00e4rken und wiederherzustellen,<\/li>\n<li>startet die Regeneration des Herzmuskels beim Infarkt und der Gef\u00e4\u00dfw\u00e4nde w\u00e4hrend des Gef\u00e4\u00dfbruchs,<\/li>\n<li>f\u00f6rdert eine schnelle Regeneration nach Schlaganfall und Infarkt,<\/li>\n<li>beugt energetisch der Arteriosklerose vor und tr\u00e4gt zur Reinigung des Gef\u00e4\u00dfsystems von arteriosklerotischen Plaques bei, wodurch das Risiko von Herzinfarkten und Schlaganf\u00e4llen verringert wird,<\/li>\n<li>startet Mechanismen zur Wiederherstellung der physiologischen Funktion des Nerven- und Hormonsystems,<\/li>\n<li>stimuliert die Arbeit von Gehirn, Magen-Darm-Trakt, Leber und Gallenblase,<\/li>\n<li>hilft bei der Normalisierung des Hirndrucks,<\/li>\n<li>tr\u00e4gt zur Schaffung und harmonischen Entwicklung der Beziehungen in der Partnerschaft bei,<\/li>\n<li>tr\u00e4gt zur Aufl\u00f6sung negativer Programme, die von den Eltern \u00fcbernommen wurden, bei,<\/li>\n<li>hilft bei der Harmonisierung der Beziehungen zwischen Eltern und Kindern,<\/li>\n<li>\u00f6ffnet f\u00fcr die Energien der Liebe, f\u00fchrt zum Verstehen und Erkennen von sich selbst als integraler Bestandteil des Universums,<\/li>\n<li>hat im Energetischen eine Anti-Aging-Wirkung und verl\u00e4ngert so die aktive Lebensphase.<\/li>\n<\/ul>\n<p>ZUR BEACHTUNG: Zur Aktivierung von Wasser legen Sie das Armband um eine Flasche oder ein Glas, die Aktivierungszeit sollte mindestens 2 Stunden betragen.<\/p>\n<p><em><u>Ergebnis im LIFE-TEST:<\/u>\u00a0Das Kolzov-Armband &#8222;Cardio&#8220; hat eine sehr hohe, neutrale Energie von 40 000 Bovis. Anders als erwartet wird hier nicht vor allem das Herz-Chakra aktiviert, woran man wieder sieht, dass die Energieh\u00f6he nicht gleichbedeutend mit der st\u00e4rksten energetischen Information ist. Herz- und Kronen-Chakra verdoppelt nur ihre Energie auf 14 000 Bovis. Stark aktiviert wird das Stirn-Chakra, welches auf 40 000 Bovis steigt, und das Blasen-\/Sexual-Chakra, das auf 35 000 Bovis steigt. Solarplexus-Chakra und Wurzel-Chakra steigen auf 28 000 Bovis und das Hals-Chakra auf 21 000 Bovis.<\/em><\/p>\n<p><strong><em>Wichtiger Hinweis:<br \/>\nWir weisen ausdr\u00fccklich darauf hin, dass die Kolzov-Platte (russische Bezeichnung: &#8222;Korrektoren des funktionalen Zustands&#8220;) ein alternatives Energie- und Informationsprodukt ist und kein Heilmittel im Sinne der westlichen Schulmedizin. Vielmehr ist es ein rein energetisches Hilfsmittel zur ganzheitlichen Balancierung von energetischen Disharmonien und Blockaden. Informationen \u00fcber Qualit\u00e4t und Eigenschaften des Energieobjekts beziehen sich auf Aussagen des russischen Herstellers und alternativen Theorien zu Mensch und Umwelt, auf alternative Anschauungen und esoterische \u00dcberlieferungen oder Aussagen. Sie gelten nur im Sinne der esoterischen Lebensphilosophie und daran angelehnte Alternativheilkunde. Wirkungen im Sinne westlicher Wissenschaft oder Medizin werden hier nicht behauptet.<\/em><\/strong><\/p>","protected":false},"excerpt":{"rendered":"<p>Kolzov-Armband &#8222;CARDIO&#8220;\u00a0&#8211; (f\u00fcr Schutz und Regulation des Herz-Kreislauf-Systems) Das Armband ist grau und hat eine variable Tragel\u00e4nge von 16,5cm-24,5cm. Das Armband tr\u00e4gt innen die eingepr\u00e4gte russische Aufschrift: \u041a\u0410\u0420\u0414\u0418\u041e Das Herz&#8230;<\/p>","protected":false},"featured_media":1800,"comment_status":"open","ping_status":"closed","template":"","meta":[],"product_brand":[],"product_cat":[35],"product_tag":[203],"class_list":{"0":"post-1678","1":"product","2":"type-product","3":"status-publish","4":"has-post-thumbnail","6":"product_cat-fc-bracelets","7":"product_tag-203","9":"first","10":"instock","11":"taxable","12":"shipping-taxable","13":"purchasable","14":"product-type-simple"},"_links":{"self":[{"href":"https:\/\/vigo-rio.com\/en\/wp-json\/wp\/v2\/product\/1678","targetHints":{"allow":["GET"]}}],"collection":[{"href":"https:\/\/vigo-rio.com\/en\/wp-json\/wp\/v2\/product"}],"about":[{"href":"https:\/\/vigo-rio.com\/en\/wp-json\/wp\/v2\/types\/product"}],"replies":[{"embeddable":true,"href":"https:\/\/vigo-rio.com\/en\/wp-json\/wp\/v2\/comments?post=1678"}],"wp:featuredmedia":[{"embeddable":true,"href":"https:\/\/vigo-rio.com\/en\/wp-json\/wp\/v2\/media\/1800"}],"wp:attachment":[{"href":"https:\/\/vigo-rio.com\/en\/wp-json\/wp\/v2\/media?parent=1678"}],"wp:term":[{"taxonomy":"product_brand","embeddable":true,"href":"https:\/\/vigo-rio.com\/en\/wp-json\/wp\/v2\/product_brand?post=1678"},{"taxonomy":"product_cat","embeddable":true,"href":"https:\/\/vigo-rio.com\/en\/wp-json\/wp\/v2\/product_cat?post=1678"},{"taxonomy":"product_tag","embeddable":true,"href":"https:\/\/vigo-rio.com\/en\/wp-json\/wp\/v2\/product_tag?post=1678"}],"curies":[{"name":"wp","href":"https:\/\/api.w.org\/{rel}","templated":true}]}}