{"id":1677,"date":"2026-01-15T07:20:18","date_gmt":"2026-01-15T07:20:18","guid":{"rendered":"https:\/\/vigo-rio.com\/?post_type=product&#038;p=1677"},"modified":"2026-04-14T08:56:03","modified_gmt":"2026-04-14T08:56:03","slug":"fc-bracelet-immune-shield","status":"publish","type":"product","link":"https:\/\/vigo-rio.com\/en\/product\/fc-bracelet-immune-shield\/","title":{"rendered":"FC Immunschild Armband \/ Bracelet Immune Shield"},"content":{"rendered":"<p><strong>Kolzov-Armband &#8222;IMMUNSCHILD&#8220;\u00a0&#8211; (f\u00fcr St\u00e4rkung der Abwehrkr\u00e4fte und Regeneration)<\/strong><\/p>\n<p><em>Das Armband hat die Farbe grau und hat eine variable Tragel\u00e4nge von 16,5cm-24,5cm. Das Armband tr\u00e4gt innen die eingepr\u00e4gte russische Aufschrift: \u0418\u041c\u041c\u0423\u041d\u041d\u042b\u0419 \u0429\u0418\u0422<\/em><\/p>\n<p>Das Kolzov-Armband &#8222;Immunschild&#8220; st\u00e4rkt den gesamten Organismus und tr\u00e4gt in jedem Alter zur Wiederherstellung und Erhaltung der Gesundheit bei. Es st\u00e4rkt das Immunsystem, aber tr\u00e4gt auch auf vielf\u00e4ltige Weise zur Regeneration und Gesunderhaltung etwa von Stoffwechsel und Ausscheidung bei.<br \/>\nAuf dem Kolzov-Armband &#8222;Immunschild&#8220; sind die Informationen der folgenden Kolzov-Platten gespeichert: Kolzov-Platte Nr.2, Olgir, Barbara-Quelle, Jiva.<\/p>\n<p><em>Die Aussagen beziehen sich auf alternative Testmethoden wie Meridianenergie-Messungen der Organfunktionskreisl\u00e4ufe nach TCM, Kirlian-Fotografie (EPG\/GDV-Kamera), Oberon, Amsat o.\u00e4. durch den Hersteller &#8222;Planet der Regionen&#8220; und stellen keine medizinische oder auf den physischen K\u00f6rper und dessen Organe bezogenen Aussage im Sinne der westlichen Schulmedizin dar.<\/em><\/p>\n<p><strong>Das Armband ist in diesem Sinne vor allem geeignet f\u00fcr:<\/strong><\/p>\n<ul>\n<li>st\u00e4rkt das Immunsystem und hilft den Abwehrkr\u00e4ften des K\u00f6rpers sich zu regenerieren und wieder eine normale gesunde Reaktion in allen Stadien der Immunreaktionen zu zeigen,<\/li>\n<li>unterst\u00fctzt die Behebung von entz\u00fcndlichen Prozessen in Organen und Geweben bei entz\u00fcndlichen, bakteriellen und viralen Erkrankungen,<\/li>\n<li>hilft der k\u00f6rpereigenen Abwehr negative Umwelteinfl\u00fcsse, die eine Degenerationen (Mutationen) gesunder Zellen und pathologische Ver\u00e4nderungen hervorrufen k\u00f6nnen, zu neutralisieren,<\/li>\n<li>unterst\u00fctzt die Vorbeugung und Korrektur des pathologisch unbegrenzten Wachstums von K\u00f6rperzellen (Mutationen, Krebs).<\/li>\n<li>tr\u00e4gt zur Normalisierung des Lymphflusses bei und verbessert so die N\u00e4hrstoffaufnahme der Zellen und die Ausscheidung von Stoffwechselr\u00fcckst\u00e4nde aus den Zellen<\/li>\n<li>hilft, \u00fcberschie\u00dfende Entz\u00fcndungsreaktionen am Entz\u00fcndungsherd zu vermeiden,<\/li>\n<li>f\u00f6rdert die Entgiftung des K\u00f6rpers durch Zerst\u00f6rung, Neutralisierung und Ausscheidung verschiedener toxischer Substanzen,<\/li>\n<li>f\u00f6rdert die Regeneration und Normalisierung aller Stoffwechselprozesse im K\u00f6rper,<\/li>\n<li>unterst\u00fctzt die Wiederherstellung der Durchblutung aller lebenswichtiger Systeme (Herz-Kreislaufsystem, Atemwege, Magen-Darm-Trakt, Harnwege, Fortpflanzungs- und endokrines System),<\/li>\n<li>f\u00f6rdert die Reinigung von Leber, Blut und Verdauungstrakt und regt den Organismus zu umfassender Regeneration an,<\/li>\n<li>beschleunigt Rehabilitationsprozesse und Dauer der Rehabilitation nach Krankheiten und Operationen,<\/li>\n<li>beseitigt energetische Ungleichgewichte, l\u00f6st Blockaden und St\u00f6rungen, die einen freien, nat\u00fcrlichen Energiefluss durch die Energiezentren verhindern und stellt das Biofeld wieder her,<\/li>\n<li>hebt die Stimmung, erh\u00f6ht die Ausdauer und verbessert die Anpassungsf\u00e4higkeit an die Auswirkungen nachteiliger Umweltfaktoren.<\/li>\n<\/ul>\n<p>ZUR BEACHTUNG: Zur Aktivierung von Wasser legen Sie das Armband um eine Flasche oder ein Glas, die Aktivierungszeit sollte mindestens 2 Stunden betragen.<\/p>\n<p><em><u>Ergebnis im LIFE-TEST:<\/u>\u00a0Das Kolzov-Armband &#8222;Immunschild&#8220; hat eine sehr hohe, neutrale Energie von 40 000 Bovis. Damit l\u00e4dt es gleich drei Chakras auf 40 000 Bovis auf, n\u00e4mlich Hals-Chakra, Solarplexus-Chakra und das Blasen-\/Sexual-Chakra und fast ebenso stark das Kronen-Chakra auf 35 000 Bovis. Die anderen drei Chakras werden von neutral auf rechtdrehend umgepolt, was sehr ungew\u00f6hnlich ist: das Herz-Chakra wird dabei auf 35 000 Bovis aktiviert, Stirn- und Wurzel-Chakra auf 21 000 Bovis.<\/em><\/p>\n<p><strong><em>Wichtiger Hinweis:<br \/>\nWir weisen ausdr\u00fccklich darauf hin, dass die Kolzov-Platte (russische Bezeichnung: &#8222;Korrektoren des funktionalen Zustands&#8220;) ein alternatives Energie- und Informationsprodukt ist und kein Heilmittel im Sinne der westlichen Schulmedizin. Vielmehr ist es ein rein energetisches Hilfsmittel zur ganzheitlichen Balancierung von energetischen Disharmonien und Blockaden. Informationen \u00fcber Qualit\u00e4t und Eigenschaften des Energieobjekts beziehen sich auf Aussagen des russischen Herstellers und alternativen Theorien zu Mensch und Umwelt, auf alternative Anschauungen und esoterische \u00dcberlieferungen oder Aussagen. Sie gelten nur im Sinne der esoterischen Lebensphilosophie und daran angelehnte Alternativheilkunde. Wirkungen im Sinne westlicher Wissenschaft oder Medizin werden hier nicht behauptet.<\/em><\/strong><\/p>","protected":false},"excerpt":{"rendered":"<p>Kolzov-Armband &#8222;IMMUNSCHILD&#8220;\u00a0&#8211; (f\u00fcr St\u00e4rkung der Abwehrkr\u00e4fte und Regeneration) Das Armband hat die Farbe grau und hat eine variable Tragel\u00e4nge von 16,5cm-24,5cm. Das Armband tr\u00e4gt innen die eingepr\u00e4gte russische Aufschrift: \u0418\u041c\u041c\u0423\u041d\u041d\u042b\u0419&#8230;<\/p>","protected":false},"featured_media":1800,"comment_status":"open","ping_status":"closed","template":"","meta":[],"product_brand":[],"product_cat":[35],"product_tag":[206],"class_list":{"0":"post-1677","1":"product","2":"type-product","3":"status-publish","4":"has-post-thumbnail","6":"product_cat-fc-bracelets","7":"product_tag-206","9":"first","10":"instock","11":"taxable","12":"shipping-taxable","13":"purchasable","14":"product-type-simple"},"_links":{"self":[{"href":"https:\/\/vigo-rio.com\/en\/wp-json\/wp\/v2\/product\/1677","targetHints":{"allow":["GET"]}}],"collection":[{"href":"https:\/\/vigo-rio.com\/en\/wp-json\/wp\/v2\/product"}],"about":[{"href":"https:\/\/vigo-rio.com\/en\/wp-json\/wp\/v2\/types\/product"}],"replies":[{"embeddable":true,"href":"https:\/\/vigo-rio.com\/en\/wp-json\/wp\/v2\/comments?post=1677"}],"wp:featuredmedia":[{"embeddable":true,"href":"https:\/\/vigo-rio.com\/en\/wp-json\/wp\/v2\/media\/1800"}],"wp:attachment":[{"href":"https:\/\/vigo-rio.com\/en\/wp-json\/wp\/v2\/media?parent=1677"}],"wp:term":[{"taxonomy":"product_brand","embeddable":true,"href":"https:\/\/vigo-rio.com\/en\/wp-json\/wp\/v2\/product_brand?post=1677"},{"taxonomy":"product_cat","embeddable":true,"href":"https:\/\/vigo-rio.com\/en\/wp-json\/wp\/v2\/product_cat?post=1677"},{"taxonomy":"product_tag","embeddable":true,"href":"https:\/\/vigo-rio.com\/en\/wp-json\/wp\/v2\/product_tag?post=1677"}],"curies":[{"name":"wp","href":"https:\/\/api.w.org\/{rel}","templated":true}]}}