{"id":1676,"date":"2026-01-15T07:19:49","date_gmt":"2026-01-15T07:19:49","guid":{"rendered":"https:\/\/vigo-rio.com\/?post_type=product&#038;p=1676"},"modified":"2026-03-25T17:13:08","modified_gmt":"2026-03-25T17:13:08","slug":"fc-bracelet-protector","status":"publish","type":"product","link":"https:\/\/vigo-rio.com\/en\/product\/fc-bracelet-protector\/","title":{"rendered":"FC Besch\u00fctzer Armband \/ Bracelet Protector"},"content":{"rendered":"<p><strong>Kolzov-Armband &#8222;BESCH\u00dcTZER&#8220;\u00a0&#8211; (f\u00fcr Schutz vor negativen Energien, f\u00fcr Heilung, Vitalit\u00e4t und hohe Lichtschwingung; auch &#8222;Gl\u00fccksbringer&#8220; genannt)<\/strong><\/p>\n<p><em>Das Armband hat eine variable Tragel\u00e4nge von 16,5cm-24,5cm.<\/em><\/p>\n<p><em>Das Armband tr\u00e4gt innen die eingepr\u00e4gte russische Aufschrift: \u041e\u0411\u0415\u0420\u0415\u0413<\/em><\/p>\n<p>Wer die einmalige Auflage des besonderen Armbandes AMULETT (mit Chips nach dem keltischen Baumhoroskop) verpasst hat, kann sich mit diesem Armband &#8222;tr\u00f6sten&#8220;: auch hier sind die Informationschips der Elite-Platten &#8222;Vitalit\u00e4t&#8220;, &#8222;Schatz Spaniens&#8220; und &#8222;Orlow W\u00e4lder&#8220; enthalten, aber statt zweier Chips mit den individuellen Baumenergien nach Baumhoroskop wie im Armband Amulett sind hier noch zwei Chips mit den Informationen verschiedener Quellen enthalten.<\/p>\n<p>Das Armband Besch\u00fctzer stabilisiert so K\u00f6rper und Energiesystem und dient der allgemeinen Heilung und Vitalit\u00e4t des Organismus. Es unterst\u00fctzt die Errichtung eines Schutzes vor Angriffen negativer Energien und f\u00f6rdert das Verbleiben in den Schwingungen des Lichts.<\/p>\n<p><em>Die Aussagen beziehen sich auf alternative Testmethoden wie Meridianenergie-Messungen der Organfunktionskreisl\u00e4ufe nach TCM, Kirlian-Fotografie (EPG\/GDV-Kamera), Oberon, Amsat o.\u00e4. durch den Hersteller &#8222;Planet der Regionen&#8220; und stellen keine medizinische oder auf den physischen K\u00f6rper und dessen Organe bezogenen Aussage im Sinne der westlichen Schulmedizin dar.<\/em><\/p>\n<p><strong>Das Armband ist in diesem Sinne vor allem geeignet f\u00fcr:<\/strong><\/p>\n<ul>\n<li>vermittelt frische Kr\u00e4fte und einen Energieschub, um den ungehinderten Energiefluss durch alle Organe und Organsysteme, Meridiane und Chakren zu unterst\u00fctzen,<\/li>\n<li>unterst\u00fctzt im Energetischen die k\u00f6rpereigenen Abwehrk\u00e4fte, um eine angemessene Immunreaktion aufzubauen und negative Auswirkungen verschiedener \u00e4u\u00dferer und innerer Einflussfaktoren zu verhindern.<\/li>\n<li>Das Armband tr\u00e4gt im Energetischen zur Vorbeugung von Krankheiten bei, f\u00f6rdert die Genesung und kann sehr gut als Teil einer ganzheitlichen Behandlung bei einer Vielzahl chronischer Erkrankungen und bei Rehabilitations- und Regenerationsprogrammen nach Verletzungen, Operationen und verschiedenen Krankheiten wie Entz\u00fcndungen, bakterielle und Virusinfektionen, darunter auch solcher Krankheiten, wie Lungenentz\u00fcndung, virusbedingte Atemwegserkrankungen, COVID-19 usw. eingesetzt werden.<\/li>\n<li>Das Armband wirkt au\u00dferdem enegetisch positiv auf die Regeneration des Gewebes und damit auf die Wundheilung und die \u00e4u\u00dferliche Verj\u00fcngung der Haut ein.<\/li>\n<li>Es tr\u00e4gt auch zum Aufbau eines Schutzes vor elektromagnetischer Strahlung bei, wie sie von den modernen Ger\u00e4ten abgestrahlt wird.<\/li>\n<li>Es f\u00f6rdert insgesamt die schnelle Regeneration des Biofeldes und hilft beim Aufbau eines Schutz vor Angriffen negativer Energien, Versuchen externer Manipulationen und Fremdsteuerung der energetischen Struktur der Pers\u00f6nlichkeit,<\/li>\n<li>stabilisiert das energetische &#8222;Milieu&#8220; und harmonisiert dessen feinstofflichen &#8222;Licht&#8220;-Schwingungen.<\/li>\n<li>tr\u00e4gt im Energetischen dazu bei, ein Gef\u00fchl von Geborgenheit, pers\u00f6nlicher Sicherheit, gesegnetem Frieden und innerer Harmonie zu erlangen und aufrecht zu erhalten.<\/li>\n<li>erleichtert die Arbeit mit Ahnenmustern, die Kl\u00e4rung karmischer Aufgaben und die Entwirrung von &#8222;Knoten&#8220; der Vergangenheit.<\/li>\n<\/ul>\n<p>Das Kolzov-Armband &#8222;Besch\u00fctzer&#8220; enth\u00e4lt acht Speicherchips mit vier verschiedenen Themen: je zwei Chips mit den Informationen der Elite-Platten &#8222;Vitalit\u00e4t&#8220;, &#8222;Schatz Spaniens&#8220; und &#8222;Orlow W\u00e4lder&#8220; und dazu zwei Informationsships mit den Energien und Informationen verschiedener besonderer Quellen und Gew\u00e4sser: des Wassers aus dem Oberlauf der Fl\u00fcsse Baschkaus und Katun im Altai, der Fl\u00fcsse und Quellen, die am Fu\u00dfe des Berges Belucha entspringen (Kukuja, Ursul, Koksa, Heilige Quelle) sowie der B\u00e4che in der Region um den Telezker See, der Perle des Altai (Atschilman, bewahrender Bach, Kulerge, blauer Bach). Diese beiden Chips sind vergleichbar dem fr\u00fcheren Anh\u00e4nger &#8222;Energien des Lebens&#8220;.<\/p>\n<p>ZUR BEACHTUNG: Zur Aktivierung von Wasser legen Sie das Armband um eine Flasche oder ein Glas, die Aktivierungszeit sollte mindestens 4,5 Stunden betragen.<\/p>\n<p><em><u>Ergebnis im LIFE-TEST:\u00a0<\/u>Das Armband &#8222;Besch\u00fctzer&#8220; hat ein neutrales Energiefeld mit mehr als 40 000 Bovis. Damit aktiviert es 3 Chakras auf \u00fcber 40 000 Bovis: Herz-, Blasen-\/Sexual- und Wurzel-Chakra. Das Stirn-Chakra und das Solarplexus-Chakra steigen auf 28 000 Bovis, das Hals-Chakra auf 21 000, das Kronen-Chakra auf 14 000 Bovis. Durch die Aufladung der Chakras w\u00e4chst der bioenergetische Reaktionsabstand von zirka 75 Zentimetern um den K\u00f6rper auf 1,20 Meter. Tr\u00e4gt man das Armband &#8222;Besch\u00fctzer&#8220; zusammen mit der Platte &#8222;Talisman&#8220; werden alle Chakras auf mehr als 40 000 Bovis aktiviert. Dadurch w\u00e4chst der bioenergetische Reaktionsabstand, also die Ausdehnung der Aura, von zirka 75 Zentimetern um den K\u00f6rper auf 2,10 Meter!<\/em><\/p>\n<p><strong><em>Wichtiger Hinweis:<br \/>\nWir weisen ausdr\u00fccklich darauf hin, dass die Kolzov-Platte (russische Bezeichnung: &#8222;Korrektoren des funktionalen Zustands&#8220;) ein alternatives Energie- und Informationsprodukt ist und kein Heilmittel im Sinne der westlichen Schulmedizin. Vielmehr ist es ein rein energetisches Hilfsmittel zur ganzheitlichen Balancierung von energetischen Disharmonien und Blockaden. Informationen \u00fcber Qualit\u00e4t und Eigenschaften des Energieobjekts beziehen sich auf Aussagen des russischen Herstellers und alternativen Theorien zu Mensch und Umwelt, auf alternative Anschauungen und esoterische \u00dcberlieferungen oder Aussagen. Sie gelten nur im Sinne der esoterischen Lebensphilosophie und daran angelehnte Alternativheilkunde. Wirkungen im Sinne westlicher Wissenschaft oder Medizin werden hier nicht behauptet.<\/em><\/strong><\/p>","protected":false},"excerpt":{"rendered":"<p>Kolzov-Armband &#8222;BESCH\u00dcTZER&#8220;\u00a0&#8211; (f\u00fcr Schutz vor negativen Energien, f\u00fcr Heilung, Vitalit\u00e4t und hohe Lichtschwingung; auch &#8222;Gl\u00fccksbringer&#8220; genannt) Das Armband hat eine variable Tragel\u00e4nge von 16,5cm-24,5cm. Das Armband tr\u00e4gt innen die eingepr\u00e4gte&#8230;<\/p>","protected":false},"featured_media":1800,"comment_status":"open","ping_status":"closed","template":"","meta":[],"product_brand":[],"product_cat":[35],"product_tag":[209],"class_list":{"0":"post-1676","1":"product","2":"type-product","3":"status-publish","4":"has-post-thumbnail","6":"product_cat-fc-bracelets","7":"product_tag-209","9":"first","10":"instock","11":"taxable","12":"shipping-taxable","13":"purchasable","14":"product-type-simple"},"_links":{"self":[{"href":"https:\/\/vigo-rio.com\/en\/wp-json\/wp\/v2\/product\/1676","targetHints":{"allow":["GET"]}}],"collection":[{"href":"https:\/\/vigo-rio.com\/en\/wp-json\/wp\/v2\/product"}],"about":[{"href":"https:\/\/vigo-rio.com\/en\/wp-json\/wp\/v2\/types\/product"}],"replies":[{"embeddable":true,"href":"https:\/\/vigo-rio.com\/en\/wp-json\/wp\/v2\/comments?post=1676"}],"wp:featuredmedia":[{"embeddable":true,"href":"https:\/\/vigo-rio.com\/en\/wp-json\/wp\/v2\/media\/1800"}],"wp:attachment":[{"href":"https:\/\/vigo-rio.com\/en\/wp-json\/wp\/v2\/media?parent=1676"}],"wp:term":[{"taxonomy":"product_brand","embeddable":true,"href":"https:\/\/vigo-rio.com\/en\/wp-json\/wp\/v2\/product_brand?post=1676"},{"taxonomy":"product_cat","embeddable":true,"href":"https:\/\/vigo-rio.com\/en\/wp-json\/wp\/v2\/product_cat?post=1676"},{"taxonomy":"product_tag","embeddable":true,"href":"https:\/\/vigo-rio.com\/en\/wp-json\/wp\/v2\/product_tag?post=1676"}],"curies":[{"name":"wp","href":"https:\/\/api.w.org\/{rel}","templated":true}]}}