{"id":1672,"date":"2026-01-15T07:18:25","date_gmt":"2026-01-15T07:18:25","guid":{"rendered":"https:\/\/vigo-rio.com\/?post_type=product&#038;p=1672"},"modified":"2026-01-25T15:07:41","modified_gmt":"2026-01-25T15:07:41","slug":"fc-bracelet-amulet","status":"publish","type":"product","link":"https:\/\/vigo-rio.com\/en\/product\/fc-bracelet-amulet\/","title":{"rendered":"FC Bracelet Amulet"},"content":{"rendered":"<div class=\"ec-page-title\">\n<h1 class=\"page-title__name ec-header-h1\">Armband AMULETT<\/h1>\n<\/div>\n<div class=\"ec-grid grid__wrap\">\n<div class=\"grid__description\">\n<div class=\"grid__description-inner\">\n<p><strong>Kolzov-Armband &#8222;AMULETT&#8220; nach dem keltischen Baumhoroskop<\/strong><\/p>\n<p>Zum Ausgleich disharmonischer Geburtsenergien und zur Stabilisierung \u201eangeborener\u201c Schw\u00e4chen:<\/p>\n<ul>\n<li>22 unterschiedliche B\u00e4ume stehen f\u00fcr die nat\u00fcrlichen Grundenergien im Jahreslauf der Sonne um die Erde.<\/li>\n<li>Je nach Geburtsdatum sind wir einer dieser Qualit\u00e4ten und damit einem der 22 Seelenb\u00e4ume zugeordnet.<\/li>\n<li>Die Energie und Information des eigenen Geburtsbaumes kann uns in unserem Leben st\u00e4rken und sch\u00fctzen, unsere Entwicklungspotentiale offenbaren und unsere Schw\u00e4chen mildern.<\/li>\n<\/ul>\n<\/div>\n<\/div>\n<\/div>","protected":false},"excerpt":{"rendered":"<p>Armband AMULETT Kolzov-Armband &#8222;AMULETT&#8220; nach dem keltischen Baumhoroskop Zum Ausgleich disharmonischer Geburtsenergien und zur Stabilisierung \u201eangeborener\u201c Schw\u00e4chen: 22 unterschiedliche B\u00e4ume stehen f\u00fcr die nat\u00fcrlichen Grundenergien im Jahreslauf der Sonne um&#8230;<\/p>","protected":false},"featured_media":1800,"comment_status":"open","ping_status":"closed","template":"","meta":[],"product_brand":[],"product_cat":[35],"product_tag":[],"class_list":{"0":"post-1672","1":"product","2":"type-product","3":"status-publish","4":"has-post-thumbnail","6":"product_cat-fc-bracelets","8":"first","9":"instock","10":"taxable","11":"shipping-taxable","12":"purchasable","13":"product-type-simple"},"_links":{"self":[{"href":"https:\/\/vigo-rio.com\/en\/wp-json\/wp\/v2\/product\/1672","targetHints":{"allow":["GET"]}}],"collection":[{"href":"https:\/\/vigo-rio.com\/en\/wp-json\/wp\/v2\/product"}],"about":[{"href":"https:\/\/vigo-rio.com\/en\/wp-json\/wp\/v2\/types\/product"}],"replies":[{"embeddable":true,"href":"https:\/\/vigo-rio.com\/en\/wp-json\/wp\/v2\/comments?post=1672"}],"wp:featuredmedia":[{"embeddable":true,"href":"https:\/\/vigo-rio.com\/en\/wp-json\/wp\/v2\/media\/1800"}],"wp:attachment":[{"href":"https:\/\/vigo-rio.com\/en\/wp-json\/wp\/v2\/media?parent=1672"}],"wp:term":[{"taxonomy":"product_brand","embeddable":true,"href":"https:\/\/vigo-rio.com\/en\/wp-json\/wp\/v2\/product_brand?post=1672"},{"taxonomy":"product_cat","embeddable":true,"href":"https:\/\/vigo-rio.com\/en\/wp-json\/wp\/v2\/product_cat?post=1672"},{"taxonomy":"product_tag","embeddable":true,"href":"https:\/\/vigo-rio.com\/en\/wp-json\/wp\/v2\/product_tag?post=1672"}],"curies":[{"name":"wp","href":"https:\/\/api.w.org\/{rel}","templated":true}]}}