{"id":1671,"date":"2026-01-15T07:18:05","date_gmt":"2026-01-15T07:18:05","guid":{"rendered":"https:\/\/vigo-rio.com\/?post_type=product&#038;p=1671"},"modified":"2026-02-15T18:39:05","modified_gmt":"2026-02-15T18:39:05","slug":"fc-bracelet-intelligence-activator","status":"publish","type":"product","link":"https:\/\/vigo-rio.com\/en\/product\/fc-bracelet-intelligence-activator\/","title":{"rendered":"FC Intelligenz Armband \/ Bracelet Intelligence Activator"},"content":{"rendered":"<p><strong>Kolzov-Armband \u201eINTELLIGENZ-AKTIVATOR\u201c\u00a0&#8211; (f\u00fcr geistige Vitalit\u00e4t und gesteigertes Denkverm\u00f6gen in jedem Alter)<\/strong><\/p>\n<p><em>Das Armband hat die Farbe grau und hat eine variable Tragel\u00e4nge von 16,5cm-24,5cm. Das Armband tr\u00e4gt innen die eingepr\u00e4gte russische Aufschrift: \u0410\u041a\u0422\u0418\u0412\u0410\u0422\u041e\u0420 \u0418\u041d\u0422\u0415\u041b\u041b\u0415\u041a\u0422\u0410<\/em><\/p>\n<p>Das Kolzov-Armband &#8222;Intelligenz-Aktivator&#8220; st\u00e4rkt Ged\u00e4chtnis, Intelligenz und Denkverm\u00f6gen und hilft, seine Ideen und Tr\u00e4ume umzusetzen. Es st\u00e4rkt die geistige Vitalit\u00e4t in jedem Alter und hilft sich st\u00e4ndig weiter zu entwickeln. Es hilft jungen Lernende in Schule, Ausbildung und Studium ebenso wie \u00e4lteren Menschen, die Neues f\u00fcr sich erschlie\u00dfen m\u00f6chten. Im Gesch\u00e4ftsleben hilft es, einen klaren Kopf zu bewahren, mit Inspiration kreative Ideen zu entwickeln und diese auch umsetzen zu k\u00f6nnen. Auf diese Weise tr\u00e4gt es zu hoher Leistungsf\u00e4higkeit, geistigem Reichtum, spirituellem Wachstum, materieller Sicherheit und seelischem Gleichgewicht bei.<br \/>\nDas Kolzov-Armband &#8220; &#8222;Intelligenz-Aktivator&#8220; enth\u00e4lt die Themen der Kolzov-Platten: aus der Serie &#8222;VIOLETT&#8220; die Platte Nr. 13 &#8222;Gesunder Intellekt&#8220;, aus der Serie &#8222;KOLLEKTION&#8220; die Platten &#8222;Indi&#8220; und &#8222;Neurovita&#8220; und aus der Serie &#8222;GR\u00dcN&#8220; die Platte &#8222;Wahrhaftige Liebe&#8220;.<\/p>\n<p><em>Die Aussagen beziehen sich auf alternative Testmethoden wie Meridianenergie-Messungen der Organfunktionskreisl\u00e4ufe nach TCM, Kirlian-Fotografie (EPG\/GDV-Kamera), Oberon, Amsat o.\u00e4. durch den Hersteller &#8222;Planet der Regionen&#8220; und stellen keine medizinische oder auf den physischen K\u00f6rper und dessen Organe bezogenen Aussage im Sinne der westlichen Schulmedizin dar.<\/em><\/p>\n<p><strong>Das Armband ist in diesem Sinne vor allem geeignet f\u00fcr:<\/strong><\/p>\n<ul>\n<li>harmonisiert die Funktion beider Gehirnh\u00e4lften (Hemisph\u00e4ren-Synchronisation),<\/li>\n<li>f\u00f6rdert Konzentrationsf\u00e4higkeit, Beharrlichkeit und Aufmerksamkeit im Lernprozess,<\/li>\n<li>steigert das Interesse am Lernen und hilft, gro\u00dfe Informationsmengen zu erfassen,<\/li>\n<li>hilft dabei, Kreativit\u00e4t zu entfalten und auszudr\u00fccken und seine Talente zu entwickeln,<\/li>\n<li>f\u00f6rdert die Entwicklung von Intuition und Spiritualit\u00e4t und einem erweiterten Bewusstsein mit mehr Liebe und Achtsamkeit,<\/li>\n<li>hilft, das innerste Wesen von Dingen, Ph\u00e4nomenen und der Gesetze des Lebens zu verstehen,<\/li>\n<li>hilft, die Beziehungen zwischen verschiedenen Generationen &#8211; Eltern und Kindern &#8211; zu harmonisieren und unterst\u00fctzt das Aufl\u00f6sen negativer Ahnenmuster,<\/li>\n<li>f\u00f6rdert die Harmonisierung und Aktivierung aller Chakras und Energiezentren,<\/li>\n<li>tr\u00e4gt zur Korrektur und Pr\u00e4vention neurologischer Erkrankungen unterschiedlicher Genesis bei, unterst\u00fctzt die Behebung von Neurosen, innerer Unruhe, Depressionen, Niedergeschlagenheit und anderen Auspr\u00e4gungen eines emotionalen Ungleichgewichts.<\/li>\n<\/ul>\n<p>ZUR BEACHTUNG: Zur Aktivierung von Wasser legen Sie das Armband um eine Flasche oder ein Glas, die Aktivierungszeit sollte mindestens 20 Minuten betragen.<\/p>\n<p><em><u>Ergebnis im LIFE-TEST:<\/u>\u00a0Das Armband &#8222;Intelligenz-Aktivator&#8220; hat ein neutrales Energiefeld mit mehr als 40 000 Bovis. Damit aktiviert es insbesondere das Kronen-Chakra, das Stirn-Chakra und das Herz-Chakra auf 40 000 Bovis. Das Solarplexus-Chakra steigt auf 28 000 Bovis. Das Hals-Chakra verdreifacht seine Energie auf 21 000 Bovis. Das Blasen-\/Sexual-Chakra steigt 14 000 Bovis und das Wurzel-Chakra auf den Normalwert von 7000 Bovis.<br \/>\nDie starke Aufladung der Kopf-Chakras bewirkt hier auch eine Ausdehnung des gesamten Energiefeldes: der bioenergetische Reaktionsabstand w\u00e4chst von 75 Zentimetern um den K\u00f6rper auf 2,25 Meter.<\/em><\/p>\n<p><strong><em>Wichtiger Hinweis:<br \/>\nWir weisen ausdr\u00fccklich darauf hin, dass die Kolzov-Platte (russische Bezeichnung: &#8222;Korrektoren des funktionalen Zustands&#8220;) ein alternatives Energie- und Informationsprodukt ist und kein Heilmittel im Sinne der westlichen Schulmedizin. Vielmehr ist es ein rein energetisches Hilfsmittel zur ganzheitlichen Balancierung von energetischen Disharmonien und Blockaden. Informationen \u00fcber Qualit\u00e4t und Eigenschaften des Energieobjekts beziehen sich auf Aussagen des russischen Herstellers und alternativen Theorien zu Mensch und Umwelt, auf alternative Anschauungen und esoterische \u00dcberlieferungen oder Aussagen. Sie gelten nur im Sinne der esoterischen Lebensphilosophie und daran angelehnte Alternativheilkunde. Wirkungen im Sinne westlicher Wissenschaft oder Medizin werden hier nicht behauptet.<\/em><\/strong><\/p>","protected":false},"excerpt":{"rendered":"<p>Kolzov-Armband \u201eINTELLIGENZ-AKTIVATOR\u201c\u00a0&#8211; (f\u00fcr geistige Vitalit\u00e4t und gesteigertes Denkverm\u00f6gen in jedem Alter) Das Armband hat die Farbe grau und hat eine variable Tragel\u00e4nge von 16,5cm-24,5cm. Das Armband tr\u00e4gt innen die eingepr\u00e4gte&#8230;<\/p>","protected":false},"featured_media":1800,"comment_status":"open","ping_status":"closed","template":"","meta":[],"product_brand":[],"product_cat":[35],"product_tag":[207],"class_list":{"0":"post-1671","1":"product","2":"type-product","3":"status-publish","4":"has-post-thumbnail","6":"product_cat-fc-bracelets","7":"product_tag-207","9":"first","10":"instock","11":"taxable","12":"shipping-taxable","13":"purchasable","14":"product-type-simple"},"_links":{"self":[{"href":"https:\/\/vigo-rio.com\/en\/wp-json\/wp\/v2\/product\/1671","targetHints":{"allow":["GET"]}}],"collection":[{"href":"https:\/\/vigo-rio.com\/en\/wp-json\/wp\/v2\/product"}],"about":[{"href":"https:\/\/vigo-rio.com\/en\/wp-json\/wp\/v2\/types\/product"}],"replies":[{"embeddable":true,"href":"https:\/\/vigo-rio.com\/en\/wp-json\/wp\/v2\/comments?post=1671"}],"wp:featuredmedia":[{"embeddable":true,"href":"https:\/\/vigo-rio.com\/en\/wp-json\/wp\/v2\/media\/1800"}],"wp:attachment":[{"href":"https:\/\/vigo-rio.com\/en\/wp-json\/wp\/v2\/media?parent=1671"}],"wp:term":[{"taxonomy":"product_brand","embeddable":true,"href":"https:\/\/vigo-rio.com\/en\/wp-json\/wp\/v2\/product_brand?post=1671"},{"taxonomy":"product_cat","embeddable":true,"href":"https:\/\/vigo-rio.com\/en\/wp-json\/wp\/v2\/product_cat?post=1671"},{"taxonomy":"product_tag","embeddable":true,"href":"https:\/\/vigo-rio.com\/en\/wp-json\/wp\/v2\/product_tag?post=1671"}],"curies":[{"name":"wp","href":"https:\/\/api.w.org\/{rel}","templated":true}]}}