{"id":1670,"date":"2026-01-15T07:17:39","date_gmt":"2026-01-15T07:17:39","guid":{"rendered":"https:\/\/vigo-rio.com\/?post_type=product&#038;p=1670"},"modified":"2026-02-02T13:57:38","modified_gmt":"2026-02-02T13:57:38","slug":"fc-stork-bracelet","status":"publish","type":"product","link":"https:\/\/vigo-rio.com\/en\/product\/fc-stork-bracelet\/","title":{"rendered":"FC Storch Armband \/ Stork Bracelet"},"content":{"rendered":"<p><strong>Kolzov-Armband \u201eSTORCH&#8220; (Kinderwunsch)<\/strong><\/p>\n<p><em>Das Armband ist in grau und lila erh\u00e4ltlich\u00a0und hat eine variable Tragel\u00e4nge von 16,5cm-24,5cm. Das Armbandtr\u00e4gt innen die eingepr\u00e4gte russische Aufschrift: \u0410\u0418\u0421\u0422<\/em><\/p>\n<p>Das Armband &#8222;Storch&#8220; f\u00f6rdert die Aufrechterhaltung des hormonellen Gleichgewichts und der physiologischen Funktion des weiblichen und m\u00e4nnlichen Fortpflanzungssystems und ein harmonisches Familienleben. Das Kolzov-Armband &#8222;STORCH&#8220; ist eine wertvolle Hilfe auf dem Weg zur Erlangung von Gl\u00fcck und Freude und der Erf\u00fcllung seiner Tr\u00e4ume!<\/p>\n<p>Der Storch wird in verschiedenen mythologischen, religi\u00f6sen und weltlichen Traditionen als heiliger Vogel angesehen. Es symbolisiert neues Leben, die Ankunft des Fr\u00fchlings, Gl\u00fcck, Harmonie, F\u00fclle, Fruchtbarkeit, Langlebigkeit.<br \/>\nDas Kolzov-Armband &#8222;STORCH&#8220; hilft jedem Tr\u00e4ger dabei, seine W\u00fcnsche zu erf\u00fcllen: Eltern ihren Traum zu erf\u00fcllen, liebevolle Eltern ihrer geliebten Kinder zu werden, und hilft allen Anwendern dabei, eine harmonische Beziehungen innerhalb der Familie und unter den verschiedenen Generationen zu schaffen und zu erhalten, Ganzheitlichkeit und Beziehungen mit den Ahnen zu erreichen und st\u00e4rkt die zwischenmenschliche Kommunikation und Intuition. Das Kolzov-Armband &#8222;STORCH&#8220; hilft, in jedem Augenblick des Lebens gl\u00fccklich zu sein.<\/p>\n<p>Auf dem Kolzov-Armband &#8222;STORCH&#8220; sind die Informationen der Quelle des heiligen Sergius von Radonesh gespeichert, die im kleinen \u00d6rtchen Radonesh im Kreis Sergijew Posad im Moskauer Umland entspringt, die Informationen der Frauenquelle in der Mongolei, der Kraftorte Ulug-Hurtujah-Tas (auch Mutter aller M\u00fctter genannt) in der Republik Chakassien und des alten Heiligtums im Weiler Bogurajew im Kreis Belaja Kalitwa im Gebiet Rostow.<\/p>\n<p><em>Die Aussagen beziehen sich auf alternative Testmethoden wie Meridianenergie-Messungen der Organfunktionskreisl\u00e4ufe nach TCM, Kirlian-Fotografie (EPG\/GDV-Kamera), Oberon, Amsat o.\u00e4. durch den Hersteller &#8222;Planet der Regionen&#8220; und stellen keine medizinische oder auf den physischen K\u00f6rper und dessen Organe bezogenen Aussage im Sinne der westlichen Schulmedizin dar.<\/em><\/p>\n<p><strong>Das Armband ist in diesem Sinne vor allem geeignet f\u00fcr:<\/strong><\/p>\n<ul>\n<li>F\u00f6rdert die Regeneration und Aufrechterhaltung des hormonellen Gleichgewichts und der physiologischen Funktion des weiblichen und m\u00e4nnlichen Fortpflanzungssystems und die Verl\u00e4ngerung der fruchtbaren (geb\u00e4rf\u00e4higen) Phase.<\/li>\n<li>Normalisiert den Zustand der Darmflora, kr\u00e4ftigt das Immunsystem.<\/li>\n<li>Hilft jedem Tr\u00e4ger, seine innere Kraft und die Verbundenheit mit den Ahnen zu sp\u00fcren und deren Unterst\u00fctzung und Schutz zu gewinnen.<\/li>\n<li>Hilft, emotionale Schmerz zu lindern und Blockaden, Verbote und Versprechungen zu l\u00f6sen, die dem Kinderwunsch entgegenstehen &#8211; entweder des eigenen, leiblichen Kindes oder eines Adoptivkindes, wenn medizinische Gr\u00fcnde dem Kinderwunsch entgegenstehen.<\/li>\n<li>Hilft dabei, die Energiespeicher zu f\u00fcllen und st\u00e4rkt die Lebenskraft.<\/li>\n<li>Unterst\u00fctzt die Entwicklung und St\u00e4rkung der emotionalem Bindung zwischen Eltern und Kind, und verbessert und harmonisiert die Beziehungen mit den Kindern in verschiedenen Perioden ihrer Erwachsenenwerdung.<\/li>\n<li>Hilft beim Aufbau einer Balance zwischen m\u00fctterlichen\/v\u00e4terlichen W\u00fcnschen, dem Nutzen f\u00fcr das Kind, pers\u00f6nlichen Interessen und dem Leben der gesamten Familie.<\/li>\n<li>Hilft allen Anwendern dabei, ihre Ziele in verschiedenen Lebensbereichen, wie Beruf, Familie, Kreativit\u00e4t zu erreichen.<\/li>\n<li>Hat eine vorbeugende und korrektive Wirkung bei einer Vielzahl von gyn\u00e4kologischen und urologischen Erkrankungen unterschiedlicher Art (entz\u00fcndliche, infekti\u00f6se, bakterielle).<\/li>\n<li>Tr\u00e4gt zum harmonischen Verlauf der Schwangerschaft und der Geburt eines gesunden Kindes durch eine physiologisch normale Geburt bei.<\/li>\n<li>Tr\u00e4gt zur schnelleren Wiederherstellung des psycho-emotionalen Gleichgewichts in Stresssituationen bei, und hilft Frauen, eventuelle pr\u00e4- und postnatale Depressionen zu \u00fcberwinden.<\/li>\n<\/ul>\n<p>ZUR BEACHTUNG: Zur Aktivierung von Wasser legen Sie das Armband um eine Flasche oder ein Glas, die Aktivierungszeit sollte mindestens 3 Stunden betragen.<\/p>\n<p><em><u>Ergebnis im LIFE-TEST:<\/u>\u00a0Das Armband &#8222;Storch&#8220; hat ein neutrales Energiefeld mit mehr als 40 000 Bovis. Damit aktiviert es das Kronen-, Hals- und Solarplexus- und das Blasen-\/Sexual-Chakra auf 35 000 Bovis. Das Stirn-Chakra steigt auf 28 000, Herz- und Wurzel-Chakra verdreifachen noch ihre Energie auf 21 000 Bovis.<\/em><\/p>\n<p><em><strong>Wichtiger Hinweis:<br \/>\nWir weisen ausdr\u00fccklich darauf hin, dass die Kolzov-Platte (russische Bezeichnung: &#8222;Korrektoren des funktionalen Zustands&#8220;) ein alternatives Energie- und Informationsprodukt ist und kein Heilmittel im Sinne der westlichen Schulmedizin. Vielmehr ist es ein rein energetisches Hilfsmittel zur ganzheitlichen Balancierung von energetischen Disharmonien und Blockaden. Informationen \u00fcber Qualit\u00e4t und Eigenschaften des Energieobjekts beziehen sich auf Aussagen des russischen Herstellers und alternativen Theorien zu Mensch und Umwelt, auf alternative Anschauungen und esoterische \u00dcberlieferungen oder Aussagen. Sie gelten nur im Sinne der esoterischen Lebensphilosophie und daran angelehnte Alternativheilkunde. Wirkungen im Sinne westlicher Wissenschaft oder Medizin werden hier nicht behauptet.<\/strong><\/em><\/p>","protected":false},"excerpt":{"rendered":"<p>Kolzov-Armband \u201eSTORCH&#8220; (Kinderwunsch) Das Armband ist in grau und lila erh\u00e4ltlich\u00a0und hat eine variable Tragel\u00e4nge von 16,5cm-24,5cm. Das Armbandtr\u00e4gt innen die eingepr\u00e4gte russische Aufschrift: \u0410\u0418\u0421\u0422 Das Armband &#8222;Storch&#8220; f\u00f6rdert die&#8230;<\/p>","protected":false},"featured_media":1800,"comment_status":"open","ping_status":"closed","template":"","meta":[],"product_brand":[],"product_cat":[35],"product_tag":[208],"class_list":{"0":"post-1670","1":"product","2":"type-product","3":"status-publish","4":"has-post-thumbnail","6":"product_cat-fc-bracelets","7":"product_tag-208","9":"first","10":"instock","11":"taxable","12":"shipping-taxable","13":"purchasable","14":"product-type-simple"},"_links":{"self":[{"href":"https:\/\/vigo-rio.com\/en\/wp-json\/wp\/v2\/product\/1670","targetHints":{"allow":["GET"]}}],"collection":[{"href":"https:\/\/vigo-rio.com\/en\/wp-json\/wp\/v2\/product"}],"about":[{"href":"https:\/\/vigo-rio.com\/en\/wp-json\/wp\/v2\/types\/product"}],"replies":[{"embeddable":true,"href":"https:\/\/vigo-rio.com\/en\/wp-json\/wp\/v2\/comments?post=1670"}],"wp:featuredmedia":[{"embeddable":true,"href":"https:\/\/vigo-rio.com\/en\/wp-json\/wp\/v2\/media\/1800"}],"wp:attachment":[{"href":"https:\/\/vigo-rio.com\/en\/wp-json\/wp\/v2\/media?parent=1670"}],"wp:term":[{"taxonomy":"product_brand","embeddable":true,"href":"https:\/\/vigo-rio.com\/en\/wp-json\/wp\/v2\/product_brand?post=1670"},{"taxonomy":"product_cat","embeddable":true,"href":"https:\/\/vigo-rio.com\/en\/wp-json\/wp\/v2\/product_cat?post=1670"},{"taxonomy":"product_tag","embeddable":true,"href":"https:\/\/vigo-rio.com\/en\/wp-json\/wp\/v2\/product_tag?post=1670"}],"curies":[{"name":"wp","href":"https:\/\/api.w.org\/{rel}","templated":true}]}}