{"id":1667,"date":"2026-01-15T07:12:31","date_gmt":"2026-01-15T07:12:31","guid":{"rendered":"https:\/\/vigo-rio.com\/?post_type=product&#038;p=1667"},"modified":"2026-02-04T20:13:11","modified_gmt":"2026-02-04T20:13:11","slug":"fc-maximus","status":"publish","type":"product","link":"https:\/\/vigo-rio.com\/en\/product\/fc-maximus\/","title":{"rendered":"FC Maximus"},"content":{"rendered":"<p><strong>Kolzov-Platte: &#8222;Maximus&#8220;\u00a0&#8211; (f\u00fcr m\u00e4nnliche Potenz, Durchblutung der Beckenorgane bei sitzender T\u00e4tigkeit, bei Prostatitis)<br \/>\n&#8211; neueste Version mit 8-Elementen (8 enthaltenen Energiespeicher-Chips)<\/strong><\/p>\n<p>F\u00f6rdert Genesung- und Verj\u00fcngungsprozesse des m\u00e4nnlichen K\u00f6rpers und potenzieren die sexuelle Funktion des Mannes. Die Platte ist dabei sicher in der Anwendung f\u00fcr das Herz-Kreislauf-System, weil sie keine Erh\u00f6hung des Blutdrucks oder des Pulses bewirkt und kann daher in jedem Alter ohne obere Altersgrenze angewendet werden.<\/p>\n<p><em>Die Aussagen beziehen sich auf alternative Testmethoden wie Meridianenergie-Messungen der Organfunktionskreisl\u00e4ufe nach TCM, Kirlian-Fotografie (EPG\/GDV-Kamera), Oberon, Amsat o.\u00e4. durch den Hersteller &#8222;Planet der Regionen&#8220; und stellen keine medizinische oder auf den physischen K\u00f6rper und dessen Organe bezogenen Aussage im Sinne der westlichen Schulmedizin dar.<br \/>\n<\/em><\/p>\n<p><strong>Die Platte ist in diesem Sinne vor allem geeignet f\u00fcr:<\/strong><\/p>\n<ul>\n<li>startet Genesungs- und Verj\u00fcngungsprozesse des m\u00e4nnlichen K\u00f6rpers, normalisiert die Funktionen des m\u00e4nnlichen Urogenitalsystems und verbessert allgemein die Gesundheit der m\u00e4nnlichen Sexualfunktion,<\/li>\n<li>verbessert und normalisiert die Blutversorgung der Beckenorgane (sehr wichtig bei sitzender T\u00e4tigkeit), beseitigt Blockaden und st\u00e4rkt allgemein die Potenz,<\/li>\n<li>stimuliert und normalisiert im Energetischen die Produktion aller notwendigen Hormone durch den K\u00f6rper, inklusive Testosteron,<\/li>\n<li>unterst\u00fctzt im Energetischen das Entstehen einer nat\u00fcrlichen Erregung und Erektion, verl\u00e4ngert den Geschlechtsverkehr, indem es fr\u00fchzeitige Schw\u00e4che und Ersch\u00f6pfung verhindert und steigert das Empfindungsverm\u00f6gen w\u00e4hrend des gesamten Geschlechtsakts,<\/li>\n<li>hilft auch generell bei chronischer M\u00fcdigkeit und Stress, erh\u00f6ht die Ausdauer besonders bei hormonellen St\u00f6rungen,<\/li>\n<li>zielt auf energetischem Wege darauf ab, die Quantit\u00e4t, Qualit\u00e4t und Beweglichkeit der Spermien zu erh\u00f6hen,<\/li>\n<li>f\u00f6rdert im Energetischen entz\u00fcndungshemmende und antibakterielle Wirkungen bei Erkrankungen der Beckenorgane (akute und chronische Prostatitis, eine Vielzahl von Erkrankungen des Urogenitalsystems usw.) und kann daher sowohl zur Vorbeugung als auch zur Korrektur von Beschwerden eingesetzt werden, inkl. in Kombination mit medikament\u00f6ser Therapie,<\/li>\n<li>hilft dem Mann dabei, den Glauben an sich selbst und an seine m\u00e4nnlichen St\u00e4rken wiederherzustellen, wirkt unterst\u00fctzend nach Misserfolgen und psychisch traumatischen Situationen in der Vergangenheit.<\/li>\n<\/ul>\n<p>Auf der Kolzov-Platte &#8222;Maximus&#8220; sind die Informationen von 4 ausgew\u00e4hlten medizinischen Rezepturen, ayurvedischen Heilkr\u00e4uter-Mineral-Komplexen, Potenzmittel nat\u00fcrlichen Ursprungs sowie Heilpflanzen und Nahrungserg\u00e4nzungen unter anderem: Cucumarin, Kr\u00e4utern (Ginseng, Safran, Fadogia &#8222;Fadogia agrestis&#8220;, Muskat, Nelke, Pfeffer, Leptadena (Chyawanprash, &#8222;Leptademia reticularis&#8220;), Euricoma &#8222;Eurycoma longifolia&#8220;, Zaunr\u00fcbe (Bryonia &#8222;Bryonieae&#8220;), Rotwurzel (Altai-B\u00e4renwurzel, Kopekenwurzel), Extrakte aus Meerestieren (Seegurke, Hai) und andere, die Aminos\u00e4uren L-Argini, Glycin.<\/p>\n<p>TIPP 1: Bei sitzender T\u00e4tigkeit und wenn sei abends viel sitzen: Legen Sie die Platte auf die Sitzfl\u00e4che und sitzen Sie mehrmals t\u00e4glich mindestens 20 Minuten lang darauf. Trinken Sie zudem viel damit strukturiertes Wasser.<\/p>\n<p>TIPP 2: Bei Vorliegen von Krankheiten und Problemen legen Sie die Platte &#8222;Maximus&#8220; zus\u00e4tzlich 2-3mal t\u00e4glich auch auf das zweite Chakra (sowohl auf den Unterbauch als auch auf den unteren R\u00fccken) auf (oder mit Trageg\u00fcrtel auf der Position fixieren).<\/p>\n<p>TIPP 3: Bei Wachstum des Bindegewebes der Prostata (Adenom) sollte die Anwendung noch mit anderen Platten unterst\u00fctzt werden wie &#8222;Olgir&#8220; (Serie Kollektion), &#8222;Nr.15&#8220; und &#8222;Nr.16&#8220; (Serie Violett), &#8222;Orlow W\u00e4lder&#8220;, &#8222;Geschenk des Himmels&#8220; (Serie Elite), &#8222;Nephrit&#8220; (Serie Kollektion), &#8222;Danilovo See&#8220; (Serie Effizient).<br \/>\nBei psychischen Traumata, Blockaden und Problemen rund um das Thema Sex und Verletzungen der m\u00e4nnlichen Sexualfunktion sollten entsprechend andere Platten als Unterst\u00fctzung gew\u00e4hlt werden wie z.B: &#8222;Kuza-H\u00f6hle.Sansibar&#8220; und Kuumbi-H\u00f6hle.Sansibar&#8220;, &#8222;Tapirh\u00f6hle.Cenoten Yucatans&#8220;, &#8222;Heiliger See&#8220; (Serie Elite) &#8222;Ordnungsplatte Mann&#8220; (Serie Gr\u00fcn&#8220;, &#8222;Lhasa&#8220; (Serie Effizient&#8220;), &#8222;Gl\u00fcckseligkeit&#8220;, &#8222;Sdrawa&#8220; (Serie Kollektion).<\/p>\n<p>TIPP 3: Arbeiten Sie daran, schlechte Gewohnheiten wie Rauchen, Alkohol usw. aufzugeben, um die potenzsteigernden energetischen Wirkungen nicht wieder zu schm\u00e4lern.<\/p>\n<p>TIPP 4: Sie k\u00f6nnen die intime Sph\u00e4re Ihres Lebens mit Aromatherapie unterst\u00fctzen, hilfreich k\u00f6nnen \u00e4therische \u00d6le von Kalmus, Basilikum, Lorbeer, Nelke, Jasmin, Ylang-Ylang, Ingwer, Zeder, Zypresse, Zimt, Muskatnuss, Neroli, Rose, Rosmarin, Sandelholz, Pinie, Thymian, Schwarzer Pfeffer, Eukalyptus sein. Strukturieren Sie die \u00d6le vor dem Verdunsten vorher auf der Platte &#8222;Maximus&#8220;.<\/p>\n<p>ZUR BEACHTUNG: Bei dieser Platte sollte das Wasser zum Energetisieren mindestens 20 Minuten lang darauf gestellt werden.<\/p>\n<p><em><u>Ergebnis im LIFE-TEST:\u00a0<\/u>Die Kolzov-Platte &#8222;Maximus&#8220; hat ein neutrales Energiefeld mit mehr als 40 000 Bovis. Damit aktiviert sie die Chakras in zwei zeitlichen Stufen: Im ersten Wirkimpuls werden die oberen drei Chakras auf 40 000 Bovis aktiviert: Kronen-, Stirn- und Hals-Chakra steigen auf diesen hohen Wert. Nach unten absteigend werden die n\u00e4chsten drei Chakras auf 28 000 Bovis aktiviert: Herz-, Solarplexus- und das Blase-\/Sexual-Chakra. Das unterste Chakra, das Wurzel-Chakra steigt in seiner Energie auf 21 000 Bovis. Wir haben also eine ungew\u00f6hnlich regelm\u00e4\u00dfige Energieverteilung von oben nach unten. In dieser ersten Phase arbeitet sich die Regulation durch das System und je nach individueller Konstellation kann schon am n\u00e4chsten Tag die Energieverteilung sich enorm weiter erh\u00f6ht haben: Dann sind alle (!) Charkas auf 40 000 Bovis gestiegen, das Blase-\/Sexual-Chakra sogar noch deutlich dar\u00fcber (40 000 ist die sichere Messgrenzen in dieser Test-Methode).<br \/>\nDurch die Aufladung der Chakras w\u00e4chst der bioenergetische Reaktionsabstand von zirka 75 Zentimetern um den K\u00f6rper auf enorme 2,40 Meter.<\/em><\/p>\n<p>&nbsp;<\/p>\n<p><strong><em>Wichtiger Hinweis:<br \/>\nWir weisen ausdr\u00fccklich darauf hin, dass die Kolzov-Platte (russische Bezeichnung: &#8222;Korrektoren des funktionalen Zustands&#8220;) ein alternatives Energie- und Informationsprodukt ist und kein Heilmittel im Sinne der westlichen Schulmedizin. Vielmehr ist es ein rein energetisches Hilfsmittel zur ganzheitlichen Balancierung von energetischen Disharmonien und Blockaden. Informationen \u00fcber Qualit\u00e4t und Eigenschaften des Energieobjekts beziehen sich auf Aussagen des russischen Herstellers und alternativen Theorien zu Mensch und Umwelt, auf alternative Anschauungen und esoterische \u00dcberlieferungen oder Aussagen. Sie gelten nur im Sinne der esoterischen Lebensphilosophie und daran angelehnte Alternativheilkunde. Wirkungen im Sinne westlicher Wissenschaft oder Medizin werden hier nicht behauptet.<\/em><\/strong><\/p>","protected":false},"excerpt":{"rendered":"<p>Dieser FC steigert die Sexualit\u00e4t und Ausdauer des Mannes und stellt seine Gesundheit wieder her.<\/p>","protected":false},"featured_media":1714,"comment_status":"open","ping_status":"closed","template":"","meta":[],"product_brand":[],"product_cat":[34],"product_tag":[73],"class_list":{"0":"post-1667","1":"product","2":"type-product","3":"status-publish","4":"has-post-thumbnail","6":"product_cat-arcanum-serie","7":"product_tag-73","9":"first","10":"instock","11":"taxable","12":"shipping-taxable","13":"purchasable","14":"product-type-simple"},"_links":{"self":[{"href":"https:\/\/vigo-rio.com\/en\/wp-json\/wp\/v2\/product\/1667","targetHints":{"allow":["GET"]}}],"collection":[{"href":"https:\/\/vigo-rio.com\/en\/wp-json\/wp\/v2\/product"}],"about":[{"href":"https:\/\/vigo-rio.com\/en\/wp-json\/wp\/v2\/types\/product"}],"replies":[{"embeddable":true,"href":"https:\/\/vigo-rio.com\/en\/wp-json\/wp\/v2\/comments?post=1667"}],"wp:featuredmedia":[{"embeddable":true,"href":"https:\/\/vigo-rio.com\/en\/wp-json\/wp\/v2\/media\/1714"}],"wp:attachment":[{"href":"https:\/\/vigo-rio.com\/en\/wp-json\/wp\/v2\/media?parent=1667"}],"wp:term":[{"taxonomy":"product_brand","embeddable":true,"href":"https:\/\/vigo-rio.com\/en\/wp-json\/wp\/v2\/product_brand?post=1667"},{"taxonomy":"product_cat","embeddable":true,"href":"https:\/\/vigo-rio.com\/en\/wp-json\/wp\/v2\/product_cat?post=1667"},{"taxonomy":"product_tag","embeddable":true,"href":"https:\/\/vigo-rio.com\/en\/wp-json\/wp\/v2\/product_tag?post=1667"}],"curies":[{"name":"wp","href":"https:\/\/api.w.org\/{rel}","templated":true}]}}