{"id":1666,"date":"2026-01-15T07:12:18","date_gmt":"2026-01-15T07:12:18","guid":{"rendered":"https:\/\/vigo-rio.com\/?post_type=product&#038;p=1666"},"modified":"2026-03-22T20:38:38","modified_gmt":"2026-03-22T20:38:38","slug":"fc-immunium","status":"publish","type":"product","link":"https:\/\/vigo-rio.com\/en\/product\/fc-immunium\/","title":{"rendered":"FC Immunium"},"content":{"rendered":"<p><strong>Kolzov-Platte: &#8222;Immunum&#8220;\u00a0&#8211; (f\u00fcr ein starkes Immunsystem, antiviral, antibakteriell, fungizid, entz\u00fcndungshemmend)<br \/>\n&#8211; neueste Version mit 8-Elementen (8 enthaltenen Energiespeicher-Chips)<\/strong><\/p>\n<p>Die Platte &#8222;Immunum&#8220; aktiviert und optimiert alle funktionellen Abl\u00e4ufe der k\u00f6rpereigenen Immunabwehr (unspezifische und spezifische Immunit\u00e4t), erh\u00f6ht die Anpassungsf\u00e4higkeit des K\u00f6rpers, was f\u00fcr die Vorbeugung bei saisonalen und neu auftretenden Krankheiten wichtig ist.<br \/>\nAnders als die Einnahme von immunst\u00e4rkenden Medikamenten hat das Trinken des mit der Platte informierten Wassers keine negativen Auswirkungen auf den K\u00f6rper, es kommt nicht zu einer \u00fcberm\u00e4\u00dfigen Immunreaktion und es besteht nicht Gefahr einer \u00dcberdosierung. Zudem hat das strukturierte, informierte Wasser ein hohes Ma\u00df an Bioverf\u00fcgbarkeit.<\/p>\n<p><em>Die Aussagen beziehen sich auf alternative Testmethoden wie Meridianenergie-Messungen der Organfunktionskreisl\u00e4ufe nach TCM, Kirlian-Fotografie (EPG\/GDV-Kamera), Oberon, Amsat o.\u00e4. durch den Hersteller &#8222;Planet der Regionen&#8220; und stellen keine medizinische oder auf den physischen K\u00f6rper und dessen Organe bezogenen Aussage im Sinne der westlichen Schulmedizin dar.<br \/>\n<\/em><\/p>\n<p><strong>Die Platte ist in diesem Sinne vor allem geeignet f\u00fcr:<\/strong><\/p>\n<ul>\n<li>unterst\u00fctzt die Bildung von Zellen, die eine Schutzreaktion des K\u00f6rpers ausf\u00fchren und Immunit\u00e4t schaffen,<\/li>\n<li>hilft dem K\u00f6rper, eine Vielzahl von Krankheitserregern zu erkennen und sie von seinem eigenen gesunden Gewebe zu unterscheiden &#8211; hilft auch dabei, mit verschiedenen Allergenen fertig zu werden und ein immunologisches Ged\u00e4chtnis aufzubauen, was zu einer verbesserten Immunantwort auf alle Krankheitserreger f\u00fchrt,<\/li>\n<li>hilft beim Aufbau einer Infektionsresistenz, aktiviert die unspezifischen Faktoren der Immunabwehr und die Bildung einer angemessenen Immunantwort, reguliert eine gest\u00f6rte Interaktion zwischen immunkompetenten Zellen, beschleunigt die Genesung und verringert das Risiko von Komplikationen nach Erkrankungen,<\/li>\n<li>f\u00f6rdert antivirale, antibakterielle und fungizide Wirkungen auf verschiedene Organsysteme und ist daher als allgemeines Tonikum w\u00e4hrend und nach Infektions-, Pilz- oder Viruserkrankungen und zu deren Vorbeugung sehr hilfreich,<\/li>\n<li>entfaltet eine entz\u00fcndungshemmende und eine milde fiebersenkende Wirkung, die auf die pathogene Mikroflora einwirkt,<\/li>\n<li>zielt darauf ab, ein gesundes Lymphgewebe wieder herzustellen und den Lymphfluss und damit die &#8222;M\u00fcllentsorgung&#8220; der Zellen zu erh\u00f6hen,<\/li>\n<li>aktiviert die Abwehrsysteme des zentralen Nervensystems, des vegetativen Nervensystems, der neurohumoralen Regulation, verhindert zudem die Entstehung von Stress und seine m\u00f6glichen negativen Auswirkungen auf den K\u00f6rper und die St\u00e4rke der Abwehrkr\u00e4fte,<\/li>\n<li>hilft bei chronischen Krankheiten ein Wiederaufflammen der Erkrankung hinauszuz\u00f6gern oder sogar zu verhindern und die nat\u00fcrlichen Abwehrkr\u00e4fte des K\u00f6rpers wiederherzustellen,<\/li>\n<li>hilft, den \u00dcbergang der Krankheit in eine chronische Form zu verhindern und verhindert die Entstehung einer dauerhaften Immunschw\u00e4che,<\/li>\n<li>reguliert einen gest\u00f6rten Stoffwechsels auf energetischer und k\u00f6rperlicher Ebene,<\/li>\n<li>f\u00f6rdert eine Erh\u00f6hung des Gasaustausches in der Lunge und damit eine Erh\u00f6hung der Sauerstoffkapazit\u00e4t des Blutes, so verbessert sie die Sauerstoffzufuhr im Gewebe,<\/li>\n<li>zielt energetisch darauf ab, die Blutversorgung und die Ern\u00e4hrung der Zellen in Geweben und Organen zu verbessern,<\/li>\n<li>aktiviert den Energiestoffwechsel und oxidative Prozesse im Gewebe (antioxidative Wirkung), um die Aktivit\u00e4t der k\u00f6rpereigenen antioxidativen Enzyme zu erh\u00f6hen und die Zellen vor oxidativem Stress zu sch\u00fctzen,<\/li>\n<li>schafft auf energetischer Ebene optimale Bedingungen f\u00fcr die Neutralisierung freier Radikale, reguliert den Abbau gest\u00f6rter Zellen und den genetisch programmierten Zelltod &#8211; so f\u00f6rdert sie den Ersatz durch neue, gesunde Zellen, was wiederum den Immunschutz des K\u00f6rpers gest\u00e4rkt und die Anf\u00e4lligkeit f\u00fcr Krankheiten verringert, aber auch generell die Alterung hinausz\u00f6gert,<\/li>\n<li>zielt darauf ab, die Regenerations- und Verj\u00fcngungsprozesse der Zellen zu beschleunigen und eine vorzeitige Alterung des gesamten K\u00f6rpers zu verhindern.<\/li>\n<\/ul>\n<p>Auf der Kolzov-Platte &#8222;Immunum&#8220; sind die Informationen von 20 ausgew\u00e4hlte medizinischen Rezepturen, ayurvedischen Heilkr\u00e4uter-Mineral-Komplexen sowie Heilpflanzen und Nahrungserg\u00e4nzungen unter anderem: Kurkuma, Spirulina-Algen, Vitamine (Vitamin C in liposomaler Form, A, D3, B-Vitamine), Heilpilze (Cordyceps, Ling-Zhi, Shiitake, Chaga, Roter Fliegenpilz), 12 Kr\u00e4uter wie Sagan-Dayla-Tee mit burjatischem Ginseng und Adams-Rhododendron, Alfalfa, Astragalus, Echinacea, Monarda (Monarda didyma), Eukalyptus, Chebulische Myrobalane (&#8222;Terminalia chebula&#8220;, Haritaki), Kamille, Salbei, Ingwer, Oregano, Seekohl (japanischer Blatttang, &#8222;Saccharina japonica&#8220;), Spurenelemente wie Magnesium, Zink, Eisen, Selen, Kalium und Calcium, Gel\u00e9e Royale, die Aminos\u00e4ure L-Lysin, Fulvo- und Humins\u00e4uren.<\/p>\n<p>TIPP 1: Verwendung als eigenst\u00e4ndiges Mittel zur Vorbeugung oder begleitend bei den unterschiedlichsten Erkrankungen und Therapien verwendet werden. Die Platte kann sowohl in fr\u00fchen Stadien einer Krankheit verwendet werden als auch bei einem langwierigen Krankheitsverlauf und chronischen Erkrankungen.<\/p>\n<p>TIPP 2: Die Plate &#8222;Immunum&#8220; kann allein oder zusammen mit allen anderen Platten und Armb\u00e4ndern verwendet werden. Um Stress als Grundursache vieler Krankheiten, einschlie\u00dflich St\u00f6rungen des Immunsystems, zu beseitigen, k\u00f6nnen zus\u00e4tzlich noch die folgenden Platten verwendet werden: die neue Platte der Arkanum-Reihe &#8222;Relaxium&#8220;, &#8222;Code Gobi&#8220; (Serie Elite), &#8222;Sieger&#8220; (Serie Kollektion), &#8222;Petrowotschka\/Petrov-Quelle&#8220;, &#8222;Kuumbi-H\u00f6hle. Sansibar&#8220;, &#8222;Kuza-H\u00f6hle. Sansibar&#8220;, &#8222;Portal der Tr\u00e4ume&#8220;, &#8222;L\u00e4cheln der Sonne&#8220;, &#8222;Seelenstern&#8220; (alle Serie Elite 8-Elemente) und die Armb\u00e4nder &#8222;Gl\u00fcckseligkeit&#8220;, &#8222;Friedensstifter&#8220;, &#8222;\u00dcberwindung&#8220;, &#8222;Fitness&#8220; und &#8222;Gesundheits-Navigator&#8220;.<\/p>\n<p>TIPP 3: Erg\u00e4nzend k\u00f6nnen Nahrungserg\u00e4nzungen das Immunsystem unterst\u00fctzen wie Vitamin D3, Vitamin C, Zink, Quercetin und Resveratrol.<\/p>\n<p>ZUR BEACHTUNG: Bei dieser Platte sollte das Wasser zum Energetisieren mindestens 20 Minuten lang darauf gestellt werden.<\/p>\n<p><em><u>Ergebnis im LIFE-TEST:\u00a0<\/u>Die Kolzov-Platte &#8222;Immunum&#8220; hat ein neutrales Energiefeld mit mehr als 40 000 Bovis. Damit aktiviert sie gleich 4 Chakras auf 40 000 Bovis: Kronen-, Stirn-, Hals- und Herz-Chakra &#8211; dabei steigt das Stirn-Chakra sogar weit \u00fcber 40 000 Bovis (40 000 ist die sichere Messgrenzen in dieser Test-Methode). Es werden also alle vier oberen Chakras stark aktiviert. Das Solarplexus-Chakra steigt auf ebenfalls hoe 35 000 Bovis und Blase-\/Sexual-Chakra und Wurzel-Chakra vervierfachen noch ihre Energie auf 28 000 Bovis. Durch die Aufladung der Chakras w\u00e4chst der bioenergetische Reaktionsabstand von zirka 75 Zentimetern um den K\u00f6rper auf 1,80 Meter.<\/em><\/p>\n<p><strong><em>Wichtiger Hinweis:<br \/>\nWir weisen ausdr\u00fccklich darauf hin, dass die Kolzov-Platte (russische Bezeichnung: &#8222;Korrektoren des funktionalen Zustands&#8220;) ein alternatives Energie- und Informationsprodukt ist und kein Heilmittel im Sinne der westlichen Schulmedizin. Vielmehr ist es ein rein energetisches Hilfsmittel zur ganzheitlichen Balancierung von energetischen Disharmonien und Blockaden. Informationen \u00fcber Qualit\u00e4t und Eigenschaften des Energieobjekts beziehen sich auf Aussagen des russischen Herstellers und alternativen Theorien zu Mensch und Umwelt, auf alternative Anschauungen und esoterische \u00dcberlieferungen oder Aussagen. Sie gelten nur im Sinne der esoterischen Lebensphilosophie und daran angelehnte Alternativheilkunde. Wirkungen im Sinne westlicher Wissenschaft oder Medizin werden hier nicht behauptet.<\/em><\/strong><\/p>","protected":false},"excerpt":{"rendered":"<p>Es f\u00f6rdert die Aktivierung und Optimierung der Mechanismen aller Teile der k\u00f6rpereigenen Immunabwehr (unspezifische und spezifische Immunit\u00e4t) und erh\u00f6ht die Anpassungsf\u00e4higkeit des K\u00f6rpers, was f\u00fcr die Vorbeugung von saisonalen Krankheiten und die Entstehung von Neubildungen wichtig ist.<\/p>","protected":false},"featured_media":1713,"comment_status":"open","ping_status":"closed","template":"","meta":[],"product_brand":[],"product_cat":[34],"product_tag":[76],"class_list":{"0":"post-1666","1":"product","2":"type-product","3":"status-publish","4":"has-post-thumbnail","6":"product_cat-arcanum-serie","7":"product_tag-76","9":"first","10":"instock","11":"taxable","12":"shipping-taxable","13":"purchasable","14":"product-type-simple"},"_links":{"self":[{"href":"https:\/\/vigo-rio.com\/en\/wp-json\/wp\/v2\/product\/1666","targetHints":{"allow":["GET"]}}],"collection":[{"href":"https:\/\/vigo-rio.com\/en\/wp-json\/wp\/v2\/product"}],"about":[{"href":"https:\/\/vigo-rio.com\/en\/wp-json\/wp\/v2\/types\/product"}],"replies":[{"embeddable":true,"href":"https:\/\/vigo-rio.com\/en\/wp-json\/wp\/v2\/comments?post=1666"}],"wp:featuredmedia":[{"embeddable":true,"href":"https:\/\/vigo-rio.com\/en\/wp-json\/wp\/v2\/media\/1713"}],"wp:attachment":[{"href":"https:\/\/vigo-rio.com\/en\/wp-json\/wp\/v2\/media?parent=1666"}],"wp:term":[{"taxonomy":"product_brand","embeddable":true,"href":"https:\/\/vigo-rio.com\/en\/wp-json\/wp\/v2\/product_brand?post=1666"},{"taxonomy":"product_cat","embeddable":true,"href":"https:\/\/vigo-rio.com\/en\/wp-json\/wp\/v2\/product_cat?post=1666"},{"taxonomy":"product_tag","embeddable":true,"href":"https:\/\/vigo-rio.com\/en\/wp-json\/wp\/v2\/product_tag?post=1666"}],"curies":[{"name":"wp","href":"https:\/\/api.w.org\/{rel}","templated":true}]}}