{"id":1665,"date":"2026-01-15T07:11:56","date_gmt":"2026-01-15T07:11:56","guid":{"rendered":"https:\/\/vigo-rio.com\/?post_type=product&#038;p=1665"},"modified":"2026-02-04T20:13:42","modified_gmt":"2026-02-04T20:13:42","slug":"fc-hepalux","status":"publish","type":"product","link":"https:\/\/vigo-rio.com\/en\/product\/fc-hepalux\/","title":{"rendered":"FC Hepalux"},"content":{"rendered":"<p><strong>Kolzov-Platte: &#8222;Hepalux&#8220;\u00a0&#8211; (f\u00fcr eine gesunde Leber und Galle, st\u00e4rkt die Entgiftung, harmonisiert die Verdauung, f\u00fcr Regeneration und gesunde Haut)<br \/>\n&#8211; neueste Version mit 8-Elementen (8 enthaltenen Energiespeicher-Chips)<\/strong><\/p>\n<p><em>Die Platte tr\u00e4gt die russische Aufschrift: \u00ab\u0413\u0415\u041f\u0410\u041b\u042e\u041a\u0421\u00bb<\/em><\/p>\n<p>Die Platte &#8222;Hepalux&#8220; ist vielf\u00e4ltig einsetzbar: f\u00fcr jeden zur besseren Verdauung und begleitend zur Gewichtsabnahme, f\u00fcr Personen, deren Entgiftung unterst\u00fctzt werden muss, etwa aufgrund von erh\u00f6hter Umweltbelastung in Industrie und Landwirtschaft, bei Alkoholmissbrauch, bei Dauereinnahme von Medikamente etc., f\u00fcr \u00e4ltere Menschen, um der im Alter abnehmenden Gallenfunktion und vermehrten Gallensteinbildung vorzubeugen und f\u00fcr Menschen mit geschw\u00e4chter Leberfunktion, schlechter Fettverdauung und Fettleibigkeit. Aber auch f\u00fcr Menschen mit Diabetes, Schilddr\u00fcsenerkrankungen und anderen Stoffwechsel- und Hormonst\u00f6rungen und generell f\u00fcr Frauen, da \u00d6strogene die Cholesterinmenge in der Galle erh\u00f6hen, was die Gefahr der Steinbildung erh\u00f6ht (daher (3-4 Mal im Jahr je einen Monat lang anwenden). Die Platte kann unterst\u00fctzend auch nach Operationen f\u00fcr eine schnellere und effektivere Rehabilitation insbesondere nach chirurgischen Eingriffen am Magen-Darm-Trakt eingesetzt werden.<\/p>\n<p><em>Die Aussagen beziehen sich auf alternative Testmethoden wie Meridianenergie-Messungen der Organfunktionskreisl\u00e4ufe nach TCM, Kirlian-Fotografie (EPG\/GDV-Kamera), Oberon, Amsat o.\u00e4. durch den Hersteller &#8222;Planet der Regionen&#8220; und stellen keine medizinische oder auf den physischen K\u00f6rper und dessen Organe bezogenen Aussage im Sinne der westlichen Schulmedizin dar.<br \/>\n<\/em><\/p>\n<p><strong>Die Platte ist in diesem Sinne vor allem geeignet f\u00fcr:<\/strong><\/p>\n<ul>\n<li>tr\u00e4gt im Energetischen zur gesunden Funktion der Leber, des Gallensystems und der Gallenblase bei, aktiviert und reguliert den Gallenflusses in den Zw\u00f6lffingerdarm,<\/li>\n<li>hilft dabei, eine optimale Funktion der Leber zu gew\u00e4hrleisten, wodurch die Entgiftung des K\u00f6rpers verbessert und die Verdauung und der Stuhlgang normalisiert werden,<\/li>\n<li>wird zur Vorbeugung von viraler und von Medikamenten hervorgerufener Hepatitis, von Leberzirrhose (etwa durch ein \u201eAlkoholerkrankung\u201c der Leber, durch Umweltgifte, Medikamente, Pilze, Reinigungsmittel, Farbstoffe usw.) empfohlen,<\/li>\n<li>f\u00f6rdert die Bildung von Galle und verbessert ihre qualitative Zusammensetzung,<\/li>\n<li>normalisiert die Produktion von Cholesterin und hilft bei der Aufl\u00f6sung von Cholesterin,<\/li>\n<li>unterst\u00fctzt im Stoffwechsel die Verarbeitung von Fetten,<\/li>\n<li>unterst\u00fctzt die Normalisierung der Stoffwechselprozesse in der Leber, erh\u00f6ht die Widerstandsf\u00e4higkeit des K\u00f6rpers gegen die Wirkung von Umweltgiften und oxidativen Prozessen, unterst\u00fctzt allgemein die regenerativen F\u00e4higkeiten der Leber, verbessert in der Leber die Mikrozirkulation und die Zellerneuerung,<\/li>\n<li>hilft generell zur Entgiftung nach medikament\u00f6sen Therapie, da Antibiotika und andere Medikamente die Gallenproduktion negativ beeinflussen k\u00f6nnen,<\/li>\n<li>hilft dabei, der Entstehung von Magen-Darm-Erkrankungen vorzubeugen und unterst\u00fctzt energetisch die Heilung und Therapie chronischer Erkrankungen wie Gastritis, Magengeschw\u00fcr, Darmentz\u00fcndungen, onkologische Prozesse,<\/li>\n<li>unterst\u00fctzt das Immunsystem und einen gesunden Stoffwechsel, reguliert den Fettstoffwechsel, hilft bei der Vorbeugung und Korrektur von Fettleibigkeit und des metabolischen Syndroms,<\/li>\n<li>f\u00f6rdert die Aufnahme biologisch aktiver Substanzen wie Vitamine, Mikron\u00e4hrstoffe und Spurenelemente, Hormone, etc.<\/li>\n<li>zielt auf energetischem Wege auf eine entz\u00fcndungshemmende, antiseptische, krampfl\u00f6sende, antivirale, antimykotische, antiallergische, bakterizide, antiparasit\u00e4re, wundheilende Wirkung ab,<\/li>\n<li>hilft dabei, den Alterungsprozess zu verlangsamen<\/li>\n<li>hilft die Entwicklung von Erkrankungen des Fortpflanzungssystems bei Frauen und M\u00e4nnern zu verhindern,<\/li>\n<li>durch Entgiftung und verbesserten Stoffwechsel, wird auch der Zustand der Haut verbessert &#8211; die Platte ist daher empfehlenswert auch bei Hauterkrankungen.<\/li>\n<\/ul>\n<p>Auf der Kolzov-Platte &#8222;Hepalux&#8220; sind die Informationen von 15 ausgew\u00e4hlten medizinischen Rezepturen, ayurvedischen Heilkr\u00e4uter-Mineral-Komplexe sowie Heilpflanzen und Nahrungserg\u00e4nzungen enthalten unter anderem: die Aminos\u00e4ure Taurin, Alpha-Lipons\u00e4ure, Coenzym Q10, Omega-3, Pilze (Ling-Zhi , Cordyceps), Kr\u00e4uter (Mariendistel, Hasenohr (Bupleurum), Fingerkraut, Bergenie, Ringelblume), Schwarzk\u00fcmmel\u00f6l, Echter K\u00fcmmel, Gel\u00e9e Royale, &#8222;Bienenger\u00f6ll&#8220; (Bienengift, Melanin, Aminos\u00e4uren, Heparoide und andere nat\u00fcrliche Bienenbestandteile), Mumie.<\/p>\n<p>TIPP 1: Die Platte &#8222;Hepalux&#8220; kann einzeln oder zusammen mit anderen Platten und als energetische Erg\u00e4nzung in Therapieprogrammen verwendet werden. Erg\u00e4nzende Kolzov-Platten w\u00e4ren &#8222;Hepavita&#8220;, &#8222;Quelle der Lamas&#8220; und &#8222;Quelle vom erhabenen Berg&#8220; (Serie Kollektion), &#8222;Buovicka&#8220; und &#8222;Sonnenbote&#8220; (Serie Elite 8-Elemente), &#8222;Nr.11 &#8211; Gesunde Lebensweise&#8220; (Serie Violett), &#8222;Silberner Quell&#8220; (Serie Elite) und Armband &#8222;Erneuerung&#8220;.<\/p>\n<p>TIPP 2: Die Wirkung kann durch Aromatherapie unterst\u00fctzt werden, etwa mit den auf der Platte energetisierten, \u00e4therischen \u00d6len von Nelke, Zeder, Lavendel, Zitrone, Tanne, Rosmarin, Thymian, Eukalyptus.<\/p>\n<p>ZUR BEACHTUNG: Bei dieser Platte sollte das Wasser zum Energetisieren mindestens 15 Minuten lang darauf gestellt werden<\/p>\n<p><em><u>Ergebnis im LIFE-TEST:\u00a0<\/u>Die Kolzov-Platte &#8222;Hepalux&#8220; ist eine der st\u00e4rksten bisher getesteten Platten \u00fcberhaupt. Sie hat ein neutrales Energiefeld mit mehr als 40 000 Bovis. Damit aktiviert sie alle 7 Charkas auf 40 000 Bovis. Das Herz- und das Stirn-Chakra sogar noch deutlich st\u00e4rker (40 000 Bovis sind die sichere Messgrenze in dieser Testmethode nach Dr. Oberbach). Durch die Aufladung der Chakras w\u00e4chst der bioenergetische Reaktionsabstand von zirka 75 Zentimetern um den K\u00f6rper auf 2,10 Meter.<\/em><\/p>\n<p><em><strong>Wichtiger Hinweis:<br \/>\nWir weisen ausdr\u00fccklich darauf hin, dass die Kolzov-Platte (russische Bezeichnung: &#8222;Korrektoren des funktionalen Zustands&#8220;) ein alternatives Energie- und Informationsprodukt ist und kein Heilmittel im Sinne der westlichen Schulmedizin. Vielmehr ist es ein rein energetisches Hilfsmittel zur ganzheitlichen Balancierung von energetischen Disharmonien und Blockaden. Informationen \u00fcber Qualit\u00e4t und Eigenschaften des Energieobjekts beziehen sich auf Aussagen des russischen Herstellers und alternativen Theorien zu Mensch und Umwelt, auf alternative Anschauungen und esoterische \u00dcberlieferungen oder Aussagen. Sie gelten nur im Sinne der esoterischen Lebensphilosophie und daran angelehnte Alternativheilkunde. Wirkungen im Sinne westlicher Wissenschaft oder Medizin werden hier nicht behauptet.<\/strong><\/em><\/p>","protected":false},"excerpt":{"rendered":"<p>Der FC enth\u00e4lt die Polarisation von 15 verschiedenen topischen Pr\u00e4paraten aus der klassischen Medizin mit nachgewiesener Wirksamkeit sowie ayurvedische Kr\u00e4uter-Mineral-Komplexe<\/p>","protected":false},"featured_media":1712,"comment_status":"open","ping_status":"closed","template":"","meta":[],"product_brand":[],"product_cat":[34],"product_tag":[77],"class_list":{"0":"post-1665","1":"product","2":"type-product","3":"status-publish","4":"has-post-thumbnail","6":"product_cat-arcanum-serie","7":"product_tag-77","9":"first","10":"instock","11":"taxable","12":"shipping-taxable","13":"purchasable","14":"product-type-simple"},"_links":{"self":[{"href":"https:\/\/vigo-rio.com\/en\/wp-json\/wp\/v2\/product\/1665","targetHints":{"allow":["GET"]}}],"collection":[{"href":"https:\/\/vigo-rio.com\/en\/wp-json\/wp\/v2\/product"}],"about":[{"href":"https:\/\/vigo-rio.com\/en\/wp-json\/wp\/v2\/types\/product"}],"replies":[{"embeddable":true,"href":"https:\/\/vigo-rio.com\/en\/wp-json\/wp\/v2\/comments?post=1665"}],"wp:featuredmedia":[{"embeddable":true,"href":"https:\/\/vigo-rio.com\/en\/wp-json\/wp\/v2\/media\/1712"}],"wp:attachment":[{"href":"https:\/\/vigo-rio.com\/en\/wp-json\/wp\/v2\/media?parent=1665"}],"wp:term":[{"taxonomy":"product_brand","embeddable":true,"href":"https:\/\/vigo-rio.com\/en\/wp-json\/wp\/v2\/product_brand?post=1665"},{"taxonomy":"product_cat","embeddable":true,"href":"https:\/\/vigo-rio.com\/en\/wp-json\/wp\/v2\/product_cat?post=1665"},{"taxonomy":"product_tag","embeddable":true,"href":"https:\/\/vigo-rio.com\/en\/wp-json\/wp\/v2\/product_tag?post=1665"}],"curies":[{"name":"wp","href":"https:\/\/api.w.org\/{rel}","templated":true}]}}