{"id":1664,"date":"2026-01-15T07:11:41","date_gmt":"2026-01-15T07:11:41","guid":{"rendered":"https:\/\/vigo-rio.com\/?post_type=product&#038;p=1664"},"modified":"2026-02-16T09:36:05","modified_gmt":"2026-02-16T09:36:05","slug":"fc-anti-migrene","status":"publish","type":"product","link":"https:\/\/vigo-rio.com\/en\/product\/fc-anti-migrene\/","title":{"rendered":"FC Anti-Migrene\/ Healthy Head"},"content":{"rendered":"<p><strong>Kolzov-Platte: &#8222;Anti-Migr\u00e4ne&#8220; (&#8222;Gesunder Kopf)&#8220;\u00a0&#8211; (f\u00fcr die Gehirngesundheit: stimuliert die Gehirnt\u00e4tigkeit, gegen Kopfschmerzen, Migr\u00e4ne, Ged\u00e4chtnisschw\u00e4che u.a. Alterserscheinungen des Gehirns, bei Stress)<br \/>\n&#8211; neueste Version mit 8-Elementen (8 enthaltenen Energiespeicher-Chips)<\/strong><\/p>\n<p><em>Die Platte tr\u00e4gt die russische Aufschrift: ANTI-MIGR\u00c4NE sowie HELTHY HEAD, ENDOCEPHAL, im Russ. \u041c\u0418\u0413\u0420\u0415\u041d\u041e\u041d<\/em><\/p>\n<p>Die englische Bezeichnung der Platte &#8222;Helthy Head&#8220;, also &#8222;gesunder Kopf&#8220; trifft die Wirkung der Platte besser, denn sie ist weit mehr als eine Anti-Migr\u00e4ne-Platte: Die Platte sorgt f\u00fcr einen gesunden Energie- und Blutfluss im Gehirn, verbessert das Denkverm\u00f6gen und das Ged\u00e4chtnis und wirkt energetisch den Alterserscheinungen im Gehirn entgegen. Au\u00dferdem wurde sie als energetische Hilfe bei Kopfschmerzen und Migr\u00e4ne konzipiert.<br \/>\nMigr\u00e4ne geht auch mit gest\u00f6rten biochemischen Prozessen, schlechter Entgiftung und einer geringeren Verwertung B-Vitamine einher. Dadurch kann das Risiko f\u00fcr Schlaganf\u00e4lle und Herzinfarkte steigen, es kann zu Ged\u00e4chtnisprobleme, emotionalen Schwankungen und sogar Neurosen f\u00fchren. Es kann zu einer Lymphstagnation der tiefen Lymphknoten der Leber und zu einem Gallenstau kommen. Die Reaktion des K\u00f6rpers in Form von \u00dcbelkeit und Erbrechen bei starker Migr\u00e4ne zielt darauf ab, den Organismus von diesen Staus und Blockaden zu befreien. Aus diesem Grund sind auf der Platte auch Heilinformationen f\u00fcr Lymphe und Galle enthalten.<\/p>\n<p><em>Die Aussagen beziehen sich auf alternative Testmethoden wie Meridianenergie-Messungen der Organfunktionskreisl\u00e4ufe nach TCM, Kirlian-Fotografie (EPG\/GDV-Kamera), Oberon, Amsat o.\u00e4. durch den Hersteller &#8222;Planet der Regionen&#8220; und stellen keine medizinische oder auf den physischen K\u00f6rper und dessen Organe bezogenen Aussage im Sinne der westlichen Schulmedizin dar.<br \/>\n<\/em><\/p>\n<p><strong>Die Platte ist in diesem Sinne vor allem geeignet f\u00fcr:<\/strong><\/p>\n<ul>\n<li>hilft auf energetischem Wege bei Kopfschmerzen (unabh\u00e4ngig von ihrer Ursache), einschlie\u00dflich bei Migr\u00e4ne und Spannungskopfschmerzen,<\/li>\n<li>tr\u00e4gt zur Stimulierung der Gehirnaktivit\u00e4t bei, verbessert die intellektuelle Leistungsf\u00e4higkeit, die Denkf\u00e4higkeit und das psycho-emotionale Wohlbefinden,<\/li>\n<li>tr\u00e4gt zur Vorbeugung und Verbesserung von Ged\u00e4chtnisschw\u00e4che, Konzentrationsst\u00f6rungen und anderen kognitiven Beeintr\u00e4chtigungen &#8211; etwa im Laufe des Alterungsprozesses &#8211; bei, reduziert M\u00fcdigkeit und schnelle Erm\u00fcdungserscheinungen,<\/li>\n<li>hilft, die Gehirnzirkulation zu verbessern, den Blutfluss zu normalisieren und wiederherzustellen, tr\u00e4gt energetisch dazu bei, Arteriosklerose der Hirngef\u00e4\u00dfe zu verhindern und zu hohen Hirndruck zu normalisieren,<\/li>\n<li>unterst\u00fctzt energetisch die Behandlung bei neuro-sensorischen St\u00f6rungen wie Tinnitus, H\u00f6rverlust (Hypoakusie), Schwindel vestibul\u00e4ren Ursprungs, \u00dcbelkeit und Erbrechen vor dem Hintergrund von Kopfschmerzen und bei anderen Problemen im Zusammenhang mit Durchblutungsst\u00f6rungen des Gehirns,<\/li>\n<li>hilft bei Stress und Reiz\u00fcberflutung, emotionaler und nerv\u00f6ser Anspannung, bei Reizbarkeit und Angstzust\u00e4nde, chronischer M\u00fcdigkeit und nerv\u00f6sen St\u00f6rungen des Magen-Darm-Trakts, der Gallenblase, reguliert die Freisetzung von Stresshormonen und neuro-immunologische St\u00f6rungen,<\/li>\n<li>hilft allgemein, die Gesundheit und Langlebigkeit des Gehirns zu erhalten und erh\u00f6ht die Widerstandsf\u00e4higkeit des Gehirns gegen aggressive Einfl\u00fcsse zu erh\u00f6hen &#8211; etwa bei Umweltgiften, Sauerstoffmangel, Traumata,<\/li>\n<li>reguliert Schlafst\u00f6rungen, die aufgrund nerv\u00f6ser oder k\u00f6rperlicher \u00dcberanstrengung, durch \u00dcbererregung und Stress entstehen,<\/li>\n<li>reduziert ausgepr\u00e4gte Wasseransammlungen im Gehirn, die aufgrund von Medikamenteneinnahme und anderen Ursachen entstehen k\u00f6nnen,<\/li>\n<li>die Platte verursacht auch bei l\u00e4ngerem Gebrauch keine Nebenwirkungen.<\/li>\n<\/ul>\n<p>Auf der Kolzov-Platte &#8222;Anti-Migr\u00e4ne&#8220; sind die Informationen ausgew\u00e4hlter ayurvedischer Heilkr\u00e4uter, medizinischer Rezepturen und Heilpflanzen wie Ginkgo Biloba und Mariendistel, von Nahrungserg\u00e4nzungen wie den Aminos\u00e4uren L-Tyrosin, L-Tryptophan und Glycin, ein Komplex verschiedener B-Vitamine (einschlie\u00dflich B3 &#8211; Niacin), Spurenelemente in Chelatform, Magnesiumthreonat (besondere gehirnaktive Form von Magnesium) gespeichert.<\/p>\n<p>TIPP 1: W\u00e4hrend einer Migr\u00e4ne k\u00f6nnen Sie nach und nach 1 bis 2 Gl\u00e4ser warmes Wasser (m\u00f6glichst hei\u00df), das auf der Platte informiert wurde. Sie k\u00f6nnen Ihre F\u00fc\u00dfe in eine Sch\u00fcssel mit warmen, informierten Wasser stellen (die Platte dabei auch unter die Sch\u00fcssel legen). Legen Sie eine W\u00e4rmflasche \u00fcber den Bauchnabel und den Bereich der Gallenblase. Legen Sie eine kalte Kompresse auf die Sch\u00e4delbasis und machen Sie hei\u00dfe oder warme Kompressen f\u00fcr die Oberarme und den Teil des Halses in der N\u00e4he der Schultern. Sie k\u00f6nnen auch w\u00e4rmende Salben oder Paprikapflaster auf diese Bereiche auftragen. Wenn Sie diese Verfahren nicht selbst durchf\u00fchren k\u00f6nnen, bitten Sie einen geliebten Menschen, Ihnen zu helfen.<\/p>\n<p>TIPP 2: Trinken Sie viel reines Wasser, das auf der Platte strukturiert wurde (nach WHO-Empfehlung: 30 ml pro 1 kg K\u00f6rpergewicht pro Tag). Strukturieren Sie auf der Platte fl\u00fcssige Balsame und andere Produkte, die Sie zur Vorbeugung und bei Schmerzen an Ihren Schl\u00e4fen und auf andere aktive Akupunkturpunkte einreiben k\u00f6nnen. Oder stellen sie entspannende \u00e4therische \u00d6le vor der Anwendung auf die Platte zum Informieren.<\/p>\n<p>ZUR BEACHTUNG: Bei dieser Platte sollte das Wasser zum Energetisieren mindestens 15 Minuten lang darauf gestellt werden<\/p>\n<p><em><u>Ergebnis im LIFE-TEST:<\/u>\u00a0Die Kolzov-Platte &#8222;Anti-Migr\u00e4ne&#8220; hat ein neutrales Energiefeld mit mehr als 40 000 Bovis. Damit aktiviert sie insbesondere die oberen 3 Chakras auf \u00fcber 40 000 Bovis: Kronen-, Stirn- und Hals-Chakra steigen auf diesen sehr hohen Wert und das Kronen-Chakra sogar noch weit dar\u00fcber hinaus (40 000 Bovis sind die sichere Messgrenze in dieser Testmethode nach Dr. Oberbach). Auch das Herz-Chakra steigt noch auf sehr hohe 35 000 Bovis in seiner Energie. Das Solarplexus-Chakra verdreifacht sein Energieniveau, Blase-\/Sexual-Chakra und Wurzel-Chakra verdoppeln ihre Energie. Durch die Aufladung der Chakras w\u00e4chst der bioenergetische Reaktionsabstand von zirka 75 Zentimetern um den K\u00f6rper auf 1,70 Meter.<\/em><\/p>\n<p><strong><em>Wichtiger Hinweis:<br \/>\nWir weisen ausdr\u00fccklich darauf hin, dass die Kolzov-Platte (russische Bezeichnung: &#8222;Korrektoren des funktionalen Zustands&#8220;) ein alternatives Energie- und Informationsprodukt ist und kein Heilmittel im Sinne der westlichen Schulmedizin. Vielmehr ist es ein rein energetisches Hilfsmittel zur ganzheitlichen Balancierung von energetischen Disharmonien und Blockaden. Informationen \u00fcber Qualit\u00e4t und Eigenschaften des Energieobjekts beziehen sich auf Aussagen des russischen Herstellers und alternativen Theorien zu Mensch und Umwelt, auf alternative Anschauungen und esoterische \u00dcberlieferungen oder Aussagen. Sie gelten nur im Sinne der esoterischen Lebensphilosophie und daran angelehnte Alternativheilkunde. Wirkungen im Sinne westlicher Wissenschaft oder Medizin werden hier nicht behauptet.<\/em><\/strong><\/p>","protected":false},"excerpt":{"rendered":"<p>F\u00f6rdert die Linderung von Kopfschmerzen aller Art und hilft dabei, die kognitive Leistungsf\u00e4higkeit zu verbessern<\/p>","protected":false},"featured_media":1711,"comment_status":"open","ping_status":"closed","template":"","meta":[],"product_brand":[],"product_cat":[34],"product_tag":[75],"class_list":{"0":"post-1664","1":"product","2":"type-product","3":"status-publish","4":"has-post-thumbnail","6":"product_cat-arcanum-serie","7":"product_tag-75","9":"first","10":"instock","11":"taxable","12":"shipping-taxable","13":"purchasable","14":"product-type-simple"},"_links":{"self":[{"href":"https:\/\/vigo-rio.com\/en\/wp-json\/wp\/v2\/product\/1664","targetHints":{"allow":["GET"]}}],"collection":[{"href":"https:\/\/vigo-rio.com\/en\/wp-json\/wp\/v2\/product"}],"about":[{"href":"https:\/\/vigo-rio.com\/en\/wp-json\/wp\/v2\/types\/product"}],"replies":[{"embeddable":true,"href":"https:\/\/vigo-rio.com\/en\/wp-json\/wp\/v2\/comments?post=1664"}],"wp:featuredmedia":[{"embeddable":true,"href":"https:\/\/vigo-rio.com\/en\/wp-json\/wp\/v2\/media\/1711"}],"wp:attachment":[{"href":"https:\/\/vigo-rio.com\/en\/wp-json\/wp\/v2\/media?parent=1664"}],"wp:term":[{"taxonomy":"product_brand","embeddable":true,"href":"https:\/\/vigo-rio.com\/en\/wp-json\/wp\/v2\/product_brand?post=1664"},{"taxonomy":"product_cat","embeddable":true,"href":"https:\/\/vigo-rio.com\/en\/wp-json\/wp\/v2\/product_cat?post=1664"},{"taxonomy":"product_tag","embeddable":true,"href":"https:\/\/vigo-rio.com\/en\/wp-json\/wp\/v2\/product_tag?post=1664"}],"curies":[{"name":"wp","href":"https:\/\/api.w.org\/{rel}","templated":true}]}}