{"id":2285,"date":"2026-01-20T13:48:58","date_gmt":"2026-01-20T13:48:58","guid":{"rendered":"https:\/\/vigo-rio.com\/?page_id=2285"},"modified":"2026-01-20T14:10:41","modified_gmt":"2026-01-20T14:10:41","slug":"contact","status":"publish","type":"page","link":"https:\/\/vigo-rio.com\/en\/contact\/","title":{"rendered":"Contact"},"content":{"rendered":"<div id=\"fws_69e3bca2c2740\"  data-column-margin=\"default\" data-midnight=\"dark\"  class=\"wpb_row vc_row-fluid vc_row  top_margin_5pct bottom_margin_5pct\"  style=\"padding-top: 0px; padding-bottom: 0px; \"><div class=\"row-bg-wrap\" data-bg-animation=\"none\" data-bg-animation-delay=\"\" data-bg-overlay=\"false\"><div class=\"inner-wrap row-bg-layer\" ><div class=\"row-bg viewport-desktop\"  style=\"\"><\/div><\/div><\/div><div class=\"row_col_wrap_12 col span_12 dark left\">\n\t<div style=\"margin-top: 2%; margin-bottom: 5%; \" class=\"vc_col-sm-12 wpb_column column_container vc_column_container col centered-text no-extra-padding inherit_tablet inherit_phone\"  data-padding-pos=\"all\" data-has-bg-color=\"false\" data-bg-color=\"\" data-bg-opacity=\"1\" data-animation=\"\" data-delay=\"0\" >\n\t\t<div class=\"vc_column-inner\" >\n\t\t\t<div class=\"wpb_wrapper\">\n\t\t\t\t<div class=\"nectar-responsive-text nectar-link-underline-effect\"><h1>Contact<\/h1>\n<\/div>\n\t\t\t<\/div> \n\t\t<\/div>\n\t<\/div> \n\n\t<div  class=\"vc_col-sm-6 wpb_column column_container vc_column_container col no-extra-padding inherit_tablet inherit_phone flex_gap_desktop_10px\"  data-padding-pos=\"all\" data-has-bg-color=\"false\" data-bg-color=\"\" data-bg-opacity=\"1\" data-animation=\"\" data-delay=\"0\" >\n\t\t<div class=\"vc_column-inner\" >\n\t\t\t<div class=\"wpb_wrapper\">\n\t\t\t\t<div class=\"nectar-badge nectar-inherit-body nectar-display-block padding-amount-small badge-style-default\"><div class=\"nectar-badge__inner nectar-bg-accent-color\">INFORMATION QUESTIONS<\/div><\/div><div class=\"nectar-responsive-text nectar-link-underline-effect\"><h2>Frequently Asked Questions<\/h2>\n<\/div><div class=\"toggles accordion\" style=\"--ac-size:40px; --ac-bg-color:#FFFFFF; --toggles-border-radius:0px; --ac-gap:10px;\" data-ac-position=\"right\" data-ac-divider=\"1\" data-ac-bg-color=\"1\" data-br=\"none\" data-starting=\"default\" data-style=\"animated_circle\"><div class=\"toggle default\" data-inner-wrap=\"true\"><h3 class=\"toggle-title\"><a href=\"#\" role=\"button\" class=\"nectar-inherit-h4 toggle-heading\"><svg class=\"nectar-toggle-icon\" width=\"100%\" height=\"100%\" viewbox=\"0 0 40 40\" preserveaspectratio=\"none\">\n\t\t<circle class=\"nectar-toggle-icon-circle\" cx=\"20\" cy=\"20\" r=\"18\" stroke=\"currentColor\" stroke-width=\"1\" fill=\"none\" \/>\n\t\t<circle class=\"nectar-toggle-icon-circle-hover\" cx=\"20\" cy=\"20\" r=\"18\" stroke=\"currentColor\" stroke-width=\"1\" fill=\"none\" \/>\n\t\t<path\n\t\t\tclass=\"plus-line plus-line-vertical\"\n\t\t\td=\"M20,15 L20,25\"\n\t\t\/>\n\t\t<path\n\t\t\tclass=\"plus-line plus-line-horizontal\"\n\t\t\td=\"M15,20 L25,20\"\n\t\t\/>\n\t\t<\/svg>Can I get a quantity discount as a business customer?<\/a><\/h3><div><div class=\"inner-toggle-wrap\">\n<div class=\"wpb_text_column wpb_content_element\" >\n\t<p>Yes, that's possible. Please contact us via the contact form! We will get in touch with you and explain further details.<\/p>\n<\/div>\n\n\n\n<\/div><\/div><\/div><div class=\"toggle default\" data-inner-wrap=\"true\"><h3 class=\"toggle-title\"><a href=\"#\" role=\"button\" class=\"nectar-inherit-h4 toggle-heading\"><svg class=\"nectar-toggle-icon\" width=\"100%\" height=\"100%\" viewbox=\"0 0 40 40\" preserveaspectratio=\"none\">\n\t\t<circle class=\"nectar-toggle-icon-circle\" cx=\"20\" cy=\"20\" r=\"18\" stroke=\"currentColor\" stroke-width=\"1\" fill=\"none\" \/>\n\t\t<circle class=\"nectar-toggle-icon-circle-hover\" cx=\"20\" cy=\"20\" r=\"18\" stroke=\"currentColor\" stroke-width=\"1\" fill=\"none\" \/>\n\t\t<path\n\t\t\tclass=\"plus-line plus-line-vertical\"\n\t\t\td=\"M20,15 L20,25\"\n\t\t\/>\n\t\t<path\n\t\t\tclass=\"plus-line plus-line-horizontal\"\n\t\t\td=\"M15,20 L25,20\"\n\t\t\/>\n\t\t<\/svg>What is the difference between the 5 and 8 element versions of the FCs?<\/a><\/h3><div><div class=\"inner-toggle-wrap\">\n<div class=\"wpb_text_column wpb_content_element\" >\n\t<p>Production of 8-element functional correctors began in 2021. As a result, many products are available in both 5- and 8-element versions. While the two versions are identical in content, the structuring of the water occurs more quickly with the 8-element versions.<\/p>\n<p>Read more about this topic in our blog.<\/p>\n<\/div>\n\n\n\n<\/div><\/div><\/div><div class=\"toggle default\" data-inner-wrap=\"true\"><h3 class=\"toggle-title\"><a href=\"#\" role=\"button\" class=\"nectar-inherit-h4 toggle-heading\"><svg class=\"nectar-toggle-icon\" width=\"100%\" height=\"100%\" viewbox=\"0 0 40 40\" preserveaspectratio=\"none\">\n\t\t<circle class=\"nectar-toggle-icon-circle\" cx=\"20\" cy=\"20\" r=\"18\" stroke=\"currentColor\" stroke-width=\"1\" fill=\"none\" \/>\n\t\t<circle class=\"nectar-toggle-icon-circle-hover\" cx=\"20\" cy=\"20\" r=\"18\" stroke=\"currentColor\" stroke-width=\"1\" fill=\"none\" \/>\n\t\t<path\n\t\t\tclass=\"plus-line plus-line-vertical\"\n\t\t\td=\"M20,15 L20,25\"\n\t\t\/>\n\t\t<path\n\t\t\tclass=\"plus-line plus-line-horizontal\"\n\t\t\td=\"M15,20 L25,20\"\n\t\t\/>\n\t\t<\/svg>How do I find what I'm looking for among such a wide variety of FCs?<\/a><\/h3><div><div class=\"inner-toggle-wrap\">\n<div class=\"wpb_text_column wpb_content_element\" >\n\t<p>With the sheer variety of FCs that have been released, it's becoming increasingly difficult to keep track. That's why we've created a tool that greatly simplifies our customers' search for the right product.<\/p>\n<p>Select the item \u201c in the top menu bar.<a href=\"\/en\/leitfaden\/\"><strong>GUIDE<\/strong><\/a>\u201c! A selection of application areas for our products then appears. The selection is divided into 3 main areas:<\/p>\n<ol>\n<li><a href=\"\/en\/leitfaden\/\"><strong>Health promotion<\/strong><\/a>&nbsp;(organized according to core functions of the organism) includes areas of application for strengthening and harmonizing bodily functions.<\/li>\n<li><a href=\"\/en\/leitfaden\/\"><strong>Health protection<\/strong>&nbsp;<\/a>(classified according to pests and pathogens) includes application areas for combating physical hazards to health.<\/li>\n<li><a href=\"\/en\/leitfaden\/\"><strong>Strengthening the mind<\/strong><\/a>&nbsp;(organized according to the most widespread mental problems of the information age) includes application areas for protection against negative psychological and informational influences.<\/li>\n<\/ol>\n<\/div>\n\n\n\n<\/div><\/div><\/div><div class=\"toggle default\" data-inner-wrap=\"true\"><h3 class=\"toggle-title\"><a href=\"#\" role=\"button\" class=\"nectar-inherit-h4 toggle-heading\"><svg class=\"nectar-toggle-icon\" width=\"100%\" height=\"100%\" viewbox=\"0 0 40 40\" preserveaspectratio=\"none\">\n\t\t<circle class=\"nectar-toggle-icon-circle\" cx=\"20\" cy=\"20\" r=\"18\" stroke=\"currentColor\" stroke-width=\"1\" fill=\"none\" \/>\n\t\t<circle class=\"nectar-toggle-icon-circle-hover\" cx=\"20\" cy=\"20\" r=\"18\" stroke=\"currentColor\" stroke-width=\"1\" fill=\"none\" \/>\n\t\t<path\n\t\t\tclass=\"plus-line plus-line-vertical\"\n\t\t\td=\"M20,15 L20,25\"\n\t\t\/>\n\t\t<path\n\t\t\tclass=\"plus-line plus-line-horizontal\"\n\t\t\td=\"M15,20 L25,20\"\n\t\t\/>\n\t\t<\/svg>Will FC's be reordered?<\/a><\/h3><div><div class=\"inner-toggle-wrap\">\n<div class=\"wpb_text_column wpb_content_element\" >\n\t<p>The journey of FCs from Eastern Europe to the EU, then to our central warehouse in Germany and subsequently to customers all over the world is becoming increasingly exciting due to geopolitical dynamics.<\/p>\n<p>Fluctuating exchange rates, increasingly less business-friendly financial transfer systems, and ever-growing logistical hurdles necessitate continuous process adjustments. Therefore, delivery delays can sometimes occur.<\/p>\n<p>If you can't find the FC you're looking for on the page, please contact us via the contact form and we'll find a way to make it available for you. Furthermore, we will be offering pre-orders for new product releases one month in advance, guaranteeing you prompt delivery of your goods as soon as they are released in the EU.<\/p>\n<\/div>\n\n\n\n<\/div><\/div><\/div><div class=\"toggle default\" data-inner-wrap=\"true\"><h3 class=\"toggle-title\"><a href=\"#\" role=\"button\" class=\"nectar-inherit-h4 toggle-heading\"><svg class=\"nectar-toggle-icon\" width=\"100%\" height=\"100%\" viewbox=\"0 0 40 40\" preserveaspectratio=\"none\">\n\t\t<circle class=\"nectar-toggle-icon-circle\" cx=\"20\" cy=\"20\" r=\"18\" stroke=\"currentColor\" stroke-width=\"1\" fill=\"none\" \/>\n\t\t<circle class=\"nectar-toggle-icon-circle-hover\" cx=\"20\" cy=\"20\" r=\"18\" stroke=\"currentColor\" stroke-width=\"1\" fill=\"none\" \/>\n\t\t<path\n\t\t\tclass=\"plus-line plus-line-vertical\"\n\t\t\td=\"M20,15 L20,25\"\n\t\t\/>\n\t\t<path\n\t\t\tclass=\"plus-line plus-line-horizontal\"\n\t\t\td=\"M15,20 L25,20\"\n\t\t\/>\n\t\t<\/svg>What is the correct name for Kolzov products?<\/a><\/h3><div><div class=\"inner-toggle-wrap\">\n<div class=\"wpb_text_column wpb_content_element\" >\n\t<p>Because Sergei Kolzov names his products in his native language (Russian), there are different translations in German-speaking countries.<\/p>\n<p>Whether KFS, CFS, Kolzov plate, functional corrector or FC, it is one and the same product.<\/p>\n<p>You can read more about this soon in our blog section about the history of Kolzov products.<\/p>\n<\/div>\n\n\n\n<\/div><\/div><\/div><div class=\"toggle default\" data-inner-wrap=\"true\"><h3 class=\"toggle-title\"><a href=\"#\" role=\"button\" class=\"nectar-inherit-h4 toggle-heading\"><svg class=\"nectar-toggle-icon\" width=\"100%\" height=\"100%\" viewbox=\"0 0 40 40\" preserveaspectratio=\"none\">\n\t\t<circle class=\"nectar-toggle-icon-circle\" cx=\"20\" cy=\"20\" r=\"18\" stroke=\"currentColor\" stroke-width=\"1\" fill=\"none\" \/>\n\t\t<circle class=\"nectar-toggle-icon-circle-hover\" cx=\"20\" cy=\"20\" r=\"18\" stroke=\"currentColor\" stroke-width=\"1\" fill=\"none\" \/>\n\t\t<path\n\t\t\tclass=\"plus-line plus-line-vertical\"\n\t\t\td=\"M20,15 L20,25\"\n\t\t\/>\n\t\t<path\n\t\t\tclass=\"plus-line plus-line-horizontal\"\n\t\t\td=\"M15,20 L25,20\"\n\t\t\/>\n\t\t<\/svg>The delivery was cancelled on its way to me, what happened?<\/a><\/h3><div><div class=\"inner-toggle-wrap\">\n<div class=\"wpb_text_column wpb_content_element\" >\n\t<p>Since January 2023, the union representing postal workers has been striking intermittently in Germany. Although we usually ship orders within 24 hours of receiving payment, DHL occasionally marks them as canceled after pickup. Despite this, every delivery has arrived (albeit with a delay). We ask for your understanding, as this situation is beyond our control. Please inform us via the contact form if your delivery is marked as canceled!<\/p>\n<\/div>\n\n\n\n<\/div><\/div><\/div><\/div>\n\t\t\t<\/div> \n\t\t<\/div>\n\t<\/div> \n\n\t<div  class=\"vc_col-sm-6 wpb_column column_container vc_column_container col no-extra-padding inherit_tablet inherit_phone flex_gap_desktop_10px\"  data-padding-pos=\"all\" data-has-bg-color=\"false\" data-bg-color=\"\" data-bg-opacity=\"1\" data-animation=\"\" data-delay=\"0\" >\n\t\t<div class=\"vc_column-inner\" >\n\t\t\t<div class=\"wpb_wrapper\">\n\t\t\t\t<div class=\"nectar-badge nectar-inherit-body nectar-display-block padding-amount-small badge-style-default\"><div class=\"nectar-badge__inner nectar-bg-accent-color\">INFORMATION ABOUT US<\/div><\/div><div class=\"nectar-responsive-text nectar-link-underline-effect\"><h2>We will gladly answer all your questions.<\/h2>\n<\/div>\n<div class=\"wpb_text_column wpb_content_element\" >\n\t<div class='fluentform ff-default fluentform_wrapper_1 ffs_default_wrap'><form data-form_id=\"1\" id=\"fluentform_1\" class=\"frm-fluent-form fluent_form_1 ff-el-form-top ff_form_instance_1_1 ff-form-loading ffs_default\" data-form_instance=\"ff_form_instance_1_1\" method=\"POST\" action=\"\" ><fieldset  style=\"border: none!important;margin: 0!important;padding: 0!important;background-color: transparent!important;box-shadow: none!important;outline: none!important; min-inline-size: 100%;\">\n                    <legend class=\"ff_screen_reader_title\" style=\"display: block; margin: 0!important;padding: 0!important;height: 0!important;text-indent: -999999px;width: 0!important;overflow:hidden;\">Contact Form<\/legend><input type='hidden' name='__fluent_form_embded_post_id' value='2285' \/><input type=\"hidden\" id=\"_fluentform_1_fluentformnonce\" name=\"_fluentform_1_fluentformnonce\" value=\"c336fbe85c\" \/><input type=\"hidden\" name=\"_wp_http_referer\" value=\"\/en\/wp-json\/wp\/v2\/pages\/2285\" \/><div data-type=\"name-element\" data-name=\"names\" class=\"ff-field_container ff-name-field-wrapper\" ><div class='ff-t-container'><div class='ff-t-cell'><div class='ff-el-group'><div class=\"ff-el-input--label asterisk-right\"><label for='ff_1_names_first_name_' id='label_ff_1_names_first_name_' >First Name<\/label><\/div><div class='ff-el-input--content'><input type=\"text\" name=\"names[first_name]\" id=\"ff_1_names_first_name_\" class=\"ff-el-form-control\" placeholder=\"First Name\" aria-invalid=\"false\" aria-required=\"false\"><\/div><\/div><\/div><div class='ff-t-cell'><div class='ff-el-group'><div class=\"ff-el-input--label asterisk-right\"><label for='ff_1_names_last_name_' id='label_ff_1_names_last_name_' >Last Name<\/label><\/div><div class='ff-el-input--content'><input type=\"text\" name=\"names[last_name]\" id=\"ff_1_names_last_name_\" class=\"ff-el-form-control\" placeholder=\"Last Name\" aria-invalid=\"false\" aria-required=\"false\"><\/div><\/div><\/div><\/div><\/div><div class='ff-el-group'><div class=\"ff-el-input--label ff-el-is-required asterisk-right\"><label for='ff_1_email' id='label_ff_1_email' aria-label=\"Email\">Email<\/label><\/div><div class='ff-el-input--content'><input type=\"email\" name=\"email\" id=\"ff_1_email\" class=\"ff-el-form-control\" placeholder=\"Email Address\" data-name=\"email\"  aria-invalid=\"false\" aria-required=\"true\"><\/div><\/div><div class='ff-el-group'><div class=\"ff-el-input--label asterisk-right\"><label for='ff_1_subject' id='label_ff_1_subject' aria-label=\"Subject\">Subject<\/label><\/div><div class='ff-el-input--content'><input type=\"text\" name=\"subject\" class=\"ff-el-form-control\" placeholder=\"Subject\" data-name=\"subject\" id=\"ff_1_subject\"  aria-invalid=\"false\" aria-required=\"false\"><\/div><\/div><div class='ff-el-group'><div class=\"ff-el-input--label ff-el-is-required asterisk-right\"><label for='ff_1_message' id='label_ff_1_message' aria-label=\"Your Message\">Your Message<\/label><\/div><div class='ff-el-input--content'><textarea aria-required=\"true\" aria-labelledby=\"label_ff_1_message\" name=\"message\" id=\"ff_1_message\" class=\"ff-el-form-control\" placeholder=\"Your Message\" rows=\"4\" cols=\"2\" data-name=\"message\" ><\/textarea><\/div><\/div><div class='ff-el-group ff-text-left ff_submit_btn_wrapper'><button type=\"submit\" class=\"ff-btn ff-btn-submit ff-btn-md ff_btn_style\"  aria-label=\"Submit Form\">Submit Form<\/button><\/div>\t\t<div id=\"cf-turnstile-fluent-3592264801\"\r\n\t\tclass=\"cf-turnstile\" \t\tdata-sitekey=\"0x4AAAAAAClkHyq5E8PbkLQ_\"\r\n\t\tdata-theme=\"light\"\r\n\t\tdata-language=\"auto\"\r\n\t\tdata-size=\"normal\"\r\n\t\tdata-retry=\"auto\" data-retry-interval=\"1000\"\r\n\t\tdata-refresh-expired=\"auto\"\r\n\t\tdata-action=\"fluent-form-1\"\r\n\t\t\t\tdata-appearance=\"always\"><\/div>\r\n\t\t\t<script>document.addEventListener(\"DOMContentLoaded\", function() { setTimeout(function(){ var e=document.getElementById(\"cf-turnstile-fluent-3592264801\"); e&&!e.innerHTML.trim()&&(turnstile.remove(\"#cf-turnstile-fluent-3592264801\"), turnstile.render(\"#cf-turnstile-fluent-3592264801\", {sitekey:\"0x4AAAAAAClkHyq5E8PbkLQ_\"})); }, 100); });<\/script>\r\n\t\t\t<br class=\"cf-turnstile-br cf-turnstile-br-fluent-3592264801\">\r\n\t\t\t\t<style>#cf-turnstile-fluent-3592264801 { margin-left: -15px; }<\/style>\r\n\t\t<\/fieldset><input type=\"hidden\" name=\"trp-form-language\" value=\"en\"\/><\/form><div id='fluentform_1_errors' class='ff-errors-in-stack ff_form_instance_1_1 ff-form-loading_errors ff_form_instance_1_1_errors'><\/div><\/div>            <script type=\"text\/javascript\">\n                window.fluent_form_ff_form_instance_1_1 = {\"id\":\"1\",\"settings\":{\"layout\":{\"labelPlacement\":\"top\",\"helpMessagePlacement\":\"with_label\",\"errorMessagePlacement\":\"inline\",\"cssClassName\":\"\",\"asteriskPlacement\":\"asterisk-right\"},\"restrictions\":{\"denyEmptySubmission\":{\"enabled\":false}}},\"form_instance\":\"ff_form_instance_1_1\",\"form_id_selector\":\"fluentform_1\",\"rules\":{\"names[first_name]\":{\"required\":{\"value\":false,\"message\":\"This field is required\"}},\"names[middle_name]\":{\"required\":{\"value\":false,\"message\":\"This field is required\"}},\"names[last_name]\":{\"required\":{\"value\":false,\"message\":\"This field is required\"}},\"email\":{\"required\":{\"value\":true,\"message\":\"This field is required\"},\"email\":{\"value\":true,\"message\":\"This field must contain a valid email\"}},\"subject\":{\"required\":{\"value\":false,\"message\":\"This field is required\"}},\"message\":{\"required\":{\"value\":true,\"message\":\"This field is required\"}}},\"debounce_time\":300};\n                            <\/script>\n            \n<\/div>\n\n\n\n\n\t\t\t<\/div> \n\t\t<\/div>\n\t<\/div> \n<\/div><\/div>","protected":false},"excerpt":{"rendered":"Kontakt INFORMATION FRAGENH\u00e4ufig Gestellte Fragen Kann ich als Gesch\u00e4ftskunde Mengenrabatt bekommen? Ja das ist m\u00f6glich. Bitte schreiben Sie uns via Kontaktformular an! Wir setzen uns mit Ihnen in Verbindung und...","protected":false},"author":2,"featured_media":0,"parent":0,"menu_order":0,"comment_status":"closed","ping_status":"closed","template":"","meta":{"footnotes":""},"class_list":["post-2285","page","type-page","status-publish"],"_links":{"self":[{"href":"https:\/\/vigo-rio.com\/en\/wp-json\/wp\/v2\/pages\/2285","targetHints":{"allow":["GET"]}}],"collection":[{"href":"https:\/\/vigo-rio.com\/en\/wp-json\/wp\/v2\/pages"}],"about":[{"href":"https:\/\/vigo-rio.com\/en\/wp-json\/wp\/v2\/types\/page"}],"author":[{"embeddable":true,"href":"https:\/\/vigo-rio.com\/en\/wp-json\/wp\/v2\/users\/2"}],"replies":[{"embeddable":true,"href":"https:\/\/vigo-rio.com\/en\/wp-json\/wp\/v2\/comments?post=2285"}],"version-history":[{"count":5,"href":"https:\/\/vigo-rio.com\/en\/wp-json\/wp\/v2\/pages\/2285\/revisions"}],"predecessor-version":[{"id":2310,"href":"https:\/\/vigo-rio.com\/en\/wp-json\/wp\/v2\/pages\/2285\/revisions\/2310"}],"wp:attachment":[{"href":"https:\/\/vigo-rio.com\/en\/wp-json\/wp\/v2\/media?parent=2285"}],"curies":[{"name":"wp","href":"https:\/\/api.w.org\/{rel}","templated":true}]}}