{"id":2262,"date":"2026-01-20T13:42:00","date_gmt":"2026-01-20T13:42:00","guid":{"rendered":"https:\/\/vigo-rio.com\/?page_id=2262"},"modified":"2026-01-28T13:38:52","modified_gmt":"2026-01-28T13:38:52","slug":"widerrufsbelehrung","status":"publish","type":"page","link":"https:\/\/vigo-rio.com\/en\/widerrufsbelehrung\/","title":{"rendered":"Cancellation Policy"},"content":{"rendered":"<h2 class=\"wp-block-heading\">Widerrufsrecht<\/h2>\n\n\n\n<p>Sie haben das Recht, binnen <strong>vierzehn (14) Tagen<\/strong> ohne Angabe von Gr\u00fcnden diesen Vertrag zu widerrufen.<br>Die Widerrufsfrist betr\u00e4gt vierzehn Tage ab dem Tag,<\/p>\n\n\n\n<ul class=\"wp-block-list\">\n<li>an dem Sie oder ein von Ihnen benannter Dritter, der nicht der Bef\u00f6rderer ist, die Waren in Besitz genommen haben bzw. hat, oder<\/li>\n\n\n\n<li>im Falle einer einheitlichen Bestellung, die in mehreren Teilsendungen geliefert wird, ab dem Tag, an dem Sie oder ein von Ihnen benannter Dritter die letzte Teilsendung in Besitz genommen haben.<\/li>\n<\/ul>\n\n\n\n<p>Um Ihr Widerrufsrecht auszu\u00fcben, m\u00fcssen Sie uns<\/p>\n\n\n\n<p><strong>Kolzov-Centrum<\/strong><br>Owner: <strong>Gusal Walter<\/strong><br>Keltenstra\u00dfe 2a<br>36043 Fulda<br>Germany<br>E-Mail: (Ihre E-Mail-Adresse hier)<br>Telefon: (Ihre Telefonnummer hier)<\/p>\n\n\n\n<p>mittels einer eindeutigen Erkl\u00e4rung (z. B. ein mit der Post versandter Brief oder eine E-Mail) \u00fcber Ihren Entschluss, diesen Vertrag zu widerrufen, informieren.<br>Sie k\u00f6nnen daf\u00fcr das beigef\u00fcgte Muster-Widerrufsformular verwenden, das jedoch nicht vorgeschrieben ist.<\/p>\n\n\n\n<p>Zur Wahrung der Widerrufsfrist reicht es aus, dass Sie die Mitteilung \u00fcber die Aus\u00fcbung des Widerrufsrechts <strong>vor Ablauf der Widerrufsfrist<\/strong> absenden.<\/p>\n\n\n\n<h2 class=\"wp-block-heading\">Consequences of the revocation<\/h2>\n\n\n\n<p>Wenn Sie diesen Vertrag widerrufen, haben wir Ihnen <strong>alle Zahlungen<\/strong>, die wir von Ihnen erhalten haben, einschlie\u00dflich der Lieferkosten (mit Ausnahme der zus\u00e4tzlichen Kosten, die sich daraus ergeben, dass Sie eine andere Art der Lieferung als die von uns angebotene g\u00fcnstigste Standardlieferung gew\u00e4hlt haben), <strong>unverz\u00fcglich und sp\u00e4testens binnen vierzehn Tagen<\/strong> ab dem Tag zur\u00fcckzuzahlen, an dem die Mitteilung \u00fcber Ihren Widerruf dieses Vertrags bei uns eingegangen ist.<\/p>\n\n\n\n<p>F\u00fcr diese R\u00fcckzahlung verwenden wir dasselbe Zahlungsmittel, das Sie bei der urspr\u00fcnglichen Transaktion eingesetzt haben, es sei denn, mit Ihnen wurde ausdr\u00fccklich etwas anderes vereinbart; <strong>in keinem Fall werden Ihnen wegen dieser R\u00fcckzahlung Entgelte berechnet.<\/strong><\/p>\n\n\n\n<p>Wir k\u00f6nnen die R\u00fcckzahlung verweigern, bis wir die Waren wieder zur\u00fcckerhalten haben oder bis Sie den Nachweis erbracht haben, dass Sie die Waren zur\u00fcckgesandt haben \u2013 je nachdem, welches der fr\u00fchere Zeitpunkt ist.<\/p>\n\n\n\n<p>Sie haben die Waren <strong>unverz\u00fcglich und in jedem Fall sp\u00e4testens binnen vierzehn Tagen<\/strong> ab dem Tag, an dem Sie uns \u00fcber den Widerruf dieses Vertrags unterrichten, an uns zur\u00fcckzusenden oder zu \u00fcbergeben.<br>Die Frist ist gewahrt, wenn Sie die Waren vor Ablauf der Frist von vierzehn Tagen absenden.<\/p>\n\n\n\n<p><strong>Sie tragen die unmittelbaren Kosten der R\u00fccksendung der Waren.<\/strong><\/p>\n\n\n\n<p>Sie m\u00fcssen f\u00fcr einen etwaigen Wertverlust der Waren nur aufkommen, wenn dieser Wertverlust auf einen Umgang mit ihnen zur\u00fcckzuf\u00fchren ist, der zur Pr\u00fcfung der Beschaffenheit, Eigenschaften und Funktionsweise der Waren nicht notwendig war.<\/p>\n\n\n\n<h2 class=\"wp-block-heading\">Ausschluss bzw. Erl\u00f6schen des Widerrufsrechts<\/h2>\n\n\n\n<p>Das Widerrufsrecht besteht <strong>not<\/strong> bei Vertr\u00e4gen<\/p>\n\n\n\n<ul class=\"wp-block-list\">\n<li>zur Lieferung von Waren, die <strong>nicht vorgefertigt<\/strong> sind und f\u00fcr deren Herstellung eine <strong>individuelle Auswahl oder Bestimmung<\/strong> durch den Verbraucher ma\u00dfgeblich ist oder die eindeutig auf die pers\u00f6nlichen Bed\u00fcrfnisse des Verbrauchers zugeschnitten sind;<\/li>\n\n\n\n<li>zur Lieferung von Waren, die <strong>schnell verderben k\u00f6nnen<\/strong> oder deren Verfallsdatum schnell \u00fcberschritten w\u00fcrde;<\/li>\n\n\n\n<li>zur Lieferung <strong>versiegelter Waren<\/strong>, die aus Gr\u00fcnden des Gesundheitsschutzes oder der Hygiene <strong>nicht zur R\u00fcckgabe geeignet<\/strong> sind, wenn ihre Versiegelung nach der Lieferung entfernt wurde;<\/li>\n\n\n\n<li>zur Lieferung von <strong>Audio- oder Videoaufnahmen oder Computersoftware<\/strong> in einer versiegelten Packung, wenn die Versiegelung nach der Lieferung entfernt wurde;<\/li>\n\n\n\n<li>zur Lieferung von <strong>digitalen Inhalten<\/strong>, wenn die Ausf\u00fchrung mit Ihrer ausdr\u00fccklichen Zustimmung begonnen hat und Sie zugleich best\u00e4tigt haben, dass Sie Ihr Widerrufsrecht mit Beginn der Ausf\u00fchrung verlieren.<\/li>\n<\/ul>\n\n\n\n<h2 class=\"wp-block-heading\">Muster-Widerrufsformular<\/h2>\n\n\n\n<p>(Wenn Sie den Vertrag widerrufen wollen, f\u00fcllen Sie bitte dieses Formular aus und senden Sie es zur\u00fcck.)<\/p>\n\n\n\n<p><strong>An:<\/strong><br>Kolzov-Centrum<br>Inhaberin: G\u00fcsal Walter<br>Keltenstra\u00dfe 2a<br>36043 Fulda<br>E-Mail: (Ihre E-Mail-Adresse)<\/p>\n\n\n\n<hr class=\"wp-block-separator has-alpha-channel-opacity\"\/>\n\n\n\n<p><strong>Hiermit widerrufe(n) ich\/wir (<em>) den von mir\/uns (<\/em>) abgeschlossenen Vertrag \u00fcber den Kauf der folgenden Waren \/ die Erbringung der folgenden Dienstleistung:<\/strong><\/p>\n\n\n\n<hr class=\"wp-block-separator has-alpha-channel-opacity\"\/>\n\n\n\n<p><strong>Bestellt am:<\/strong> ___________________<br><strong>Erhalten am:<\/strong> ___________________<\/p>\n\n\n\n<p><strong>Name des\/der Verbraucher(s):<\/strong> ___________________<br><strong>Anschrift des\/der Verbraucher(s):<\/strong> ___________________<\/p>\n\n\n\n<p><strong>Unterschrift des\/der Verbraucher(s)<\/strong> (nur bei Mitteilung auf Papier)<\/p>\n\n\n\n<hr class=\"wp-block-separator has-alpha-channel-opacity\"\/>\n\n\n\n<p><strong>Datum:<\/strong> ___________________<\/p>\n\n\n\n<p>(*) Unzutreffendes streichen.<\/p>","protected":false},"excerpt":{"rendered":"<p>Widerrufsrecht Sie haben das Recht, binnen vierzehn (14) Tagen ohne Angabe von Gr\u00fcnden diesen Vertrag zu widerrufen.Die Widerrufsfrist betr\u00e4gt vierzehn Tage ab dem Tag, Um Ihr Widerrufsrecht auszu\u00fcben, m\u00fcssen Sie&#8230;<\/p>","protected":false},"author":2,"featured_media":0,"parent":0,"menu_order":0,"comment_status":"closed","ping_status":"closed","template":"","meta":{"footnotes":""},"class_list":["post-2262","page","type-page","status-publish"],"_links":{"self":[{"href":"https:\/\/vigo-rio.com\/en\/wp-json\/wp\/v2\/pages\/2262","targetHints":{"allow":["GET"]}}],"collection":[{"href":"https:\/\/vigo-rio.com\/en\/wp-json\/wp\/v2\/pages"}],"about":[{"href":"https:\/\/vigo-rio.com\/en\/wp-json\/wp\/v2\/types\/page"}],"author":[{"embeddable":true,"href":"https:\/\/vigo-rio.com\/en\/wp-json\/wp\/v2\/users\/2"}],"replies":[{"embeddable":true,"href":"https:\/\/vigo-rio.com\/en\/wp-json\/wp\/v2\/comments?post=2262"}],"version-history":[{"count":5,"href":"https:\/\/vigo-rio.com\/en\/wp-json\/wp\/v2\/pages\/2262\/revisions"}],"predecessor-version":[{"id":2614,"href":"https:\/\/vigo-rio.com\/en\/wp-json\/wp\/v2\/pages\/2262\/revisions\/2614"}],"wp:attachment":[{"href":"https:\/\/vigo-rio.com\/en\/wp-json\/wp\/v2\/media?parent=2262"}],"curies":[{"name":"wp","href":"https:\/\/api.w.org\/{rel}","templated":true}]}}